{"id":10632,"date":"2026-01-06T23:11:11","date_gmt":"2026-01-06T22:11:11","guid":{"rendered":"https:\/\/gambler.m2web.pl\/?post_type=product&#038;p=10632"},"modified":"2026-01-06T23:11:12","modified_gmt":"2026-01-06T22:11:12","slug":"evergreen-akrylowy-pojemnik-na-100-zetonow-do-pokera-5x20-8239","status":"publish","type":"product","link":"https:\/\/gambler.m2web.pl\/?product=evergreen-akrylowy-pojemnik-na-100-zetonow-do-pokera-5x20-8239","title":{"rendered":"EVERGREEN Akrylowy pojemnik na 100 \u017ceton\u00f3w do pokera (5&#215;20) 8239"},"content":{"rendered":"<div class=\"item item-6\">\n<section class=\"text-item\">\n<div class=\"item item-6\">\n<section class=\"text-item\">\n<h1>EVERGREEN Akrylowy pojemnik na 100 (5&#215;20) \u017ceton\u00f3w do pokera<\/h1>\n<p>Nr kat.: 1128239<br \/>\n<b>Pojemnik (podajnik) na 100 standardowych \u017ceton\u00f3w pokerowych (o \u015brednicy 40 mm i grubo\u015bci 3 mm).<\/b><br \/>\nWykonany z przezroczystego akrylu.<br \/>\n<b>Nie zawiera \u017ceton\u00f3w.<\/b><br \/>\nWymiary: 20,5 x 7,5 x 2,8 cm.<br \/>\nWaga: 85 g.<\/p>\n<p><strong>PRODUCENT<\/strong><br \/>\nNingbo Evergreen Enterprise Co.,Ltd.<br \/>\n<strong>ADRES<\/strong><br \/>\nChiny, #19 Jingang Road,Ningdong Industrial Zone,Liyang Town,Ninghai, Ningbo\u00a0315000<br \/>\n<strong>KONTAKT<\/strong><br \/>\nbettyhu@evergreenchina.com<\/p>\n<p><strong>OSOBA ODPOWIEDZIALNA <\/strong><br \/>\nFirma Handlowa PULIO Krzysztof Gebel<br \/>\n<strong>ADRES<\/strong><br \/>\nKolejowa 3, 55-040 Bielany Wroc\u0142awskie<br \/>\n<strong>KONTAKT<\/strong><br \/>\ntel. +48 71 352 07 80<br \/>\nbiuro@pulio.pl<\/p>\n<\/section>\n<\/div>\n<\/section>\n<\/div>\n","protected":false},"excerpt":{"rendered":"<p>EVERGREEN Akrylowy pojemnik na 100 (5&#215;20) \u017ceton\u00f3w do pokera Nr kat.: 1128239 Pojemnik (podajnik) na 100 standardowych \u017ceton\u00f3w pokerowych (o<\/p>\n","protected":false},"featured_media":10662,"comment_status":"closed","ping_status":"closed","template":"","meta":[],"product_brand":[],"product_cat":[127,128],"product_tag":[],"class_list":{"0":"post-10632","1":"product","2":"type-product","3":"status-publish","4":"has-post-thumbnail","6":"product_cat-akcesoria","7":"product_cat-pojemniki","9":"first","10":"outofstock","11":"shipping-taxable","12":"purchasable","13":"product-type-simple"},"_links":{"self":[{"href":"https:\/\/gambler.m2web.pl\/index.php?rest_route=\/wp\/v2\/product\/10632","targetHints":{"allow":["GET"]}}],"collection":[{"href":"https:\/\/gambler.m2web.pl\/index.php?rest_route=\/wp\/v2\/product"}],"about":[{"href":"https:\/\/gambler.m2web.pl\/index.php?rest_route=\/wp\/v2\/types\/product"}],"replies":[{"embeddable":true,"href":"https:\/\/gambler.m2web.pl\/index.php?rest_route=%2Fwp%2Fv2%2Fcomments&post=10632"}],"version-history":[{"count":1,"href":"https:\/\/gambler.m2web.pl\/index.php?rest_route=\/wp\/v2\/product\/10632\/revisions"}],"predecessor-version":[{"id":10663,"href":"https:\/\/gambler.m2web.pl\/index.php?rest_route=\/wp\/v2\/product\/10632\/revisions\/10663"}],"wp:featuredmedia":[{"embeddable":true,"href":"https:\/\/gambler.m2web.pl\/index.php?rest_route=\/wp\/v2\/media\/10662"}],"wp:attachment":[{"href":"https:\/\/gambler.m2web.pl\/index.php?rest_route=%2Fwp%2Fv2%2Fmedia&parent=10632"}],"wp:term":[{"taxonomy":"product_brand","embeddable":true,"href":"https:\/\/gambler.m2web.pl\/index.php?rest_route=%2Fwp%2Fv2%2Fproduct_brand&post=10632"},{"taxonomy":"product_cat","embeddable":true,"href":"https:\/\/gambler.m2web.pl\/index.php?rest_route=%2Fwp%2Fv2%2Fproduct_cat&post=10632"},{"taxonomy":"product_tag","embeddable":true,"href":"https:\/\/gambler.m2web.pl\/index.php?rest_route=%2Fwp%2Fv2%2Fproduct_tag&post=10632"}],"curies":[{"name":"wp","href":"https:\/\/api.w.org\/{rel}","templated":true}]}}