{"id":10635,"date":"2026-01-06T23:11:12","date_gmt":"2026-01-06T22:11:12","guid":{"rendered":"https:\/\/gambler.m2web.pl\/?post_type=product&#038;p=10635"},"modified":"2026-01-06T23:11:13","modified_gmt":"2026-01-06T22:11:13","slug":"evergreen-plastikowe-grabki-do-zetonow","status":"publish","type":"product","link":"https:\/\/gambler.m2web.pl\/?product=evergreen-plastikowe-grabki-do-zetonow","title":{"rendered":"EVERGREEN PLASTIKOWE GRABKI DO \u017bETON\u00d3W"},"content":{"rendered":"","protected":false},"excerpt":{"rendered":"<p><strong>EVERGREEN Grabki krupierskie (zgarniacz) do ruletki<\/strong><\/p>\n<p>Lekkie grabki krupierskie do zbierania \u017ceton\u00f3w.<\/p>\n<p>Wytrzyma\u0142e, \u0142atwe do transportu i przechowywania.<\/p>\n<p>Wykonane z czarnego tworzywa sztucznego.<\/p>\n<p>D\u0142ugo\u015b\u0107: 39 cm.<\/p>\n<p>Waga: 40 g.<\/p>\n<p><strong>PRODUCENT<\/strong><br \/>\nNingbo Evergreen Enterprise Co.,Ltd.<br \/>\n<strong>ADRES<\/strong><br \/>\nChiny, #19 Jingang Road,Ningdong Industrial Zone,Liyang Town,Ninghai, Ningbo\u00a0315000<br \/>\n<strong>KONTAKT<\/strong><br \/>\nbettyhu@evergreenchina.com<\/p>\n<p><strong>OSOBA ODPOWIEDZIALNA <\/strong><br \/>\nFirma Handlowa PULIO Krzysztof Gebel<br \/>\n<strong>ADRES<\/strong><br \/>\nKolejowa 3, 55-040 Bielany Wroc\u0142awskie<br \/>\n<strong>KONTAKT<\/strong><br \/>\ntel. +48 71 352 07 80<br \/>\nbiuro@pulio.pl<\/p>\n","protected":false},"featured_media":10673,"comment_status":"closed","ping_status":"closed","template":"","meta":[],"product_brand":[],"product_cat":[130],"product_tag":[],"class_list":{"0":"post-10635","1":"product","2":"type-product","3":"status-publish","4":"has-post-thumbnail","6":"product_cat-ruletka","8":"first","9":"instock","10":"shipping-taxable","11":"purchasable","12":"product-type-simple"},"_links":{"self":[{"href":"https:\/\/gambler.m2web.pl\/index.php?rest_route=\/wp\/v2\/product\/10635","targetHints":{"allow":["GET"]}}],"collection":[{"href":"https:\/\/gambler.m2web.pl\/index.php?rest_route=\/wp\/v2\/product"}],"about":[{"href":"https:\/\/gambler.m2web.pl\/index.php?rest_route=\/wp\/v2\/types\/product"}],"replies":[{"embeddable":true,"href":"https:\/\/gambler.m2web.pl\/index.php?rest_route=%2Fwp%2Fv2%2Fcomments&post=10635"}],"version-history":[{"count":1,"href":"https:\/\/gambler.m2web.pl\/index.php?rest_route=\/wp\/v2\/product\/10635\/revisions"}],"predecessor-version":[{"id":10674,"href":"https:\/\/gambler.m2web.pl\/index.php?rest_route=\/wp\/v2\/product\/10635\/revisions\/10674"}],"wp:featuredmedia":[{"embeddable":true,"href":"https:\/\/gambler.m2web.pl\/index.php?rest_route=\/wp\/v2\/media\/10673"}],"wp:attachment":[{"href":"https:\/\/gambler.m2web.pl\/index.php?rest_route=%2Fwp%2Fv2%2Fmedia&parent=10635"}],"wp:term":[{"taxonomy":"product_brand","embeddable":true,"href":"https:\/\/gambler.m2web.pl\/index.php?rest_route=%2Fwp%2Fv2%2Fproduct_brand&post=10635"},{"taxonomy":"product_cat","embeddable":true,"href":"https:\/\/gambler.m2web.pl\/index.php?rest_route=%2Fwp%2Fv2%2Fproduct_cat&post=10635"},{"taxonomy":"product_tag","embeddable":true,"href":"https:\/\/gambler.m2web.pl\/index.php?rest_route=%2Fwp%2Fv2%2Fproduct_tag&post=10635"}],"curies":[{"name":"wp","href":"https:\/\/api.w.org\/{rel}","templated":true}]}}