{"id":10639,"date":"2026-01-06T23:11:12","date_gmt":"2026-01-06T22:11:12","guid":{"rendered":"https:\/\/gambler.m2web.pl\/?post_type=product&#038;p=10639"},"modified":"2026-01-06T23:11:14","modified_gmt":"2026-01-06T22:11:14","slug":"animazing-karty-bird-888-100-plastic-kolor-niebieski","status":"publish","type":"product","link":"https:\/\/gambler.m2web.pl\/?product=animazing-karty-bird-888-100-plastic-kolor-niebieski","title":{"rendered":"AniMazing Karty BIRD 888 100% Plastic kolor niebieski"},"content":{"rendered":"","protected":false},"excerpt":{"rendered":"<p>Karty BIRD 888 100% Plastic kolor niebieski Wysokiej jako\u015bci karty do pokera wykonane w 100% plastiku. Wytrzymuj\u0105 znacznie d\u0142u\u017cej od standardowych kartonowych kart. Mog\u0105 \u015bmia\u0142o konkurowa\u0107 z dro\u017cszymi markowymi kartami. Powi\u0119kszone indeksy. Talia 52 kart + 2 Jokery.<\/p>\n","protected":false},"featured_media":10683,"comment_status":"open","ping_status":"closed","template":"","meta":[],"product_brand":[],"product_cat":[134,132],"product_tag":[],"class_list":{"0":"post-10639","1":"product","2":"type-product","3":"status-publish","4":"has-post-thumbnail","6":"product_cat-brydz","7":"product_cat-karty","9":"first","10":"outofstock","11":"shipping-taxable","12":"purchasable","13":"product-type-simple"},"_links":{"self":[{"href":"https:\/\/gambler.m2web.pl\/index.php?rest_route=\/wp\/v2\/product\/10639","targetHints":{"allow":["GET"]}}],"collection":[{"href":"https:\/\/gambler.m2web.pl\/index.php?rest_route=\/wp\/v2\/product"}],"about":[{"href":"https:\/\/gambler.m2web.pl\/index.php?rest_route=\/wp\/v2\/types\/product"}],"replies":[{"embeddable":true,"href":"https:\/\/gambler.m2web.pl\/index.php?rest_route=%2Fwp%2Fv2%2Fcomments&post=10639"}],"version-history":[{"count":1,"href":"https:\/\/gambler.m2web.pl\/index.php?rest_route=\/wp\/v2\/product\/10639\/revisions"}],"predecessor-version":[{"id":10684,"href":"https:\/\/gambler.m2web.pl\/index.php?rest_route=\/wp\/v2\/product\/10639\/revisions\/10684"}],"wp:featuredmedia":[{"embeddable":true,"href":"https:\/\/gambler.m2web.pl\/index.php?rest_route=\/wp\/v2\/media\/10683"}],"wp:attachment":[{"href":"https:\/\/gambler.m2web.pl\/index.php?rest_route=%2Fwp%2Fv2%2Fmedia&parent=10639"}],"wp:term":[{"taxonomy":"product_brand","embeddable":true,"href":"https:\/\/gambler.m2web.pl\/index.php?rest_route=%2Fwp%2Fv2%2Fproduct_brand&post=10639"},{"taxonomy":"product_cat","embeddable":true,"href":"https:\/\/gambler.m2web.pl\/index.php?rest_route=%2Fwp%2Fv2%2Fproduct_cat&post=10639"},{"taxonomy":"product_tag","embeddable":true,"href":"https:\/\/gambler.m2web.pl\/index.php?rest_route=%2Fwp%2Fv2%2Fproduct_tag&post=10639"}],"curies":[{"name":"wp","href":"https:\/\/api.w.org\/{rel}","templated":true}]}}