{"id":10642,"date":"2026-01-06T23:11:12","date_gmt":"2026-01-06T22:11:12","guid":{"rendered":"https:\/\/gambler.m2web.pl\/?post_type=product&#038;p=10642"},"modified":"2026-01-06T23:11:14","modified_gmt":"2026-01-06T22:11:14","slug":"karty-do-gry-warszawa-akwarele-talia-55l","status":"publish","type":"product","link":"https:\/\/gambler.m2web.pl\/?product=karty-do-gry-warszawa-akwarele-talia-55l","title":{"rendered":"Karty do gry Warszawa Akwarele talia 55l."},"content":{"rendered":"","protected":false},"excerpt":{"rendered":"<p><strong>Karty Akwarele Warszawa Bridge Size Standard Index<\/strong><\/p>\n<p>Stylowe karty\u00a0do bryd\u017ca marki Cartamundi.<\/p>\n<p><strong>Na awersach reprodukcje obraz\u00f3w z najpi\u0119kniejszymi zabytkami Warszawy.<\/strong><\/p>\n<p>Powleczone plastikiem.<\/p>\n<p><strong>Rewersy w kolorze czerwonym.<\/strong><\/p>\n<p>55 kart do gry.<\/p>\n<p>Standardowe indeksy.<\/p>\n<p>Wymiary kart: 57 x 89 mm.<\/p>\n<p><strong>Wyprodukowane w UE.<\/strong><\/p>\n<p><em>Cartamundi \u2013 belgijski producent kart do gry. Firma powsta\u0142a w Turnhout 1970.<\/em><\/p>\n<p><em>Poza siedzib\u0105 g\u0142\u00f3wn\u0105 i centrum produkcyjnym w Turnhout, w Belgii, Cartamundi posiada tak\u017ce fabryki w Niemczech, Stanach Zjednoczonych, Wielkiej Brytanii, Brazylii, Meksyku oraz w Polsce.<\/em><\/p>\n<p><em>Grupa Cartamundi jest najwi\u0119kszym licencjobiorc\u0105 w Europie w swojej kategorii produktowej i sta\u0142a si\u0119 globalnym partnerem lidera rynku licencji The Walt Disney Company oraz innych renomowanych licencjodawc\u00f3w takich jak Warner Bros, EON, Lucasfilm, National Geographic, Mattel czy UEFA.<\/em><\/p>\n","protected":false},"featured_media":10690,"comment_status":"open","ping_status":"closed","template":"","meta":[],"product_brand":[],"product_cat":[134,133,132],"product_tag":[],"class_list":{"0":"post-10642","1":"product","2":"type-product","3":"status-publish","4":"has-post-thumbnail","6":"product_cat-brydz","7":"product_cat-cartamundi","8":"product_cat-karty","10":"first","11":"outofstock","12":"shipping-taxable","13":"purchasable","14":"product-type-simple"},"_links":{"self":[{"href":"https:\/\/gambler.m2web.pl\/index.php?rest_route=\/wp\/v2\/product\/10642","targetHints":{"allow":["GET"]}}],"collection":[{"href":"https:\/\/gambler.m2web.pl\/index.php?rest_route=\/wp\/v2\/product"}],"about":[{"href":"https:\/\/gambler.m2web.pl\/index.php?rest_route=\/wp\/v2\/types\/product"}],"replies":[{"embeddable":true,"href":"https:\/\/gambler.m2web.pl\/index.php?rest_route=%2Fwp%2Fv2%2Fcomments&post=10642"}],"version-history":[{"count":1,"href":"https:\/\/gambler.m2web.pl\/index.php?rest_route=\/wp\/v2\/product\/10642\/revisions"}],"predecessor-version":[{"id":10691,"href":"https:\/\/gambler.m2web.pl\/index.php?rest_route=\/wp\/v2\/product\/10642\/revisions\/10691"}],"wp:featuredmedia":[{"embeddable":true,"href":"https:\/\/gambler.m2web.pl\/index.php?rest_route=\/wp\/v2\/media\/10690"}],"wp:attachment":[{"href":"https:\/\/gambler.m2web.pl\/index.php?rest_route=%2Fwp%2Fv2%2Fmedia&parent=10642"}],"wp:term":[{"taxonomy":"product_brand","embeddable":true,"href":"https:\/\/gambler.m2web.pl\/index.php?rest_route=%2Fwp%2Fv2%2Fproduct_brand&post=10642"},{"taxonomy":"product_cat","embeddable":true,"href":"https:\/\/gambler.m2web.pl\/index.php?rest_route=%2Fwp%2Fv2%2Fproduct_cat&post=10642"},{"taxonomy":"product_tag","embeddable":true,"href":"https:\/\/gambler.m2web.pl\/index.php?rest_route=%2Fwp%2Fv2%2Fproduct_tag&post=10642"}],"curies":[{"name":"wp","href":"https:\/\/api.w.org\/{rel}","templated":true}]}}