{"id":10656,"date":"2026-01-06T23:11:12","date_gmt":"2026-01-06T22:11:12","guid":{"rendered":"https:\/\/gambler.m2web.pl\/?post_type=product&#038;p=10656"},"modified":"2026-01-06T23:11:16","modified_gmt":"2026-01-06T22:11:16","slug":"mona-metalowa-skrzynka-kasetka-na-zetony","status":"publish","type":"product","link":"https:\/\/gambler.m2web.pl\/?product=mona-metalowa-skrzynka-kasetka-na-zetony","title":{"rendered":"MONA Metalowa skrzynka (kasetka) na \u017cetony"},"content":{"rendered":"<h1><strong>MONA Metalowa skrzynka (kasetka) na \u017cetony<\/strong><\/h1>\n<p>Nr kat.: 1153062<br \/>\n<strong>Wysokiej jako\u015bci metalowa kasetka z dwoma zamkami do przechowywania \u017ceton\u00f3w pokerowych, monet i banknot\u00f3w.<\/strong><br \/>\nMo\u017cliwo\u015b\u0107 zamontowania pod blatem sto\u0142u (5 otwor\u00f3w monta\u017cowych).<br \/>\n<strong>Jeden zamek zamyka dost\u0119p do \u015brodka, drugi s\u0142u\u017cy do zablokowania kasetki pod sto\u0142em i umo\u017cliwia szybkie jej wymontowanie.<\/strong><br \/>\nWyposa\u017cona w dwa komplety kluczy oraz uchwyt do przenoszenia.<br \/>\nMalowana proszkowo w kolorze czarnym.<br \/>\nDo u\u017cytku w kasynie, klubie lub w domu.<br \/>\nW cenie 15 z\u0142 dost\u0119pny jest tak\u017ce ozdobny metalowy slot do zamaskowania otworu nad kasetk\u0105 w blacie sto\u0142u.<br \/>\nWymiary: 22 x 12 x 11,5 cm.<br \/>\nWaga: 1420 g.<\/p>\n","protected":false},"excerpt":{"rendered":"<p>MONA Metalowa skrzynka (kasetka) na \u017cetony Nr kat.: 1153062 Wysokiej jako\u015bci metalowa kasetka z dwoma zamkami do przechowywania \u017ceton\u00f3w pokerowych,<\/p>\n","protected":false},"featured_media":10715,"comment_status":"closed","ping_status":"closed","template":"","meta":[],"product_brand":[],"product_cat":[127,128],"product_tag":[],"class_list":{"0":"post-10656","1":"product","2":"type-product","3":"status-publish","4":"has-post-thumbnail","6":"product_cat-akcesoria","7":"product_cat-pojemniki","9":"first","10":"outofstock","11":"shipping-taxable","12":"purchasable","13":"product-type-simple"},"_links":{"self":[{"href":"https:\/\/gambler.m2web.pl\/index.php?rest_route=\/wp\/v2\/product\/10656","targetHints":{"allow":["GET"]}}],"collection":[{"href":"https:\/\/gambler.m2web.pl\/index.php?rest_route=\/wp\/v2\/product"}],"about":[{"href":"https:\/\/gambler.m2web.pl\/index.php?rest_route=\/wp\/v2\/types\/product"}],"replies":[{"embeddable":true,"href":"https:\/\/gambler.m2web.pl\/index.php?rest_route=%2Fwp%2Fv2%2Fcomments&post=10656"}],"version-history":[{"count":1,"href":"https:\/\/gambler.m2web.pl\/index.php?rest_route=\/wp\/v2\/product\/10656\/revisions"}],"predecessor-version":[{"id":10716,"href":"https:\/\/gambler.m2web.pl\/index.php?rest_route=\/wp\/v2\/product\/10656\/revisions\/10716"}],"wp:featuredmedia":[{"embeddable":true,"href":"https:\/\/gambler.m2web.pl\/index.php?rest_route=\/wp\/v2\/media\/10715"}],"wp:attachment":[{"href":"https:\/\/gambler.m2web.pl\/index.php?rest_route=%2Fwp%2Fv2%2Fmedia&parent=10656"}],"wp:term":[{"taxonomy":"product_brand","embeddable":true,"href":"https:\/\/gambler.m2web.pl\/index.php?rest_route=%2Fwp%2Fv2%2Fproduct_brand&post=10656"},{"taxonomy":"product_cat","embeddable":true,"href":"https:\/\/gambler.m2web.pl\/index.php?rest_route=%2Fwp%2Fv2%2Fproduct_cat&post=10656"},{"taxonomy":"product_tag","embeddable":true,"href":"https:\/\/gambler.m2web.pl\/index.php?rest_route=%2Fwp%2Fv2%2Fproduct_tag&post=10656"}],"curies":[{"name":"wp","href":"https:\/\/api.w.org\/{rel}","templated":true}]}}