{"id":10660,"date":"2026-01-06T23:11:12","date_gmt":"2026-01-06T22:11:12","guid":{"rendered":"https:\/\/gambler.m2web.pl\/?post_type=product&#038;p=10660"},"modified":"2026-01-06T23:11:18","modified_gmt":"2026-01-06T22:11:18","slug":"goddess-karty-zlote-srebrne-w-drewnianym-pudelku","status":"publish","type":"product","link":"https:\/\/gambler.m2web.pl\/?product=goddess-karty-zlote-srebrne-w-drewnianym-pudelku","title":{"rendered":"GODDESS KARTY Z\u0141OTE\/SREBRNE W DREWNIANYM PUDE\u0141KU"},"content":{"rendered":"","protected":false},"excerpt":{"rendered":"<p><strong>Zestaw kart EURO w drewnianym pude\u0142ku 24 Carat GOLD\/SILVER<\/strong><\/p>\n<p><strong>Luksusowy zestaw kart w wy\u0142o\u017conym mi\u0119kkim suknem zamykanym pude\u0142ku.<\/strong><\/p>\n<p>Pude\u0142ko ze sklejki pokryte lakierem w kolorze fortepianowej czerni.<\/p>\n<p>Jedyne w swoim rodzaju, ol\u015bniewaj\u0105ce karty do gry.<\/p>\n<p>Awers i rewers w z\u0142otym lub srebrnym kolorze.<\/p>\n<p>Wyt\u0142aczana, lekko chropowata powierzchnia u\u0142atwiaj\u0105ca tasowanie i trzymanie ich w d\u0142oni.<\/p>\n<p>Na rewersie banknot o nominale 500 Euro.<\/p>\n<p>Karty zmywalne, odporne na wyginanie i bardzo wytrzyma\u0142e.<\/p>\n<p>Wykonane z tworzywa i pokryte z\u0142ot\u0105 lub srebrn\u0105 foli\u0105 (stop 24-karatowy \u2013\u00a099,9% czystego z\u0142ota lub stop srebra wysokiej pr\u00f3by).<\/p>\n<p>Do\u0142\u0105czony certyfikat potwierdzaj\u0105cy ich autentyczno\u015b\u0107 i materia\u0142 wykonania.<\/p>\n<p><strong>Standardowe indeksy.<\/strong><\/p>\n<p>Dwie talie po 52 karty + 2 jokery.<\/p>\n<p>Wymiary kart: 57 x 88 mm.<\/p>\n<p>Wymiary pude\u0142ka: 192 x 160 x 45 mm.<\/p>\n<p>Waga kart: 121 g.<\/p>\n<p>Waga z pude\u0142kiem:\u00a0688 g.<\/p>\n","protected":false},"featured_media":10723,"comment_status":"open","ping_status":"closed","template":"","meta":[],"product_brand":[],"product_cat":[138,132],"product_tag":[],"class_list":{"0":"post-10660","1":"product","2":"type-product","3":"status-publish","4":"has-post-thumbnail","6":"product_cat-inne","7":"product_cat-karty","9":"first","10":"outofstock","11":"shipping-taxable","12":"purchasable","13":"product-type-simple"},"_links":{"self":[{"href":"https:\/\/gambler.m2web.pl\/index.php?rest_route=\/wp\/v2\/product\/10660","targetHints":{"allow":["GET"]}}],"collection":[{"href":"https:\/\/gambler.m2web.pl\/index.php?rest_route=\/wp\/v2\/product"}],"about":[{"href":"https:\/\/gambler.m2web.pl\/index.php?rest_route=\/wp\/v2\/types\/product"}],"replies":[{"embeddable":true,"href":"https:\/\/gambler.m2web.pl\/index.php?rest_route=%2Fwp%2Fv2%2Fcomments&post=10660"}],"version-history":[{"count":1,"href":"https:\/\/gambler.m2web.pl\/index.php?rest_route=\/wp\/v2\/product\/10660\/revisions"}],"predecessor-version":[{"id":10724,"href":"https:\/\/gambler.m2web.pl\/index.php?rest_route=\/wp\/v2\/product\/10660\/revisions\/10724"}],"wp:featuredmedia":[{"embeddable":true,"href":"https:\/\/gambler.m2web.pl\/index.php?rest_route=\/wp\/v2\/media\/10723"}],"wp:attachment":[{"href":"https:\/\/gambler.m2web.pl\/index.php?rest_route=%2Fwp%2Fv2%2Fmedia&parent=10660"}],"wp:term":[{"taxonomy":"product_brand","embeddable":true,"href":"https:\/\/gambler.m2web.pl\/index.php?rest_route=%2Fwp%2Fv2%2Fproduct_brand&post=10660"},{"taxonomy":"product_cat","embeddable":true,"href":"https:\/\/gambler.m2web.pl\/index.php?rest_route=%2Fwp%2Fv2%2Fproduct_cat&post=10660"},{"taxonomy":"product_tag","embeddable":true,"href":"https:\/\/gambler.m2web.pl\/index.php?rest_route=%2Fwp%2Fv2%2Fproduct_tag&post=10660"}],"curies":[{"name":"wp","href":"https:\/\/api.w.org\/{rel}","templated":true}]}}