{"id":10732,"date":"2026-01-06T23:11:19","date_gmt":"2026-01-06T22:11:19","guid":{"rendered":"https:\/\/gambler.m2web.pl\/?post_type=product&#038;p=10732"},"modified":"2026-01-06T23:11:20","modified_gmt":"2026-01-06T22:11:20","slug":"zeton-button-little-blind-blau","status":"publish","type":"product","link":"https:\/\/gambler.m2web.pl\/?product=zeton-button-little-blind-blau","title":{"rendered":"\u017bETON BUTTON LITTLE BLIND BLAU"},"content":{"rendered":"","protected":false},"excerpt":{"rendered":"<p><strong>Little Blind Button<\/strong><\/p>\n<p>Little Blind Button w kolorze niebieskim wykonany z tworzywa sztucznego.<\/p>\n<p>Obustronne bia\u0142e wyt\u0142oczenia.<\/p>\n<p>Wymiary:<\/p>\n<p>\u015arednica: 50 mm.<\/p>\n<p>Grubo\u015b\u0107: 5 mm.<\/p>\n<p><strong>O\u015bwiadczam, \u017ce produkt wprowadzono do obrotu w Unii Europejskiej przed 13 grudnia 2024 r. i jest zgodny z \u00f3wczesnymi przepisami bezpiecze\u0144stwa<\/strong><\/p>\n","protected":false},"featured_media":10762,"comment_status":"closed","ping_status":"closed","template":"","meta":[],"product_brand":[],"product_cat":[127,144],"product_tag":[],"class_list":{"0":"post-10732","1":"product","2":"type-product","3":"status-publish","4":"has-post-thumbnail","6":"product_cat-akcesoria","7":"product_cat-buttons","9":"first","10":"instock","11":"shipping-taxable","12":"purchasable","13":"product-type-simple"},"_links":{"self":[{"href":"https:\/\/gambler.m2web.pl\/index.php?rest_route=\/wp\/v2\/product\/10732","targetHints":{"allow":["GET"]}}],"collection":[{"href":"https:\/\/gambler.m2web.pl\/index.php?rest_route=\/wp\/v2\/product"}],"about":[{"href":"https:\/\/gambler.m2web.pl\/index.php?rest_route=\/wp\/v2\/types\/product"}],"replies":[{"embeddable":true,"href":"https:\/\/gambler.m2web.pl\/index.php?rest_route=%2Fwp%2Fv2%2Fcomments&post=10732"}],"version-history":[{"count":1,"href":"https:\/\/gambler.m2web.pl\/index.php?rest_route=\/wp\/v2\/product\/10732\/revisions"}],"predecessor-version":[{"id":10763,"href":"https:\/\/gambler.m2web.pl\/index.php?rest_route=\/wp\/v2\/product\/10732\/revisions\/10763"}],"wp:featuredmedia":[{"embeddable":true,"href":"https:\/\/gambler.m2web.pl\/index.php?rest_route=\/wp\/v2\/media\/10762"}],"wp:attachment":[{"href":"https:\/\/gambler.m2web.pl\/index.php?rest_route=%2Fwp%2Fv2%2Fmedia&parent=10732"}],"wp:term":[{"taxonomy":"product_brand","embeddable":true,"href":"https:\/\/gambler.m2web.pl\/index.php?rest_route=%2Fwp%2Fv2%2Fproduct_brand&post=10732"},{"taxonomy":"product_cat","embeddable":true,"href":"https:\/\/gambler.m2web.pl\/index.php?rest_route=%2Fwp%2Fv2%2Fproduct_cat&post=10732"},{"taxonomy":"product_tag","embeddable":true,"href":"https:\/\/gambler.m2web.pl\/index.php?rest_route=%2Fwp%2Fv2%2Fproduct_tag&post=10732"}],"curies":[{"name":"wp","href":"https:\/\/api.w.org\/{rel}","templated":true}]}}