{"id":10734,"date":"2026-01-06T23:11:19","date_gmt":"2026-01-06T22:11:19","guid":{"rendered":"https:\/\/gambler.m2web.pl\/?post_type=product&#038;p=10734"},"modified":"2026-01-06T23:11:20","modified_gmt":"2026-01-06T22:11:20","slug":"zetony-button-setdealer-little-big-blind","status":"publish","type":"product","link":"https:\/\/gambler.m2web.pl\/?product=zetony-button-setdealer-little-big-blind","title":{"rendered":"\u017bETONY BUTTON SET:DEALER, LITTLE, BIG BLIND"},"content":{"rendered":"","protected":false},"excerpt":{"rendered":"<p><strong>Zestaw 6 \u017ceton\u00f3w &#8211; Poker Button Set<\/strong><\/p>\n<p>Zestaw 6 \u017ceton\u00f3w wykonanych z tworzywa sztucznego.<\/p>\n<p>Na wszystkich \u017cetonach obustronnie t\u0142oczone, wkl\u0119s\u0142e napisy.<\/p>\n<p>Zawarto\u015b\u0107 zestawu:<\/p>\n<p>&#8211; Dealer Button (\u015br. 5 cm, gr. 5 mm)<\/p>\n<p>&#8211; Little Blind Button (\u015br. 3 cm, gr. 3 mm)<\/p>\n<p>&#8211; Big Blind Button\u00a0(\u015br. 3 cm, gr. 3 mm)<\/p>\n<p>&#8211; Missed Blind Button\u00a0(\u015br. 3 cm, gr. 3 mm)<\/p>\n<p>&#8211; Reserved Button\u00a0(\u015br. 3 cm, gr. 3 mm)<\/p>\n<p>&#8211; Kill Button\u00a0(\u015br. 3 cm, gr. 3 mm)<\/p>\n<p><strong>O\u015bwiadczam, \u017ce produkt wprowadzono do obrotu w Unii Europejskiej przed 13 grudnia 2024 r. i jest zgodny z \u00f3wczesnymi przepisami bezpiecze\u0144stwa<\/strong><\/p>\n","protected":false},"featured_media":10766,"comment_status":"closed","ping_status":"closed","template":"","meta":[],"product_brand":[],"product_cat":[127,144],"product_tag":[],"class_list":{"0":"post-10734","1":"product","2":"type-product","3":"status-publish","4":"has-post-thumbnail","6":"product_cat-akcesoria","7":"product_cat-buttons","9":"first","10":"instock","11":"shipping-taxable","12":"purchasable","13":"product-type-simple"},"_links":{"self":[{"href":"https:\/\/gambler.m2web.pl\/index.php?rest_route=\/wp\/v2\/product\/10734","targetHints":{"allow":["GET"]}}],"collection":[{"href":"https:\/\/gambler.m2web.pl\/index.php?rest_route=\/wp\/v2\/product"}],"about":[{"href":"https:\/\/gambler.m2web.pl\/index.php?rest_route=\/wp\/v2\/types\/product"}],"replies":[{"embeddable":true,"href":"https:\/\/gambler.m2web.pl\/index.php?rest_route=%2Fwp%2Fv2%2Fcomments&post=10734"}],"version-history":[{"count":1,"href":"https:\/\/gambler.m2web.pl\/index.php?rest_route=\/wp\/v2\/product\/10734\/revisions"}],"predecessor-version":[{"id":10767,"href":"https:\/\/gambler.m2web.pl\/index.php?rest_route=\/wp\/v2\/product\/10734\/revisions\/10767"}],"wp:featuredmedia":[{"embeddable":true,"href":"https:\/\/gambler.m2web.pl\/index.php?rest_route=\/wp\/v2\/media\/10766"}],"wp:attachment":[{"href":"https:\/\/gambler.m2web.pl\/index.php?rest_route=%2Fwp%2Fv2%2Fmedia&parent=10734"}],"wp:term":[{"taxonomy":"product_brand","embeddable":true,"href":"https:\/\/gambler.m2web.pl\/index.php?rest_route=%2Fwp%2Fv2%2Fproduct_brand&post=10734"},{"taxonomy":"product_cat","embeddable":true,"href":"https:\/\/gambler.m2web.pl\/index.php?rest_route=%2Fwp%2Fv2%2Fproduct_cat&post=10734"},{"taxonomy":"product_tag","embeddable":true,"href":"https:\/\/gambler.m2web.pl\/index.php?rest_route=%2Fwp%2Fv2%2Fproduct_tag&post=10734"}],"curies":[{"name":"wp","href":"https:\/\/api.w.org\/{rel}","templated":true}]}}