{"id":10735,"date":"2026-01-06T23:11:19","date_gmt":"2026-01-06T22:11:19","guid":{"rendered":"https:\/\/gambler.m2web.pl\/?post_type=product&#038;p=10735"},"modified":"2026-01-06T23:11:20","modified_gmt":"2026-01-06T22:11:20","slug":"karty-no-988-poker-size-czer-nieb","status":"publish","type":"product","link":"https:\/\/gambler.m2web.pl\/?product=karty-no-988-poker-size-czer-nieb","title":{"rendered":"Karty No 988 Poker Size Czer\/Nieb"},"content":{"rendered":"<p><strong>Karty No. 988 Classics powlekane plastikiem kolor czerwony<\/strong><\/p>\n<p>Wysokiej jako\u015bci kartonowe karty do pokera pokryte warstw\u0105 plastiku.<\/p>\n<p>Mog\u0105 \u015bmia\u0142o konkurowa\u0107 z dro\u017cszymi markowymi kartami.<\/p>\n<p>Standardowe indeksy.<\/p>\n<p>Talia 52 kart + 2 Jokery.<\/p>\n<p>Wyprodukowane w Chinach.<\/p>\n<p><strong>O\u015bwiadczam, \u017ce produkt wprowadzono do obrotu w Unii Europejskiej przed 13 grudnia 2024 r. i jest zgodny z \u00f3wczesnymi przepisami bezpiecze\u0144stwa<\/strong><\/p>\n","protected":false},"excerpt":{"rendered":"<p>Karty No. 988 Classics powlekane plastikiem kolor czerwony Wysokiej jako\u015bci kartonowe karty do pokera pokryte warstw\u0105 plastiku. Mog\u0105 \u015bmia\u0142o konkurowa\u0107<\/p>\n","protected":false},"featured_media":10768,"comment_status":"closed","ping_status":"closed","template":"","meta":[],"product_brand":[],"product_cat":[127],"product_tag":[],"class_list":{"0":"post-10735","1":"product","2":"type-product","3":"status-publish","4":"has-post-thumbnail","6":"product_cat-akcesoria","8":"first","9":"instock","10":"shipping-taxable","11":"purchasable","12":"product-type-simple"},"_links":{"self":[{"href":"https:\/\/gambler.m2web.pl\/index.php?rest_route=\/wp\/v2\/product\/10735","targetHints":{"allow":["GET"]}}],"collection":[{"href":"https:\/\/gambler.m2web.pl\/index.php?rest_route=\/wp\/v2\/product"}],"about":[{"href":"https:\/\/gambler.m2web.pl\/index.php?rest_route=\/wp\/v2\/types\/product"}],"replies":[{"embeddable":true,"href":"https:\/\/gambler.m2web.pl\/index.php?rest_route=%2Fwp%2Fv2%2Fcomments&post=10735"}],"version-history":[{"count":1,"href":"https:\/\/gambler.m2web.pl\/index.php?rest_route=\/wp\/v2\/product\/10735\/revisions"}],"predecessor-version":[{"id":10769,"href":"https:\/\/gambler.m2web.pl\/index.php?rest_route=\/wp\/v2\/product\/10735\/revisions\/10769"}],"wp:featuredmedia":[{"embeddable":true,"href":"https:\/\/gambler.m2web.pl\/index.php?rest_route=\/wp\/v2\/media\/10768"}],"wp:attachment":[{"href":"https:\/\/gambler.m2web.pl\/index.php?rest_route=%2Fwp%2Fv2%2Fmedia&parent=10735"}],"wp:term":[{"taxonomy":"product_brand","embeddable":true,"href":"https:\/\/gambler.m2web.pl\/index.php?rest_route=%2Fwp%2Fv2%2Fproduct_brand&post=10735"},{"taxonomy":"product_cat","embeddable":true,"href":"https:\/\/gambler.m2web.pl\/index.php?rest_route=%2Fwp%2Fv2%2Fproduct_cat&post=10735"},{"taxonomy":"product_tag","embeddable":true,"href":"https:\/\/gambler.m2web.pl\/index.php?rest_route=%2Fwp%2Fv2%2Fproduct_tag&post=10735"}],"curies":[{"name":"wp","href":"https:\/\/api.w.org\/{rel}","templated":true}]}}