{"id":10736,"date":"2026-01-06T23:11:19","date_gmt":"2026-01-06T22:11:19","guid":{"rendered":"https:\/\/gambler.m2web.pl\/?post_type=product&#038;p=10736"},"modified":"2026-01-06T23:11:20","modified_gmt":"2026-01-06T22:11:20","slug":"karty-bicycle-big-rider-back-8082-nieb","status":"publish","type":"product","link":"https:\/\/gambler.m2web.pl\/?product=karty-bicycle-big-rider-back-8082-nieb","title":{"rendered":"KARTY BICYCLE BIG RIDER BACK 8082 NIEB"},"content":{"rendered":"<p><span style=\"font-size: small;\"><strong><span style=\"font-family: tahoma,arial,helvetica,sans-serif;\">Karty Big Bicycle wielko\u015b\u0107 XXL kolor niebieski<\/span><\/strong><\/span><\/p>\n<p><span style=\"font-family: tahoma,arial,helvetica,sans-serif; font-size: small;\">Ponadstandardowej wielko\u015bci karty dla magik\u00f3w, iluzjonist\u00f3w lub os\u00f3b niedowidz\u0105cych.<br \/>\n<\/span><\/p>\n<p><span style=\"font-family: tahoma,arial,helvetica,sans-serif; font-size: small;\">Doskona\u0142e do magicznych sztuczek lub prezentacji dla wi\u0119kszego audytorium zasad gry np. w pokera.<br \/>\n<\/span><\/p>\n<p><span style=\"font-family: tahoma,arial,helvetica,sans-serif; font-size: small;\">Na rewersie klasyczny motyw marki Bicycle &#8220;Rider Back&#8221;.<\/span><\/p>\n<p><span style=\"font-family: tahoma,arial,helvetica,sans-serif; font-size: small;\">Talia 52 kart + 2 Jokery.<\/span><\/p>\n<p><span style=\"font-family: tahoma,arial,helvetica,sans-serif; font-size: small;\">Wymiary kart: wysoko\u015b\u0107 17,7 cm, szeroko\u015b\u0107 11,5 cm.<\/span><\/p>\n<p><span style=\"font-size: small;\"><span style=\"font-family: tahoma,arial,helvetica,sans-serif;\">Wyprodukowane w Chinach na licencji U.S. Playing Card Company.<\/span><\/span><\/p>\n<p><strong>PRODUCENT<\/strong><br \/>\nThe United States Playing Card Company<\/p>\n<p><strong>Adres<\/strong><br \/>\n300 Gap Way, KY 41018\u00a0Erlanger, Stany Zjednoczone<\/p>\n<p><strong>Kontakt<\/strong><\/p>\n<blockquote class=\"wp-embedded-content\" data-secret=\"AEwU7nE0O2\"><p><a href=\"https:\/\/usplayingcard.com\/contact-us\/\">Contact Us<\/a><\/p><\/blockquote>\n<p>&nbsp;<\/p>\n<p><strong>OSOBA ODPOWIEDZIALNA<\/strong><br \/>\nQUINT Piotr Maliszewski<\/p>\n<p><strong>Adres<\/strong><br \/>\nIrysowa 16, 87-100\u00a0Toru\u0144, Polska<\/p>\n<p><strong>Kontakt<\/strong><br \/>\ninfo@poker-sklep.pl<\/p>\n","protected":false},"excerpt":{"rendered":"<p>Karty Big Bicycle wielko\u015b\u0107 XXL kolor niebieski Ponadstandardowej wielko\u015bci karty dla magik\u00f3w, iluzjonist\u00f3w lub os\u00f3b niedowidz\u0105cych. Doskona\u0142e do magicznych sztuczek<\/p>\n","protected":false},"featured_media":10771,"comment_status":"closed","ping_status":"closed","template":"","meta":[],"product_brand":[],"product_cat":[145,132],"product_tag":[],"class_list":{"0":"post-10736","1":"product","2":"type-product","3":"status-publish","4":"has-post-thumbnail","6":"product_cat-bicycle","7":"product_cat-karty","9":"first","10":"instock","11":"shipping-taxable","12":"purchasable","13":"product-type-simple"},"_links":{"self":[{"href":"https:\/\/gambler.m2web.pl\/index.php?rest_route=\/wp\/v2\/product\/10736","targetHints":{"allow":["GET"]}}],"collection":[{"href":"https:\/\/gambler.m2web.pl\/index.php?rest_route=\/wp\/v2\/product"}],"about":[{"href":"https:\/\/gambler.m2web.pl\/index.php?rest_route=\/wp\/v2\/types\/product"}],"replies":[{"embeddable":true,"href":"https:\/\/gambler.m2web.pl\/index.php?rest_route=%2Fwp%2Fv2%2Fcomments&post=10736"}],"version-history":[{"count":1,"href":"https:\/\/gambler.m2web.pl\/index.php?rest_route=\/wp\/v2\/product\/10736\/revisions"}],"predecessor-version":[{"id":10772,"href":"https:\/\/gambler.m2web.pl\/index.php?rest_route=\/wp\/v2\/product\/10736\/revisions\/10772"}],"wp:featuredmedia":[{"embeddable":true,"href":"https:\/\/gambler.m2web.pl\/index.php?rest_route=\/wp\/v2\/media\/10771"}],"wp:attachment":[{"href":"https:\/\/gambler.m2web.pl\/index.php?rest_route=%2Fwp%2Fv2%2Fmedia&parent=10736"}],"wp:term":[{"taxonomy":"product_brand","embeddable":true,"href":"https:\/\/gambler.m2web.pl\/index.php?rest_route=%2Fwp%2Fv2%2Fproduct_brand&post=10736"},{"taxonomy":"product_cat","embeddable":true,"href":"https:\/\/gambler.m2web.pl\/index.php?rest_route=%2Fwp%2Fv2%2Fproduct_cat&post=10736"},{"taxonomy":"product_tag","embeddable":true,"href":"https:\/\/gambler.m2web.pl\/index.php?rest_route=%2Fwp%2Fv2%2Fproduct_tag&post=10736"}],"curies":[{"name":"wp","href":"https:\/\/api.w.org\/{rel}","templated":true}]}}