{"id":10737,"date":"2026-01-06T23:11:19","date_gmt":"2026-01-06T22:11:19","guid":{"rendered":"https:\/\/gambler.m2web.pl\/?post_type=product&#038;p=10737"},"modified":"2026-01-06T23:11:20","modified_gmt":"2026-01-06T22:11:20","slug":"animazing-the-nuts-chips-115-gr-mix","status":"publish","type":"product","link":"https:\/\/gambler.m2web.pl\/?product=animazing-the-nuts-chips-115-gr-mix","title":{"rendered":"ANIMAZING THE NUTS CHIPS 11,5 GR MIX"},"content":{"rendered":"<h4><strong>\u017bETON THE NUTS POKER NOMINA\u0141 1, 11,5G<\/strong><\/h4>\n<p>\u017betony z serii The Nuts wykonane z wysokiej jako\u015bci materia\u0142u (Clay Composite) z metalow\u0105 wk\u0142adk\u0105.<br \/>\nMo\u017cna nimi uzupe\u0142ni\u0107 posiadany zestaw \u017ceton\u00f3w lub wprowadzi\u0107 now\u0105 warto\u015b\u0107.<br \/>\nSeria zawiera 11 nomina\u0142\u00f3w, dzi\u0119ki czemu nadaje si\u0119 zar\u00f3wno do turniej\u00f3w, jak i do klasycznej Cash Game.<\/p>\n<p>Dost\u0119pne nomina\u0142y: 1\/ 5\/ 10\/ 25\/ 50\/ 100\/ 500\/ 1.000\/ 5.000\/ 10.000\/ All In<\/p>\n<p>Wymiary:<br \/>\n\u015arednica 40 mm<br \/>\nGrubo\u015b\u0107\u00a0 3 mm<br \/>\nWaga 11,5 g<\/p>\n<p><strong>O\u015bwiadczam, \u017ce produkt wprowadzono do obrotu w Unii Europejskiej przed 13 grudnia 2024 r. i jest zgodny z \u00f3wczesnymi przepisami bezpiecze\u0144stwa<\/strong><\/p>\n","protected":false},"excerpt":{"rendered":"<p>\u017bETON THE NUTS POKER NOMINA\u0141 1, 11,5G \u017betony z serii The Nuts wykonane z wysokiej jako\u015bci materia\u0142u (Clay Composite) z<\/p>\n","protected":false},"featured_media":10774,"comment_status":"closed","ping_status":"closed","template":"","meta":[],"product_brand":[],"product_cat":[127],"product_tag":[],"class_list":{"0":"post-10737","1":"product","2":"type-product","3":"status-publish","4":"has-post-thumbnail","6":"product_cat-akcesoria","8":"first","9":"instock","10":"shipping-taxable","11":"purchasable","12":"product-type-simple"},"_links":{"self":[{"href":"https:\/\/gambler.m2web.pl\/index.php?rest_route=\/wp\/v2\/product\/10737","targetHints":{"allow":["GET"]}}],"collection":[{"href":"https:\/\/gambler.m2web.pl\/index.php?rest_route=\/wp\/v2\/product"}],"about":[{"href":"https:\/\/gambler.m2web.pl\/index.php?rest_route=\/wp\/v2\/types\/product"}],"replies":[{"embeddable":true,"href":"https:\/\/gambler.m2web.pl\/index.php?rest_route=%2Fwp%2Fv2%2Fcomments&post=10737"}],"version-history":[{"count":1,"href":"https:\/\/gambler.m2web.pl\/index.php?rest_route=\/wp\/v2\/product\/10737\/revisions"}],"predecessor-version":[{"id":10775,"href":"https:\/\/gambler.m2web.pl\/index.php?rest_route=\/wp\/v2\/product\/10737\/revisions\/10775"}],"wp:featuredmedia":[{"embeddable":true,"href":"https:\/\/gambler.m2web.pl\/index.php?rest_route=\/wp\/v2\/media\/10774"}],"wp:attachment":[{"href":"https:\/\/gambler.m2web.pl\/index.php?rest_route=%2Fwp%2Fv2%2Fmedia&parent=10737"}],"wp:term":[{"taxonomy":"product_brand","embeddable":true,"href":"https:\/\/gambler.m2web.pl\/index.php?rest_route=%2Fwp%2Fv2%2Fproduct_brand&post=10737"},{"taxonomy":"product_cat","embeddable":true,"href":"https:\/\/gambler.m2web.pl\/index.php?rest_route=%2Fwp%2Fv2%2Fproduct_cat&post=10737"},{"taxonomy":"product_tag","embeddable":true,"href":"https:\/\/gambler.m2web.pl\/index.php?rest_route=%2Fwp%2Fv2%2Fproduct_tag&post=10737"}],"curies":[{"name":"wp","href":"https:\/\/api.w.org\/{rel}","templated":true}]}}