{"id":10746,"date":"2026-01-06T23:11:19","date_gmt":"2026-01-06T22:11:19","guid":{"rendered":"https:\/\/gambler.m2web.pl\/?post_type=product&#038;p=10746"},"modified":"2026-01-06T23:11:21","modified_gmt":"2026-01-06T22:11:21","slug":"mona-pojemnik-discard-na-6-talii-czerwony","status":"publish","type":"product","link":"https:\/\/gambler.m2web.pl\/?product=mona-pojemnik-discard-na-6-talii-czerwony","title":{"rendered":"MONA POJEMNIK DISCARD NA 6 TALII CZERWONY"},"content":{"rendered":"","protected":false},"excerpt":{"rendered":"<p><strong>MONA Pojemnik (discard) akrylowy na 6 talii kart kolor czerwony<\/strong><\/p>\n<p><strong>Pojemnik na max. 6 talii kart wykonany z wysokiej jako\u015bci barwionego na czerwono akrylu.<\/strong><\/p>\n<p>Wykorzystywany do gry w pokera, Black Jacka itp.<\/p>\n<p><strong>Wzmocnione (pogrubione) dno z dwoma otworami umo\u017cliwiaj\u0105cymi monta\u017c pojemnika do sto\u0142u.<\/strong><\/p>\n<p>G\u0142adkie i zaokr\u0105glone kraw\u0119dzie.<\/p>\n<p><strong>O\u015bwiadczam, \u017ce produkt wprowadzono do obrotu w Unii Europejskiej przed 13 grudnia 2024 r. i jest zgodny z \u00f3wczesnymi przepisami bezpiecze\u0144stwa<\/strong><\/p>\n<p>Wymiary: 124 x 94 x 70 mm.<\/p>\n<p>Waga: 200 g.<\/p>\n","protected":false},"featured_media":10797,"comment_status":"closed","ping_status":"closed","template":"","meta":[],"product_brand":[],"product_cat":[127,128],"product_tag":[],"class_list":{"0":"post-10746","1":"product","2":"type-product","3":"status-publish","4":"has-post-thumbnail","6":"product_cat-akcesoria","7":"product_cat-pojemniki","9":"first","10":"instock","11":"shipping-taxable","12":"purchasable","13":"product-type-simple"},"_links":{"self":[{"href":"https:\/\/gambler.m2web.pl\/index.php?rest_route=\/wp\/v2\/product\/10746","targetHints":{"allow":["GET"]}}],"collection":[{"href":"https:\/\/gambler.m2web.pl\/index.php?rest_route=\/wp\/v2\/product"}],"about":[{"href":"https:\/\/gambler.m2web.pl\/index.php?rest_route=\/wp\/v2\/types\/product"}],"replies":[{"embeddable":true,"href":"https:\/\/gambler.m2web.pl\/index.php?rest_route=%2Fwp%2Fv2%2Fcomments&post=10746"}],"version-history":[{"count":1,"href":"https:\/\/gambler.m2web.pl\/index.php?rest_route=\/wp\/v2\/product\/10746\/revisions"}],"predecessor-version":[{"id":10798,"href":"https:\/\/gambler.m2web.pl\/index.php?rest_route=\/wp\/v2\/product\/10746\/revisions\/10798"}],"wp:featuredmedia":[{"embeddable":true,"href":"https:\/\/gambler.m2web.pl\/index.php?rest_route=\/wp\/v2\/media\/10797"}],"wp:attachment":[{"href":"https:\/\/gambler.m2web.pl\/index.php?rest_route=%2Fwp%2Fv2%2Fmedia&parent=10746"}],"wp:term":[{"taxonomy":"product_brand","embeddable":true,"href":"https:\/\/gambler.m2web.pl\/index.php?rest_route=%2Fwp%2Fv2%2Fproduct_brand&post=10746"},{"taxonomy":"product_cat","embeddable":true,"href":"https:\/\/gambler.m2web.pl\/index.php?rest_route=%2Fwp%2Fv2%2Fproduct_cat&post=10746"},{"taxonomy":"product_tag","embeddable":true,"href":"https:\/\/gambler.m2web.pl\/index.php?rest_route=%2Fwp%2Fv2%2Fproduct_tag&post=10746"}],"curies":[{"name":"wp","href":"https:\/\/api.w.org\/{rel}","templated":true}]}}