{"id":10747,"date":"2026-01-06T23:11:19","date_gmt":"2026-01-06T22:11:19","guid":{"rendered":"https:\/\/gambler.m2web.pl\/?post_type=product&#038;p=10747"},"modified":"2026-01-06T23:11:21","modified_gmt":"2026-01-06T22:11:21","slug":"mona-mata-do-ruletki-wersja-amerykanska-180-x-90-cm","status":"publish","type":"product","link":"https:\/\/gambler.m2web.pl\/?product=mona-mata-do-ruletki-wersja-amerykanska-180-x-90-cm","title":{"rendered":"MONA Mata do ruletki (wersja ameryka\u0144ska) 180 x 90 cm"},"content":{"rendered":"","protected":false},"excerpt":{"rendered":"<p><strong>MONA Mata do ruletki (wersja ameryka\u0144ska) 180 x 90 cm<\/strong><br \/>\n<strong>Wysokiej jako\u015bci mata do roz\u0142o\u017cenia na stole\/blacie do gry ruletk\u0119.<\/strong><br \/>\nWykonana z grubego i wytrzyma\u0142ego zielonego filcu.<br \/>\nNadrukowane pola do gry.<br \/>\n<strong>Wersja ameryka\u0144ska (dodatkowe pole z dwoma zerami).<\/strong><br \/>\nMi\u0119kka i g\u0142adka powierzchnia u\u0142atwia przesuwanie kart i ogranicza podskakiwanie \u017ceton\u00f3w.<br \/>\nWymiary:\u00a0180 x 90 cm.<br \/>\nWaga: 430 g.<\/p>\n","protected":false},"featured_media":10801,"comment_status":"open","ping_status":"closed","template":"","meta":[],"product_brand":[],"product_cat":[129,130],"product_tag":[],"class_list":{"0":"post-10747","1":"product","2":"type-product","3":"status-publish","4":"has-post-thumbnail","6":"product_cat-blaty-i-maty","7":"product_cat-ruletka","9":"first","10":"outofstock","11":"shipping-taxable","12":"purchasable","13":"product-type-simple"},"_links":{"self":[{"href":"https:\/\/gambler.m2web.pl\/index.php?rest_route=\/wp\/v2\/product\/10747","targetHints":{"allow":["GET"]}}],"collection":[{"href":"https:\/\/gambler.m2web.pl\/index.php?rest_route=\/wp\/v2\/product"}],"about":[{"href":"https:\/\/gambler.m2web.pl\/index.php?rest_route=\/wp\/v2\/types\/product"}],"replies":[{"embeddable":true,"href":"https:\/\/gambler.m2web.pl\/index.php?rest_route=%2Fwp%2Fv2%2Fcomments&post=10747"}],"version-history":[{"count":1,"href":"https:\/\/gambler.m2web.pl\/index.php?rest_route=\/wp\/v2\/product\/10747\/revisions"}],"predecessor-version":[{"id":10802,"href":"https:\/\/gambler.m2web.pl\/index.php?rest_route=\/wp\/v2\/product\/10747\/revisions\/10802"}],"wp:featuredmedia":[{"embeddable":true,"href":"https:\/\/gambler.m2web.pl\/index.php?rest_route=\/wp\/v2\/media\/10801"}],"wp:attachment":[{"href":"https:\/\/gambler.m2web.pl\/index.php?rest_route=%2Fwp%2Fv2%2Fmedia&parent=10747"}],"wp:term":[{"taxonomy":"product_brand","embeddable":true,"href":"https:\/\/gambler.m2web.pl\/index.php?rest_route=%2Fwp%2Fv2%2Fproduct_brand&post=10747"},{"taxonomy":"product_cat","embeddable":true,"href":"https:\/\/gambler.m2web.pl\/index.php?rest_route=%2Fwp%2Fv2%2Fproduct_cat&post=10747"},{"taxonomy":"product_tag","embeddable":true,"href":"https:\/\/gambler.m2web.pl\/index.php?rest_route=%2Fwp%2Fv2%2Fproduct_tag&post=10747"}],"curies":[{"name":"wp","href":"https:\/\/api.w.org\/{rel}","templated":true}]}}