{"id":10749,"date":"2026-01-06T23:11:19","date_gmt":"2026-01-06T22:11:19","guid":{"rendered":"https:\/\/gambler.m2web.pl\/?post_type=product&#038;p=10749"},"modified":"2026-01-06T23:11:22","modified_gmt":"2026-01-06T22:11:22","slug":"evergreen-taca-podajnik-na-500-zetonow-do-pokera","status":"publish","type":"product","link":"https:\/\/gambler.m2web.pl\/?product=evergreen-taca-podajnik-na-500-zetonow-do-pokera","title":{"rendered":"EVERGREEN Taca (podajnik) na 500 \u017ceton\u00f3w do pokera"},"content":{"rendered":"<h1><strong>EVERGREEN Taca (podajnik) na 500 \u017ceton\u00f3w do pokera<\/strong><\/h1>\n<p><strong>Wysokiej jako\u015bci czarna taca na 500 \u017ceton\u00f3w (10&#215;50).<\/strong><br \/>\nWykonana z wytrzyma\u0142ego tworzywa ABS.<br \/>\n<strong>Przeznaczona na \u017cetony o standardowych wymiarach (o \u015brednicy 40 mm i grubo\u015bci 3 mm).<\/strong><br \/>\nMo\u017cliwo\u015b\u0107 monta\u017cu w otworze wyci\u0119tym w stole (wymiary otworu 42,5 x 18,5 cm).<br \/>\nWymiary: 47 x 22,5 x 4,0 cm.<br \/>\nWaga: 357 g.<\/p>\n<p><strong>PRODUCENT<\/strong><br \/>\nNingbo Evergreen Enterprise Co.,Ltd.<br \/>\n<strong>ADRES<\/strong><br \/>\nChiny, #19 Jingang Road,Ningdong Industrial Zone,Liyang Town,Ninghai, Ningbo\u00a0315000<br \/>\n<strong>KONTAKT<\/strong><br \/>\nbettyhu@evergreenchina.com<\/p>\n<p><strong>OSOBA ODPOWIEDZIALNA <\/strong><br \/>\nFirma Handlowa PULIO Krzysztof Gebel<br \/>\n<strong>ADRES<\/strong><br \/>\nKolejowa 3, 55-040 Bielany Wroc\u0142awskie<br \/>\n<strong>KONTAKT<\/strong><br \/>\ntel. +48 71 352 07 80<br \/>\nbiuro@pulio.pl<\/p>\n","protected":false},"excerpt":{"rendered":"<p>EVERGREEN Taca (podajnik) na 500 \u017ceton\u00f3w do pokera Wysokiej jako\u015bci czarna taca na 500 \u017ceton\u00f3w (10&#215;50). Wykonana z wytrzyma\u0142ego tworzywa<\/p>\n","protected":false},"featured_media":10806,"comment_status":"closed","ping_status":"closed","template":"","meta":[],"product_brand":[],"product_cat":[127,128],"product_tag":[],"class_list":{"0":"post-10749","1":"product","2":"type-product","3":"status-publish","4":"has-post-thumbnail","6":"product_cat-akcesoria","7":"product_cat-pojemniki","9":"first","10":"outofstock","11":"shipping-taxable","12":"purchasable","13":"product-type-simple"},"_links":{"self":[{"href":"https:\/\/gambler.m2web.pl\/index.php?rest_route=\/wp\/v2\/product\/10749","targetHints":{"allow":["GET"]}}],"collection":[{"href":"https:\/\/gambler.m2web.pl\/index.php?rest_route=\/wp\/v2\/product"}],"about":[{"href":"https:\/\/gambler.m2web.pl\/index.php?rest_route=\/wp\/v2\/types\/product"}],"replies":[{"embeddable":true,"href":"https:\/\/gambler.m2web.pl\/index.php?rest_route=%2Fwp%2Fv2%2Fcomments&post=10749"}],"version-history":[{"count":1,"href":"https:\/\/gambler.m2web.pl\/index.php?rest_route=\/wp\/v2\/product\/10749\/revisions"}],"predecessor-version":[{"id":10807,"href":"https:\/\/gambler.m2web.pl\/index.php?rest_route=\/wp\/v2\/product\/10749\/revisions\/10807"}],"wp:featuredmedia":[{"embeddable":true,"href":"https:\/\/gambler.m2web.pl\/index.php?rest_route=\/wp\/v2\/media\/10806"}],"wp:attachment":[{"href":"https:\/\/gambler.m2web.pl\/index.php?rest_route=%2Fwp%2Fv2%2Fmedia&parent=10749"}],"wp:term":[{"taxonomy":"product_brand","embeddable":true,"href":"https:\/\/gambler.m2web.pl\/index.php?rest_route=%2Fwp%2Fv2%2Fproduct_brand&post=10749"},{"taxonomy":"product_cat","embeddable":true,"href":"https:\/\/gambler.m2web.pl\/index.php?rest_route=%2Fwp%2Fv2%2Fproduct_cat&post=10749"},{"taxonomy":"product_tag","embeddable":true,"href":"https:\/\/gambler.m2web.pl\/index.php?rest_route=%2Fwp%2Fv2%2Fproduct_tag&post=10749"}],"curies":[{"name":"wp","href":"https:\/\/api.w.org\/{rel}","templated":true}]}}