{"id":10752,"date":"2026-01-06T23:11:19","date_gmt":"2026-01-06T22:11:19","guid":{"rendered":"https:\/\/gambler.m2web.pl\/?post_type=product&#038;p=10752"},"modified":"2026-01-06T23:11:24","modified_gmt":"2026-01-06T22:11:24","slug":"modiano-karty-old-trophy-4-index-plastic-nieb","status":"publish","type":"product","link":"https:\/\/gambler.m2web.pl\/?product=modiano-karty-old-trophy-4-index-plastic-nieb","title":{"rendered":"MODIANO KARTY OLD TROPHY 4 INDEX PLASTIC NIEB"},"content":{"rendered":"","protected":false},"excerpt":{"rendered":"<p><strong>MODIANO Karty Old Trophy Poker 4 Standard Index 100% plastic kolor niebieski<\/strong><\/p>\n<p>Wysokiej jako\u015bci karty retro Golden Trophy z motywem motocykla.<\/p>\n<p><strong>Wykonane w 100% z plastiku, zmywalne, wytrzymuj\u0105 do 30x d\u0142u\u017cej od standardowych kartonowych kart.<\/strong><\/p>\n<p>Idealnie do gry w Pokera lub Black Jack&#8217;a.<\/p>\n<p><strong>Podw\u00f3jne standardowe indeksy.<\/strong><\/p>\n<p>Talia 52 karty + 2 Jokery.<\/p>\n<p><strong>Wyprodukowane we W\u0142oszech.<\/strong><\/p>\n<p><em>Modiano to powsta\u0142a w 1868 r. w\u0142oska marka kart do gry. Firma zosta\u0142a za\u0142o\u017cona w Trie\u015bcie przez Saula Davida Modiano, pochodz\u0105cego z Salonik kupca i pocz\u0105tkowo produkowa\u0142a bibu\u0142ki papierosowe. W 1884 r. zacz\u0119\u0142a wykorzystywa\u0107 w produkcji m.in. reprodukcji artystycznych druk litograficzny i wtedy te\u017c powsta\u0142y pierwsze karty do gry. W 1988 roku firma zosta\u0142a przej\u0119ta przez grup\u0119 Grafad, kt\u00f3ra pod mark\u0105 Modiano nadal produkuje znane i cenione na ca\u0142ym \u015bwiecie karty oraz akcesoria do gier.\u00a0Firma produkuje obecnie 10 milion\u00f3w talii kart rocznie, z czego 40% trafia do W\u0142och, a pozosta\u0142e 60% jest eksportowane g\u0142\u00f3wnie do USA, Hiszpanii, Niemiec, Holandii oraz Grecji. Karty marki Modiano s\u0105 znane od wielu lat tak\u017ce graczom w Polsce.<\/em><\/p>\n<p><strong>PRODUCENT<\/strong><br \/>\nModiano S.p.A. &#8211; Industrie Carte da Gioco ed Affini<br \/>\n<strong>ADRES<\/strong><br \/>\nVia Travnik, 21, 34018\u00a0S.Dorligo della Valle \u2013 Trieste, W\u0142ochy<br \/>\n<strong>KONTAKT<\/strong><br \/>\ninfo@modiano.com<br \/>\n040-3893323<\/p>\n<p><strong>OSOBA ODPOWIEDZIALNA<\/strong><br \/>\nModiano S.p.A. &#8211; Industrie Carte da Gioco ed Affini<br \/>\n<strong>ADRES<\/strong><br \/>\nVia Travnik, 21, 34018\u00a0S.Dorligo della Valle \u2013 Trieste, W\u0142ochy<br \/>\n<strong>KONTAKT<\/strong><br \/>\ninfo@modiano.com<br \/>\n040-3893323<\/p>\n","protected":false},"featured_media":10816,"comment_status":"closed","ping_status":"closed","template":"","meta":[],"product_brand":[],"product_cat":[132,149],"product_tag":[],"class_list":{"0":"post-10752","1":"product","2":"type-product","3":"status-publish","4":"has-post-thumbnail","6":"product_cat-karty","7":"product_cat-modiano","9":"first","10":"instock","11":"shipping-taxable","12":"purchasable","13":"product-type-simple"},"_links":{"self":[{"href":"https:\/\/gambler.m2web.pl\/index.php?rest_route=\/wp\/v2\/product\/10752","targetHints":{"allow":["GET"]}}],"collection":[{"href":"https:\/\/gambler.m2web.pl\/index.php?rest_route=\/wp\/v2\/product"}],"about":[{"href":"https:\/\/gambler.m2web.pl\/index.php?rest_route=\/wp\/v2\/types\/product"}],"replies":[{"embeddable":true,"href":"https:\/\/gambler.m2web.pl\/index.php?rest_route=%2Fwp%2Fv2%2Fcomments&post=10752"}],"version-history":[{"count":1,"href":"https:\/\/gambler.m2web.pl\/index.php?rest_route=\/wp\/v2\/product\/10752\/revisions"}],"predecessor-version":[{"id":10817,"href":"https:\/\/gambler.m2web.pl\/index.php?rest_route=\/wp\/v2\/product\/10752\/revisions\/10817"}],"wp:featuredmedia":[{"embeddable":true,"href":"https:\/\/gambler.m2web.pl\/index.php?rest_route=\/wp\/v2\/media\/10816"}],"wp:attachment":[{"href":"https:\/\/gambler.m2web.pl\/index.php?rest_route=%2Fwp%2Fv2%2Fmedia&parent=10752"}],"wp:term":[{"taxonomy":"product_brand","embeddable":true,"href":"https:\/\/gambler.m2web.pl\/index.php?rest_route=%2Fwp%2Fv2%2Fproduct_brand&post=10752"},{"taxonomy":"product_cat","embeddable":true,"href":"https:\/\/gambler.m2web.pl\/index.php?rest_route=%2Fwp%2Fv2%2Fproduct_cat&post=10752"},{"taxonomy":"product_tag","embeddable":true,"href":"https:\/\/gambler.m2web.pl\/index.php?rest_route=%2Fwp%2Fv2%2Fproduct_tag&post=10752"}],"curies":[{"name":"wp","href":"https:\/\/api.w.org\/{rel}","templated":true}]}}