{"id":10758,"date":"2026-01-06T23:11:19","date_gmt":"2026-01-06T22:11:19","guid":{"rendered":"https:\/\/gambler.m2web.pl\/?post_type=product&#038;p=10758"},"modified":"2026-01-06T23:11:25","modified_gmt":"2026-01-06T22:11:25","slug":"cartamundi-karty-do-makao","status":"publish","type":"product","link":"https:\/\/gambler.m2web.pl\/?product=cartamundi-karty-do-makao","title":{"rendered":"CARTAMUNDI KARTY DO MAKAO"},"content":{"rendered":"","protected":false},"excerpt":{"rendered":"<p><strong>Karty do gry Makao<\/strong><\/p>\n<p>Nr kat.: 10005179<\/p>\n<p><strong>Kart do gry Makao marki Cartamundi.<\/strong><\/p>\n<p>Jedna z\u00a0najpopularniejszych gier karcianych na\u00a0\u015bwiecie!<\/p>\n<p>Makao to gra karciana w kt\u00f3rej mo\u017ce uczestniczy\u0107 praktycznie dowolna liczba uczestnik\u00f3w.<\/p>\n<p>Stosownie do tej liczby nale\u017cy rozgrywa\u0107 gr\u0119 odpowiedni\u0105 liczb\u0105 talii (dla 2\u20134 graczy zwykle wystarcza jedna talia).<\/p>\n<p>Nazwa pochodzi od portugalskiej kolonii w Chinach, Makau, a jej zasady s\u0105 podobne do gry UNO.<\/p>\n<p>W zestawie 55 kartonowych kart powleczonych plastikiem.<\/p>\n<p>Wymiary kart: 56 x 87 mm.<\/p>\n<p>Wiek: 4+.<\/p>\n<p><strong>Wyprodukowane w UE.<\/strong><\/p>\n<p><em>Cartamundi \u2013 belgijski producent kart do gry. Firma powsta\u0142a w Turnhout 1970 r.\u00a0Poza siedzib\u0105 g\u0142\u00f3wn\u0105 i centrum produkcyjnym w Turnhout, w Belgii, Cartamundi posiada tak\u017ce fabryki w Niemczech, Stanach Zjednoczonych, Wielkiej Brytanii, Brazylii, Meksyku oraz w Polsce. Grupa Cartamundi jest najwi\u0119kszym licencjobiorc\u0105 w Europie w swojej kategorii produktowej i sta\u0142a si\u0119 globalnym partnerem lidera rynku licencji The Walt Disney Company oraz innych renomowanych licencjodawc\u00f3w takich jak Warner Bros, EON, Lucasfilm, National Geographic, Mattel czy UEFA.<\/em><\/p>\n<p><strong>PRODUCENT<\/strong><br \/>\nCartamundi Polska Sp. z o.o.<br \/>\n<strong>ADRES<\/strong><br \/>\nP\u00d3\u0141\u0141ANKI 18, 30-740\u00a0Krak\u00f3w, Polska<br \/>\n<strong>KONTAKT<\/strong><br \/>\njoanna.siudek@cartamundi.com<\/p>\n<p><strong>OSOBA ODPOWIEDZIALNA<\/strong><br \/>\nCartamundi Polska Sp. z o.o.<br \/>\n<strong>ADRES<\/strong><br \/>\nP\u00d3\u0141\u0141ANKI 18, 30-740\u00a0Krak\u00f3w, Polska<br \/>\n<strong>KONTAKT<\/strong><br \/>\njoanna.siudek@cartamundi.com<\/p>\n","protected":false},"featured_media":10834,"comment_status":"closed","ping_status":"closed","template":"","meta":[],"product_brand":[],"product_cat":[134,133,132],"product_tag":[],"class_list":{"0":"post-10758","1":"product","2":"type-product","3":"status-publish","4":"has-post-thumbnail","6":"product_cat-brydz","7":"product_cat-cartamundi","8":"product_cat-karty","10":"first","11":"instock","12":"shipping-taxable","13":"purchasable","14":"product-type-simple"},"_links":{"self":[{"href":"https:\/\/gambler.m2web.pl\/index.php?rest_route=\/wp\/v2\/product\/10758","targetHints":{"allow":["GET"]}}],"collection":[{"href":"https:\/\/gambler.m2web.pl\/index.php?rest_route=\/wp\/v2\/product"}],"about":[{"href":"https:\/\/gambler.m2web.pl\/index.php?rest_route=\/wp\/v2\/types\/product"}],"replies":[{"embeddable":true,"href":"https:\/\/gambler.m2web.pl\/index.php?rest_route=%2Fwp%2Fv2%2Fcomments&post=10758"}],"version-history":[{"count":1,"href":"https:\/\/gambler.m2web.pl\/index.php?rest_route=\/wp\/v2\/product\/10758\/revisions"}],"predecessor-version":[{"id":10835,"href":"https:\/\/gambler.m2web.pl\/index.php?rest_route=\/wp\/v2\/product\/10758\/revisions\/10835"}],"wp:featuredmedia":[{"embeddable":true,"href":"https:\/\/gambler.m2web.pl\/index.php?rest_route=\/wp\/v2\/media\/10834"}],"wp:attachment":[{"href":"https:\/\/gambler.m2web.pl\/index.php?rest_route=%2Fwp%2Fv2%2Fmedia&parent=10758"}],"wp:term":[{"taxonomy":"product_brand","embeddable":true,"href":"https:\/\/gambler.m2web.pl\/index.php?rest_route=%2Fwp%2Fv2%2Fproduct_brand&post=10758"},{"taxonomy":"product_cat","embeddable":true,"href":"https:\/\/gambler.m2web.pl\/index.php?rest_route=%2Fwp%2Fv2%2Fproduct_cat&post=10758"},{"taxonomy":"product_tag","embeddable":true,"href":"https:\/\/gambler.m2web.pl\/index.php?rest_route=%2Fwp%2Fv2%2Fproduct_tag&post=10758"}],"curies":[{"name":"wp","href":"https:\/\/api.w.org\/{rel}","templated":true}]}}