{"id":10858,"date":"2026-01-06T23:11:30","date_gmt":"2026-01-06T22:11:30","guid":{"rendered":"https:\/\/gambler.m2web.pl\/?post_type=product&#038;p=10858"},"modified":"2026-01-06T23:11:32","modified_gmt":"2026-01-06T22:11:32","slug":"cartamundi-karty-polska-sztuka-ludowa-x2","status":"publish","type":"product","link":"https:\/\/gambler.m2web.pl\/?product=cartamundi-karty-polska-sztuka-ludowa-x2","title":{"rendered":"CARTAMUNDI KARTY POLSKA SZTUKA LUDOWA X2"},"content":{"rendered":"","protected":false},"excerpt":{"rendered":"<p><strong>CARTAMUNDI Karty Polska Sztuka Ludowa Bridge Size Standard Index 2 Talie<\/strong><\/p>\n<p>Nr kat.: 1289000489<\/p>\n<p>Stylowe karty\u00a0do gry w rozmiarze bryd\u017cowym marki Cartamundi.<\/p>\n<p>Wyr\u00f3\u017cniaj\u0105 si\u0119 oryginalnym i niepowtarzalnym wzornictwem opartym na tradycyjnej polskiej tw\u00f3rczo\u015bci ludowej z okolic \u0141owicza (opracowane przez wydawnictwo &#8220;Czw\u00f3rka&#8221; na bazie prac artystki ludowej Miros\u0142awy Stefaniak).<\/p>\n<p>Wspania\u0142a pami\u0105tka z Polski lub upominek dla mi\u0142o\u015bnika gier karcianych i kolekcjonera.<\/p>\n<p>Dwie lakierowane talie po 55 karty (czerwone i czarne rewersy).<\/p>\n<p><strong>Standardowe indeksy.<\/strong><\/p>\n<p>Wymiary kart: 57 x 89 mm.<\/p>\n<p><strong>Wyprodukowane w Polsce.<\/strong><\/p>\n<p><em>Cartamundi \u2013 belgijski producent kart do gry. Firma powsta\u0142a w Turnhout 1970.<\/em><\/p>\n<p><em>Poza siedzib\u0105 g\u0142\u00f3wn\u0105 i centrum produkcyjnym w Turnhout, w Belgii, Cartamundi posiada tak\u017ce fabryki w Niemczech, Stanach Zjednoczonych, Wielkiej Brytanii, Brazylii, Meksyku oraz w Polsce.<\/em><\/p>\n<p><em>Grupa Cartamundi jest najwi\u0119kszym licencjobiorc\u0105 w Europie w swojej kategorii produktowej i sta\u0142a si\u0119 globalnym partnerem lidera rynku licencji The Walt Disney Company oraz innych renomowanych licencjodawc\u00f3w takich jak Warner Bros, EON, Lucasfilm, National Geographic, Mattel czy UEFA.<\/em><\/p>\n<p><strong>PRODUCENT<\/strong><br \/>\nCartamundi Polska Sp. z o.o.<br \/>\n<strong>ADRES<\/strong><br \/>\nP\u00d3\u0141\u0141ANKI 18, 30-740\u00a0Krak\u00f3w, Polska<br \/>\n<strong>KONTAKT<\/strong><br \/>\njoanna.siudek@cartamundi.com<\/p>\n<p><strong>OSOBA ODPOWIEDZIALNA<\/strong><br \/>\nCartamundi Polska Sp. z o.o.<br \/>\n<strong>ADRES<\/strong><br \/>\nP\u00d3\u0141\u0141ANKI 18, 30-740\u00a0Krak\u00f3w, Polska<br \/>\n<strong>KONTAKT<\/strong><br \/>\njoanna.siudek@cartamundi.com<\/p>\n","protected":false},"featured_media":10890,"comment_status":"closed","ping_status":"closed","template":"","meta":[],"product_brand":[],"product_cat":[134,133,132],"product_tag":[],"class_list":{"0":"post-10858","1":"product","2":"type-product","3":"status-publish","4":"has-post-thumbnail","6":"product_cat-brydz","7":"product_cat-cartamundi","8":"product_cat-karty","10":"first","11":"instock","12":"shipping-taxable","13":"purchasable","14":"product-type-simple"},"_links":{"self":[{"href":"https:\/\/gambler.m2web.pl\/index.php?rest_route=\/wp\/v2\/product\/10858","targetHints":{"allow":["GET"]}}],"collection":[{"href":"https:\/\/gambler.m2web.pl\/index.php?rest_route=\/wp\/v2\/product"}],"about":[{"href":"https:\/\/gambler.m2web.pl\/index.php?rest_route=\/wp\/v2\/types\/product"}],"replies":[{"embeddable":true,"href":"https:\/\/gambler.m2web.pl\/index.php?rest_route=%2Fwp%2Fv2%2Fcomments&post=10858"}],"version-history":[{"count":1,"href":"https:\/\/gambler.m2web.pl\/index.php?rest_route=\/wp\/v2\/product\/10858\/revisions"}],"predecessor-version":[{"id":10891,"href":"https:\/\/gambler.m2web.pl\/index.php?rest_route=\/wp\/v2\/product\/10858\/revisions\/10891"}],"wp:featuredmedia":[{"embeddable":true,"href":"https:\/\/gambler.m2web.pl\/index.php?rest_route=\/wp\/v2\/media\/10890"}],"wp:attachment":[{"href":"https:\/\/gambler.m2web.pl\/index.php?rest_route=%2Fwp%2Fv2%2Fmedia&parent=10858"}],"wp:term":[{"taxonomy":"product_brand","embeddable":true,"href":"https:\/\/gambler.m2web.pl\/index.php?rest_route=%2Fwp%2Fv2%2Fproduct_brand&post=10858"},{"taxonomy":"product_cat","embeddable":true,"href":"https:\/\/gambler.m2web.pl\/index.php?rest_route=%2Fwp%2Fv2%2Fproduct_cat&post=10858"},{"taxonomy":"product_tag","embeddable":true,"href":"https:\/\/gambler.m2web.pl\/index.php?rest_route=%2Fwp%2Fv2%2Fproduct_tag&post=10858"}],"curies":[{"name":"wp","href":"https:\/\/api.w.org\/{rel}","templated":true}]}}