{"id":10859,"date":"2026-01-06T23:11:30","date_gmt":"2026-01-06T22:11:30","guid":{"rendered":"https:\/\/gambler.m2web.pl\/?post_type=product&#038;p=10859"},"modified":"2026-01-06T23:11:32","modified_gmt":"2026-01-06T22:11:32","slug":"cartamundi-rosaline-karty-pasjansowe-1x55","status":"publish","type":"product","link":"https:\/\/gambler.m2web.pl\/?product=cartamundi-rosaline-karty-pasjansowe-1x55","title":{"rendered":"CARTAMUNDI ROSALINE KARTY PASJANSOWE 1X55"},"content":{"rendered":"","protected":false},"excerpt":{"rendered":"<p><strong>Karty pasjansowe Rosaline MINI Standard Index kolor niebieski<\/strong><\/p>\n<p>Miniaturowe karty do gry w pasjansa marki Cartamundi.<\/p>\n<p>55 kartonowych kart o klasycznym wygl\u0105dzie i motywem r\u00f3\u017cy na rewersie.<\/p>\n<p>Powleczone plastikiem.<\/p>\n<p><strong>Standardowe indeksy.<\/strong><\/p>\n<p>Wymiary kart: ok. 45 x 70 mm.<\/p>\n<p><strong>Wyprodukowane w UE.<\/strong><\/p>\n<p><em>Cartamundi \u2013 belgijski producent kart do gry. Firma powsta\u0142a w Turnhout 1970.<\/em><\/p>\n<p><em>Poza siedzib\u0105 g\u0142\u00f3wn\u0105 i centrum produkcyjnym w Turnhout, w Belgii, Cartamundi posiada tak\u017ce fabryki w Niemczech, Stanach Zjednoczonych, Wielkiej Brytanii, Brazylii, Meksyku oraz w Polsce.<\/em><\/p>\n<p><em>Grupa Cartamundi jest najwi\u0119kszym licencjobiorc\u0105 w Europie w swojej kategorii produktowej i sta\u0142a si\u0119 globalnym partnerem lidera rynku licencji The Walt Disney Company oraz innych renomowanych licencjodawc\u00f3w takich jak Warner Bros, EON, Lucasfilm, National Geographic, Mattel czy UEFA.<\/em><\/p>\n","protected":false},"featured_media":10896,"comment_status":"open","ping_status":"closed","template":"","meta":[],"product_brand":[],"product_cat":[133,132],"product_tag":[],"class_list":{"0":"post-10859","1":"product","2":"type-product","3":"status-publish","4":"has-post-thumbnail","6":"product_cat-cartamundi","7":"product_cat-karty","9":"first","10":"outofstock","11":"shipping-taxable","12":"purchasable","13":"product-type-simple"},"_links":{"self":[{"href":"https:\/\/gambler.m2web.pl\/index.php?rest_route=\/wp\/v2\/product\/10859","targetHints":{"allow":["GET"]}}],"collection":[{"href":"https:\/\/gambler.m2web.pl\/index.php?rest_route=\/wp\/v2\/product"}],"about":[{"href":"https:\/\/gambler.m2web.pl\/index.php?rest_route=\/wp\/v2\/types\/product"}],"replies":[{"embeddable":true,"href":"https:\/\/gambler.m2web.pl\/index.php?rest_route=%2Fwp%2Fv2%2Fcomments&post=10859"}],"version-history":[{"count":1,"href":"https:\/\/gambler.m2web.pl\/index.php?rest_route=\/wp\/v2\/product\/10859\/revisions"}],"predecessor-version":[{"id":10897,"href":"https:\/\/gambler.m2web.pl\/index.php?rest_route=\/wp\/v2\/product\/10859\/revisions\/10897"}],"wp:featuredmedia":[{"embeddable":true,"href":"https:\/\/gambler.m2web.pl\/index.php?rest_route=\/wp\/v2\/media\/10896"}],"wp:attachment":[{"href":"https:\/\/gambler.m2web.pl\/index.php?rest_route=%2Fwp%2Fv2%2Fmedia&parent=10859"}],"wp:term":[{"taxonomy":"product_brand","embeddable":true,"href":"https:\/\/gambler.m2web.pl\/index.php?rest_route=%2Fwp%2Fv2%2Fproduct_brand&post=10859"},{"taxonomy":"product_cat","embeddable":true,"href":"https:\/\/gambler.m2web.pl\/index.php?rest_route=%2Fwp%2Fv2%2Fproduct_cat&post=10859"},{"taxonomy":"product_tag","embeddable":true,"href":"https:\/\/gambler.m2web.pl\/index.php?rest_route=%2Fwp%2Fv2%2Fproduct_tag&post=10859"}],"curies":[{"name":"wp","href":"https:\/\/api.w.org\/{rel}","templated":true}]}}