{"id":10860,"date":"2026-01-06T23:11:30","date_gmt":"2026-01-06T22:11:30","guid":{"rendered":"https:\/\/gambler.m2web.pl\/?post_type=product&#038;p=10860"},"modified":"2026-01-06T23:11:33","modified_gmt":"2026-01-06T22:11:33","slug":"evergreen-walizka-aluminiowa-na-1000-zetonow-do-pokera","status":"publish","type":"product","link":"https:\/\/gambler.m2web.pl\/?product=evergreen-walizka-aluminiowa-na-1000-zetonow-do-pokera","title":{"rendered":"EVERGREEN Walizka aluminiowa na 1000 \u017ceton\u00f3w do pokera"},"content":{"rendered":"<div class=\"item item-6\">\n<section class=\"text-item\">\n<h1>EVERGREEN Walizka aluminiowa na 1000 \u017ceton\u00f3w do pokera<\/h1>\n<p>Nr kat.: 1128277<br \/>\nWalizka na \u017cetony do pokera wykonana z aluminium i tworzywa sztucznego.<br \/>\n<strong>Przegr\u00f3dki na 1000 \u017ceton\u00f3w (10&#215;100), 3 talie kart i 6 ko\u015bci do gry.<\/strong><br \/>\n\u015arodek walizki wyko\u0144czony mi\u0119kkim, czarnym welurem.<br \/>\nWewn\u0119trzna cz\u0119\u015b\u0107 pokrywy wy\u0142o\u017cona g\u0105bk\u0105 zapobiegaj\u0105c\u0105 przesuwaniu si\u0119 zawarto\u015bci.<br \/>\nZamykana na dwa zamki (kluczyki w zestawie).<br \/>\nWymiary: 54 x 40 x 6,5 cm.<br \/>\nWaga: 1,7 kg.<\/p>\n<p><strong>PRODUCENT<\/strong><br \/>\nNingbo Evergreen Enterprise Co.,Ltd.<br \/>\n<strong>ADRES<\/strong><br \/>\nChiny, #19 Jingang Road,Ningdong Industrial Zone,Liyang Town,Ninghai, Ningbo\u00a0315000<br \/>\n<strong>KONTAKT<\/strong><br \/>\nbettyhu@evergreenchina.com<\/p>\n<p><strong>OSOBA ODPOWIEDZIALNA <\/strong><br \/>\nFirma Handlowa PULIO Krzysztof Gebel<br \/>\n<strong>ADRES<\/strong><br \/>\nKolejowa 3, 55-040 Bielany Wroc\u0142awskie<br \/>\n<strong>KONTAKT<\/strong><br \/>\ntel. +48 71 352 07 80<br \/>\nbiuro@pulio.pl<\/p>\n<\/section>\n<\/div>\n","protected":false},"excerpt":{"rendered":"<p>EVERGREEN Walizka aluminiowa na 1000 \u017ceton\u00f3w do pokera Nr kat.: 1128277 Walizka na \u017cetony do pokera wykonana z aluminium i<\/p>\n","protected":false},"featured_media":10900,"comment_status":"closed","ping_status":"closed","template":"","meta":[],"product_brand":[],"product_cat":[127,148],"product_tag":[],"class_list":{"0":"post-10860","1":"product","2":"type-product","3":"status-publish","4":"has-post-thumbnail","6":"product_cat-akcesoria","7":"product_cat-walizki","9":"first","10":"instock","11":"shipping-taxable","12":"purchasable","13":"product-type-simple"},"_links":{"self":[{"href":"https:\/\/gambler.m2web.pl\/index.php?rest_route=\/wp\/v2\/product\/10860","targetHints":{"allow":["GET"]}}],"collection":[{"href":"https:\/\/gambler.m2web.pl\/index.php?rest_route=\/wp\/v2\/product"}],"about":[{"href":"https:\/\/gambler.m2web.pl\/index.php?rest_route=\/wp\/v2\/types\/product"}],"replies":[{"embeddable":true,"href":"https:\/\/gambler.m2web.pl\/index.php?rest_route=%2Fwp%2Fv2%2Fcomments&post=10860"}],"version-history":[{"count":1,"href":"https:\/\/gambler.m2web.pl\/index.php?rest_route=\/wp\/v2\/product\/10860\/revisions"}],"predecessor-version":[{"id":10901,"href":"https:\/\/gambler.m2web.pl\/index.php?rest_route=\/wp\/v2\/product\/10860\/revisions\/10901"}],"wp:featuredmedia":[{"embeddable":true,"href":"https:\/\/gambler.m2web.pl\/index.php?rest_route=\/wp\/v2\/media\/10900"}],"wp:attachment":[{"href":"https:\/\/gambler.m2web.pl\/index.php?rest_route=%2Fwp%2Fv2%2Fmedia&parent=10860"}],"wp:term":[{"taxonomy":"product_brand","embeddable":true,"href":"https:\/\/gambler.m2web.pl\/index.php?rest_route=%2Fwp%2Fv2%2Fproduct_brand&post=10860"},{"taxonomy":"product_cat","embeddable":true,"href":"https:\/\/gambler.m2web.pl\/index.php?rest_route=%2Fwp%2Fv2%2Fproduct_cat&post=10860"},{"taxonomy":"product_tag","embeddable":true,"href":"https:\/\/gambler.m2web.pl\/index.php?rest_route=%2Fwp%2Fv2%2Fproduct_tag&post=10860"}],"curies":[{"name":"wp","href":"https:\/\/api.w.org\/{rel}","templated":true}]}}