{"id":10870,"date":"2026-01-06T23:11:31","date_gmt":"2026-01-06T22:11:31","guid":{"rendered":"https:\/\/gambler.m2web.pl\/?post_type=product&#038;p=10870"},"modified":"2026-01-06T23:11:34","modified_gmt":"2026-01-06T22:11:34","slug":"kulka-do-ruletki-18-mm","status":"publish","type":"product","link":"https:\/\/gambler.m2web.pl\/?product=kulka-do-ruletki-18-mm","title":{"rendered":"Kulka do ruletki 18 mm"},"content":{"rendered":"<h3><strong>Kulka do ruletki 18 mm<\/strong><\/h3>\n<p>Nr kat.: 115C0145<br \/>\nKolor kremowy, w delikatne paski.<br \/>\n<strong>Idealna do ko\u0142a o \u015brednicy 60 cm.<\/strong><br \/>\n<em>Rozmiar kulki podany przez producenta w zaokr\u0105gleniu do pe\u0142nych milimetr\u00f3w (rzeczywista \u015brednica jest nieco mniejsza).<\/em><br \/>\n<strong>Cena za sztuk\u0119.<\/strong><\/p>\n","protected":false},"excerpt":{"rendered":"<p>Kulka do ruletki 18 mm Nr kat.: 115C0145 Kolor kremowy, w delikatne paski. Idealna do ko\u0142a o \u015brednicy 60 cm.<\/p>\n","protected":false},"featured_media":10730,"comment_status":"open","ping_status":"closed","template":"","meta":[],"product_brand":[],"product_cat":[130],"product_tag":[],"class_list":{"0":"post-10870","1":"product","2":"type-product","3":"status-publish","4":"has-post-thumbnail","6":"product_cat-ruletka","8":"first","9":"outofstock","10":"shipping-taxable","11":"purchasable","12":"product-type-simple"},"_links":{"self":[{"href":"https:\/\/gambler.m2web.pl\/index.php?rest_route=\/wp\/v2\/product\/10870","targetHints":{"allow":["GET"]}}],"collection":[{"href":"https:\/\/gambler.m2web.pl\/index.php?rest_route=\/wp\/v2\/product"}],"about":[{"href":"https:\/\/gambler.m2web.pl\/index.php?rest_route=\/wp\/v2\/types\/product"}],"replies":[{"embeddable":true,"href":"https:\/\/gambler.m2web.pl\/index.php?rest_route=%2Fwp%2Fv2%2Fcomments&post=10870"}],"version-history":[{"count":1,"href":"https:\/\/gambler.m2web.pl\/index.php?rest_route=\/wp\/v2\/product\/10870\/revisions"}],"predecessor-version":[{"id":10924,"href":"https:\/\/gambler.m2web.pl\/index.php?rest_route=\/wp\/v2\/product\/10870\/revisions\/10924"}],"wp:featuredmedia":[{"embeddable":true,"href":"https:\/\/gambler.m2web.pl\/index.php?rest_route=\/wp\/v2\/media\/10730"}],"wp:attachment":[{"href":"https:\/\/gambler.m2web.pl\/index.php?rest_route=%2Fwp%2Fv2%2Fmedia&parent=10870"}],"wp:term":[{"taxonomy":"product_brand","embeddable":true,"href":"https:\/\/gambler.m2web.pl\/index.php?rest_route=%2Fwp%2Fv2%2Fproduct_brand&post=10870"},{"taxonomy":"product_cat","embeddable":true,"href":"https:\/\/gambler.m2web.pl\/index.php?rest_route=%2Fwp%2Fv2%2Fproduct_cat&post=10870"},{"taxonomy":"product_tag","embeddable":true,"href":"https:\/\/gambler.m2web.pl\/index.php?rest_route=%2Fwp%2Fv2%2Fproduct_tag&post=10870"}],"curies":[{"name":"wp","href":"https:\/\/api.w.org\/{rel}","templated":true}]}}