{"id":10872,"date":"2026-01-06T23:11:31","date_gmt":"2026-01-06T22:11:31","guid":{"rendered":"https:\/\/gambler.m2web.pl\/?post_type=product&#038;p=10872"},"modified":"2026-01-06T23:11:35","modified_gmt":"2026-01-06T22:11:35","slug":"separator-do-zetonow-chip-separator","status":"publish","type":"product","link":"https:\/\/gambler.m2web.pl\/?product=separator-do-zetonow-chip-separator","title":{"rendered":"Separator do \u017ceton\u00f3w (Chip Separator)"},"content":{"rendered":"<p><strong>Separator do \u017ceton\u00f3w (Chip Separator)<\/strong><\/p>\n<p>Nr kat.: 115C0352<\/p>\n<p>Kr\u0105\u017cek z tworzywa w kolorze bia\u0142ym.<\/p>\n<p>S\u0142u\u017cy do oddzielania \u017ceton\u00f3w o r\u00f3\u017cnych nomina\u0142ach w tacce lub pojemniku.<\/p>\n<p><strong>Wymiary:<\/strong><\/p>\n<p>\u015arednica: 30 mm.<\/p>\n<p>Grubo\u015b\u0107: 3 mm.<\/p>\n","protected":false},"excerpt":{"rendered":"<p>Separator do \u017ceton\u00f3w (Chip Separator) Nr kat.: 115C0352 Kr\u0105\u017cek z tworzywa w kolorze bia\u0142ym. S\u0142u\u017cy do oddzielania \u017ceton\u00f3w o r\u00f3\u017cnych<\/p>\n","protected":false},"featured_media":10926,"comment_status":"open","ping_status":"closed","template":"","meta":[],"product_brand":[],"product_cat":[127,144],"product_tag":[],"class_list":{"0":"post-10872","1":"product","2":"type-product","3":"status-publish","4":"has-post-thumbnail","6":"product_cat-akcesoria","7":"product_cat-buttons","9":"first","10":"outofstock","11":"shipping-taxable","12":"purchasable","13":"product-type-simple"},"_links":{"self":[{"href":"https:\/\/gambler.m2web.pl\/index.php?rest_route=\/wp\/v2\/product\/10872","targetHints":{"allow":["GET"]}}],"collection":[{"href":"https:\/\/gambler.m2web.pl\/index.php?rest_route=\/wp\/v2\/product"}],"about":[{"href":"https:\/\/gambler.m2web.pl\/index.php?rest_route=\/wp\/v2\/types\/product"}],"replies":[{"embeddable":true,"href":"https:\/\/gambler.m2web.pl\/index.php?rest_route=%2Fwp%2Fv2%2Fcomments&post=10872"}],"version-history":[{"count":1,"href":"https:\/\/gambler.m2web.pl\/index.php?rest_route=\/wp\/v2\/product\/10872\/revisions"}],"predecessor-version":[{"id":10927,"href":"https:\/\/gambler.m2web.pl\/index.php?rest_route=\/wp\/v2\/product\/10872\/revisions\/10927"}],"wp:featuredmedia":[{"embeddable":true,"href":"https:\/\/gambler.m2web.pl\/index.php?rest_route=\/wp\/v2\/media\/10926"}],"wp:attachment":[{"href":"https:\/\/gambler.m2web.pl\/index.php?rest_route=%2Fwp%2Fv2%2Fmedia&parent=10872"}],"wp:term":[{"taxonomy":"product_brand","embeddable":true,"href":"https:\/\/gambler.m2web.pl\/index.php?rest_route=%2Fwp%2Fv2%2Fproduct_brand&post=10872"},{"taxonomy":"product_cat","embeddable":true,"href":"https:\/\/gambler.m2web.pl\/index.php?rest_route=%2Fwp%2Fv2%2Fproduct_cat&post=10872"},{"taxonomy":"product_tag","embeddable":true,"href":"https:\/\/gambler.m2web.pl\/index.php?rest_route=%2Fwp%2Fv2%2Fproduct_tag&post=10872"}],"curies":[{"name":"wp","href":"https:\/\/api.w.org\/{rel}","templated":true}]}}