{"id":10873,"date":"2026-01-06T23:11:31","date_gmt":"2026-01-06T22:11:31","guid":{"rendered":"https:\/\/gambler.m2web.pl\/?post_type=product&#038;p=10873"},"modified":"2026-01-06T23:11:35","modified_gmt":"2026-01-06T22:11:35","slug":"marker-do-ruletki-czerwona-piramida","status":"publish","type":"product","link":"https:\/\/gambler.m2web.pl\/?product=marker-do-ruletki-czerwona-piramida","title":{"rendered":"MARKER DO RULETKI CZERWONA PIRAMIDA"},"content":{"rendered":"","protected":false},"excerpt":{"rendered":"<p><strong>Marker (znacznik) do ruletki kolor czerwony<\/strong><\/p>\n<p>Marker do ruletki w kszta\u0142cie piramidalnym.<\/p>\n<p>Wykonany z wysokiej jako\u015bci, transparentnego akrylu.<\/p>\n<p>S\u0142u\u017cy do oznaczania\u00a0zwyci\u0119skiej liczby na planszy ruletki.<\/p>\n<p>Dost\u0119pny r\u00f3wnie\u017c w kolorze niebieskim.<\/p>\n<p>Wysoko\u015b\u0107: 7 cm.<\/p>\n<p><strong>O\u015bwiadczam, \u017ce produkt wprowadzono do obrotu w Unii Europejskiej przed 13 grudnia 2024 r. i jest zgodny z \u00f3wczesnymi przepisami bezpiecze\u0144stwa<\/strong><\/p>\n","protected":false},"featured_media":10928,"comment_status":"closed","ping_status":"closed","template":"","meta":[],"product_brand":[],"product_cat":[130],"product_tag":[],"class_list":{"0":"post-10873","1":"product","2":"type-product","3":"status-publish","4":"has-post-thumbnail","6":"product_cat-ruletka","8":"first","9":"instock","10":"shipping-taxable","11":"purchasable","12":"product-type-simple"},"_links":{"self":[{"href":"https:\/\/gambler.m2web.pl\/index.php?rest_route=\/wp\/v2\/product\/10873","targetHints":{"allow":["GET"]}}],"collection":[{"href":"https:\/\/gambler.m2web.pl\/index.php?rest_route=\/wp\/v2\/product"}],"about":[{"href":"https:\/\/gambler.m2web.pl\/index.php?rest_route=\/wp\/v2\/types\/product"}],"replies":[{"embeddable":true,"href":"https:\/\/gambler.m2web.pl\/index.php?rest_route=%2Fwp%2Fv2%2Fcomments&post=10873"}],"version-history":[{"count":1,"href":"https:\/\/gambler.m2web.pl\/index.php?rest_route=\/wp\/v2\/product\/10873\/revisions"}],"predecessor-version":[{"id":10929,"href":"https:\/\/gambler.m2web.pl\/index.php?rest_route=\/wp\/v2\/product\/10873\/revisions\/10929"}],"wp:featuredmedia":[{"embeddable":true,"href":"https:\/\/gambler.m2web.pl\/index.php?rest_route=\/wp\/v2\/media\/10928"}],"wp:attachment":[{"href":"https:\/\/gambler.m2web.pl\/index.php?rest_route=%2Fwp%2Fv2%2Fmedia&parent=10873"}],"wp:term":[{"taxonomy":"product_brand","embeddable":true,"href":"https:\/\/gambler.m2web.pl\/index.php?rest_route=%2Fwp%2Fv2%2Fproduct_brand&post=10873"},{"taxonomy":"product_cat","embeddable":true,"href":"https:\/\/gambler.m2web.pl\/index.php?rest_route=%2Fwp%2Fv2%2Fproduct_cat&post=10873"},{"taxonomy":"product_tag","embeddable":true,"href":"https:\/\/gambler.m2web.pl\/index.php?rest_route=%2Fwp%2Fv2%2Fproduct_tag&post=10873"}],"curies":[{"name":"wp","href":"https:\/\/api.w.org\/{rel}","templated":true}]}}