{"id":10972,"date":"2026-01-06T23:11:37","date_gmt":"2026-01-06T22:11:37","guid":{"rendered":"https:\/\/gambler.m2web.pl\/?post_type=product&#038;p=10972"},"modified":"2026-01-06T23:11:38","modified_gmt":"2026-01-06T22:11:38","slug":"zestaw-zetonow-3-cm-lammer-set","status":"publish","type":"product","link":"https:\/\/gambler.m2web.pl\/?product=zestaw-zetonow-3-cm-lammer-set","title":{"rendered":"ZESTAW \u017bETON\u00d3W 3 CM LAMMER SET"},"content":{"rendered":"","protected":false},"excerpt":{"rendered":"<p><strong>Zestaw 5 \u017ceton\u00f3w &#8211; Poker Lammer Set<\/strong><\/p>\n<p>Zestaw 5 \u017ceton\u00f3w wykonanych z tworzywa sztucznego.<\/p>\n<p>Na wszystkich \u017cetonach obustronnie t\u0142oczone, wkl\u0119s\u0142e napisy.<\/p>\n<p>Zawarto\u015b\u0107 zestawu:<\/p>\n<p>&#8211; Little Blind Button (\u015br. 3 cm, gr. 3 mm)<\/p>\n<p>&#8211; Big Blind Button\u00a0(\u015br. 3 cm, gr. 3 mm)<\/p>\n<p>&#8211; Missed Blind Button\u00a0(\u015br. 3 cm, gr. 3 mm)<\/p>\n<p>&#8211; Reserved Button\u00a0(\u015br. 3 cm, gr. 3 mm)<\/p>\n<p>&#8211; Kill Button\u00a0(\u015br. 3 cm, gr. 3 mm)<\/p>\n<p><strong>O\u015bwiadczam, \u017ce produkt wprowadzono do obrotu w Unii Europejskiej przed 13 grudnia 2024 r. i jest zgodny z \u00f3wczesnymi przepisami bezpiecze\u0144stwa<\/strong><\/p>\n","protected":false},"featured_media":11008,"comment_status":"closed","ping_status":"closed","template":"","meta":[],"product_brand":[],"product_cat":[127,144],"product_tag":[],"class_list":{"0":"post-10972","1":"product","2":"type-product","3":"status-publish","4":"has-post-thumbnail","6":"product_cat-akcesoria","7":"product_cat-buttons","9":"first","10":"instock","11":"shipping-taxable","12":"purchasable","13":"product-type-simple"},"_links":{"self":[{"href":"https:\/\/gambler.m2web.pl\/index.php?rest_route=\/wp\/v2\/product\/10972","targetHints":{"allow":["GET"]}}],"collection":[{"href":"https:\/\/gambler.m2web.pl\/index.php?rest_route=\/wp\/v2\/product"}],"about":[{"href":"https:\/\/gambler.m2web.pl\/index.php?rest_route=\/wp\/v2\/types\/product"}],"replies":[{"embeddable":true,"href":"https:\/\/gambler.m2web.pl\/index.php?rest_route=%2Fwp%2Fv2%2Fcomments&post=10972"}],"version-history":[{"count":1,"href":"https:\/\/gambler.m2web.pl\/index.php?rest_route=\/wp\/v2\/product\/10972\/revisions"}],"predecessor-version":[{"id":11009,"href":"https:\/\/gambler.m2web.pl\/index.php?rest_route=\/wp\/v2\/product\/10972\/revisions\/11009"}],"wp:featuredmedia":[{"embeddable":true,"href":"https:\/\/gambler.m2web.pl\/index.php?rest_route=\/wp\/v2\/media\/11008"}],"wp:attachment":[{"href":"https:\/\/gambler.m2web.pl\/index.php?rest_route=%2Fwp%2Fv2%2Fmedia&parent=10972"}],"wp:term":[{"taxonomy":"product_brand","embeddable":true,"href":"https:\/\/gambler.m2web.pl\/index.php?rest_route=%2Fwp%2Fv2%2Fproduct_brand&post=10972"},{"taxonomy":"product_cat","embeddable":true,"href":"https:\/\/gambler.m2web.pl\/index.php?rest_route=%2Fwp%2Fv2%2Fproduct_cat&post=10972"},{"taxonomy":"product_tag","embeddable":true,"href":"https:\/\/gambler.m2web.pl\/index.php?rest_route=%2Fwp%2Fv2%2Fproduct_tag&post=10972"}],"curies":[{"name":"wp","href":"https:\/\/api.w.org\/{rel}","templated":true}]}}