{"id":10973,"date":"2026-01-06T23:11:37","date_gmt":"2026-01-06T22:11:37","guid":{"rendered":"https:\/\/gambler.m2web.pl\/?post_type=product&#038;p=10973"},"modified":"2026-01-06T23:11:39","modified_gmt":"2026-01-06T22:11:39","slug":"mona-sukno-pokerowe-kolor-niebieski","status":"publish","type":"product","link":"https:\/\/gambler.m2web.pl\/?product=mona-sukno-pokerowe-kolor-niebieski","title":{"rendered":"MONA Sukno pokerowe Kolor niebieski"},"content":{"rendered":"<h3><strong>MONA Sukno pokerowe<br \/>\n<\/strong><\/h3>\n<p>Nr kat.: 115M02N\/M<br \/>\nKolor: niebieski<br \/>\n<strong>Materia\u0142 na obicie blatu lub sto\u0142u z symbolami kart do gry (kolorami).<\/strong><br \/>\nTkanina o w\u0142a\u015bciwo\u015bciach hydrofobowych (odpychaj\u0105ca cz\u0105steczki wody), odporny na zabrudzenia i \u0142atwy do utrzymania w czysto\u015bci.<br \/>\n<strong>G\u0142adka powierzchnia i g\u0119sty splot u\u0142atwia przesuwanie kart.<\/strong><br \/>\nSk\u0142ad: 100% w\u0142\u00f3kno poliestrowe.<br \/>\nSzeroko\u015b\u0107: 1,50 m.<br \/>\nD\u0142ugo\u015b\u0107: 1 m lub jego wielokrotno\u015b\u0107.<br \/>\n<strong>Cena 79 z\u0142 za metr bie\u017c\u0105cy \u2013 1 x 1,5 m (dwa metry bie\u017c\u0105ce to 2 x 1,5 m itd.).<\/strong><br \/>\nMateria\u0142 wysy\u0142any zawsze w jednym kawa\u0142ku i nawini\u0119ty na rolk\u0119 w celu unikni\u0119cia zagniece\u0144.<br \/>\n<strong>UWAGA:<\/strong><br \/>\n<strong>1.\u00a0Ze wzgl\u0119du na gabaryty paczki zam\u00f3wienie wysy\u0142amy wy\u0142\u0105cznie kurierem GLS \u2013 prosimy o wybranie takiej opcji dostawy.<\/strong><br \/>\n<strong>2. Je\u015bli chc\u0105 Pa\u0144stwo zam\u00f3wi\u0107 tak\u017ce inne produkty prosimy o z\u0142o\u017cenie osobnego zam\u00f3wienia \u2013 nie ma mo\u017cliwo\u015bci dopakowania do paczki z suknem innych towar\u00f3w.<\/strong><\/p>\n","protected":false},"excerpt":{"rendered":"<p>MONA Sukno pokerowe Nr kat.: 115M02N\/M Kolor: niebieski Materia\u0142 na obicie blatu lub sto\u0142u z symbolami kart do gry (kolorami).<\/p>\n","protected":false},"featured_media":11010,"comment_status":"open","ping_status":"closed","template":"","meta":[],"product_brand":[],"product_cat":[129],"product_tag":[],"class_list":{"0":"post-10973","1":"product","2":"type-product","3":"status-publish","4":"has-post-thumbnail","6":"product_cat-blaty-i-maty","8":"first","9":"outofstock","10":"shipping-taxable","11":"purchasable","12":"product-type-simple"},"_links":{"self":[{"href":"https:\/\/gambler.m2web.pl\/index.php?rest_route=\/wp\/v2\/product\/10973","targetHints":{"allow":["GET"]}}],"collection":[{"href":"https:\/\/gambler.m2web.pl\/index.php?rest_route=\/wp\/v2\/product"}],"about":[{"href":"https:\/\/gambler.m2web.pl\/index.php?rest_route=\/wp\/v2\/types\/product"}],"replies":[{"embeddable":true,"href":"https:\/\/gambler.m2web.pl\/index.php?rest_route=%2Fwp%2Fv2%2Fcomments&post=10973"}],"version-history":[{"count":1,"href":"https:\/\/gambler.m2web.pl\/index.php?rest_route=\/wp\/v2\/product\/10973\/revisions"}],"predecessor-version":[{"id":11011,"href":"https:\/\/gambler.m2web.pl\/index.php?rest_route=\/wp\/v2\/product\/10973\/revisions\/11011"}],"wp:featuredmedia":[{"embeddable":true,"href":"https:\/\/gambler.m2web.pl\/index.php?rest_route=\/wp\/v2\/media\/11010"}],"wp:attachment":[{"href":"https:\/\/gambler.m2web.pl\/index.php?rest_route=%2Fwp%2Fv2%2Fmedia&parent=10973"}],"wp:term":[{"taxonomy":"product_brand","embeddable":true,"href":"https:\/\/gambler.m2web.pl\/index.php?rest_route=%2Fwp%2Fv2%2Fproduct_brand&post=10973"},{"taxonomy":"product_cat","embeddable":true,"href":"https:\/\/gambler.m2web.pl\/index.php?rest_route=%2Fwp%2Fv2%2Fproduct_cat&post=10973"},{"taxonomy":"product_tag","embeddable":true,"href":"https:\/\/gambler.m2web.pl\/index.php?rest_route=%2Fwp%2Fv2%2Fproduct_tag&post=10973"}],"curies":[{"name":"wp","href":"https:\/\/api.w.org\/{rel}","templated":true}]}}