{"id":10974,"date":"2026-01-06T23:11:37","date_gmt":"2026-01-06T22:11:37","guid":{"rendered":"https:\/\/gambler.m2web.pl\/?post_type=product&#038;p=10974"},"modified":"2026-01-06T23:11:39","modified_gmt":"2026-01-06T22:11:39","slug":"mona-metalowy-slot","status":"publish","type":"product","link":"https:\/\/gambler.m2web.pl\/?product=mona-metalowy-slot","title":{"rendered":"MONA METALOWY SLOT"},"content":{"rendered":"","protected":false},"excerpt":{"rendered":"<p><strong>MONA Ozdobny metalowy slot na \u017cetony<\/strong><\/p>\n<p>Montowany w blacie sto\u0142u nad skrzynk\u0105 (kasetk\u0105) na \u017cetony.<\/p>\n<p>Cztery otwory monta\u017cowe.<\/p>\n<p>Materia\u0142: szczotkowana stal szlachetna.<\/p>\n<p>Wymiary: 12 x 5,6 cm.<\/p>\n<p>Waga: 40 g.<\/p>\n","protected":false},"featured_media":11014,"comment_status":"open","ping_status":"closed","template":"","meta":[],"product_brand":[],"product_cat":[127,128],"product_tag":[],"class_list":{"0":"post-10974","1":"product","2":"type-product","3":"status-publish","4":"has-post-thumbnail","6":"product_cat-akcesoria","7":"product_cat-pojemniki","9":"first","10":"outofstock","11":"shipping-taxable","12":"purchasable","13":"product-type-simple"},"_links":{"self":[{"href":"https:\/\/gambler.m2web.pl\/index.php?rest_route=\/wp\/v2\/product\/10974","targetHints":{"allow":["GET"]}}],"collection":[{"href":"https:\/\/gambler.m2web.pl\/index.php?rest_route=\/wp\/v2\/product"}],"about":[{"href":"https:\/\/gambler.m2web.pl\/index.php?rest_route=\/wp\/v2\/types\/product"}],"replies":[{"embeddable":true,"href":"https:\/\/gambler.m2web.pl\/index.php?rest_route=%2Fwp%2Fv2%2Fcomments&post=10974"}],"version-history":[{"count":1,"href":"https:\/\/gambler.m2web.pl\/index.php?rest_route=\/wp\/v2\/product\/10974\/revisions"}],"predecessor-version":[{"id":11015,"href":"https:\/\/gambler.m2web.pl\/index.php?rest_route=\/wp\/v2\/product\/10974\/revisions\/11015"}],"wp:featuredmedia":[{"embeddable":true,"href":"https:\/\/gambler.m2web.pl\/index.php?rest_route=\/wp\/v2\/media\/11014"}],"wp:attachment":[{"href":"https:\/\/gambler.m2web.pl\/index.php?rest_route=%2Fwp%2Fv2%2Fmedia&parent=10974"}],"wp:term":[{"taxonomy":"product_brand","embeddable":true,"href":"https:\/\/gambler.m2web.pl\/index.php?rest_route=%2Fwp%2Fv2%2Fproduct_brand&post=10974"},{"taxonomy":"product_cat","embeddable":true,"href":"https:\/\/gambler.m2web.pl\/index.php?rest_route=%2Fwp%2Fv2%2Fproduct_cat&post=10974"},{"taxonomy":"product_tag","embeddable":true,"href":"https:\/\/gambler.m2web.pl\/index.php?rest_route=%2Fwp%2Fv2%2Fproduct_tag&post=10974"}],"curies":[{"name":"wp","href":"https:\/\/api.w.org\/{rel}","templated":true}]}}