{"id":10975,"date":"2026-01-06T23:11:37","date_gmt":"2026-01-06T22:11:37","guid":{"rendered":"https:\/\/gambler.m2web.pl\/?post_type=product&#038;p=10975"},"modified":"2026-01-06T23:11:39","modified_gmt":"2026-01-06T22:11:39","slug":"sun-fly-zeton-dealer-button-valentino-poker-room-ceramika","status":"publish","type":"product","link":"https:\/\/gambler.m2web.pl\/?product=sun-fly-zeton-dealer-button-valentino-poker-room-ceramika","title":{"rendered":"SUN-FLY \u017beton Dealer Button Valentino Poker Room Ceramika"},"content":{"rendered":"<h3><strong>SUN-FLY \u017beton Dealer Button Valentino Poker Room Ceramika<\/strong><\/h3>\n<p>Nr kat.: 115SF3\/V<br \/>\n<strong>Ceramiczny Dealer Button serii Valentino Poker Room\u00a0o klasycznym wygl\u0105dzie.<\/strong><br \/>\n<strong>Wykonany z wypalanej glinki ceramicznej \u2013 najlepszego materia\u0142u wykorzystywanego do produkcji \u017ceton\u00f3w.<\/strong><br \/>\n<strong>Charakteryzuje si\u0119 idealnym wywa\u017ceniem i du\u017c\u0105 wytrzyma\u0142o\u015bci\u0105.<\/strong><br \/>\nObustronna grafika.<br \/>\nNomina\u0142y dost\u0119pne w serii: 1 \/ 2 \/ 5 \/ 20 \/ 25 \/ 100 \/ 500 \/ 1.000 \/ 5.000 \/ 10.000 \/ 25.000 \/ 100.000 \/ 500.000\/ Dealer Button<br \/>\n<strong>Wymiary<\/strong>:<br \/>\n\u015arednica: 50 mm.<br \/>\nGrubo\u015b\u0107: 6 mm.<br \/>\n<strong>Waga:<\/strong> 26 g.<\/p>\n","protected":false},"excerpt":{"rendered":"<p>SUN-FLY \u017beton Dealer Button Valentino Poker Room Ceramika Nr kat.: 115SF3\/V Ceramiczny Dealer Button serii Valentino Poker Room\u00a0o klasycznym wygl\u0105dzie.<\/p>\n","protected":false},"featured_media":11016,"comment_status":"open","ping_status":"closed","template":"","meta":[],"product_brand":[],"product_cat":[127,144,160,135,136],"product_tag":[],"class_list":{"0":"post-10975","1":"product","2":"type-product","3":"status-publish","4":"has-post-thumbnail","6":"product_cat-akcesoria","7":"product_cat-buttons","8":"product_cat-valentino-poker-room","9":"product_cat-zetony","10":"product_cat-zetony-ceramiczne","12":"first","13":"outofstock","14":"shipping-taxable","15":"purchasable","16":"product-type-simple"},"_links":{"self":[{"href":"https:\/\/gambler.m2web.pl\/index.php?rest_route=\/wp\/v2\/product\/10975","targetHints":{"allow":["GET"]}}],"collection":[{"href":"https:\/\/gambler.m2web.pl\/index.php?rest_route=\/wp\/v2\/product"}],"about":[{"href":"https:\/\/gambler.m2web.pl\/index.php?rest_route=\/wp\/v2\/types\/product"}],"replies":[{"embeddable":true,"href":"https:\/\/gambler.m2web.pl\/index.php?rest_route=%2Fwp%2Fv2%2Fcomments&post=10975"}],"version-history":[{"count":1,"href":"https:\/\/gambler.m2web.pl\/index.php?rest_route=\/wp\/v2\/product\/10975\/revisions"}],"predecessor-version":[{"id":11017,"href":"https:\/\/gambler.m2web.pl\/index.php?rest_route=\/wp\/v2\/product\/10975\/revisions\/11017"}],"wp:featuredmedia":[{"embeddable":true,"href":"https:\/\/gambler.m2web.pl\/index.php?rest_route=\/wp\/v2\/media\/11016"}],"wp:attachment":[{"href":"https:\/\/gambler.m2web.pl\/index.php?rest_route=%2Fwp%2Fv2%2Fmedia&parent=10975"}],"wp:term":[{"taxonomy":"product_brand","embeddable":true,"href":"https:\/\/gambler.m2web.pl\/index.php?rest_route=%2Fwp%2Fv2%2Fproduct_brand&post=10975"},{"taxonomy":"product_cat","embeddable":true,"href":"https:\/\/gambler.m2web.pl\/index.php?rest_route=%2Fwp%2Fv2%2Fproduct_cat&post=10975"},{"taxonomy":"product_tag","embeddable":true,"href":"https:\/\/gambler.m2web.pl\/index.php?rest_route=%2Fwp%2Fv2%2Fproduct_tag&post=10975"}],"curies":[{"name":"wp","href":"https:\/\/api.w.org\/{rel}","templated":true}]}}