{"id":10979,"date":"2026-01-06T23:11:37","date_gmt":"2026-01-06T22:11:37","guid":{"rendered":"https:\/\/gambler.m2web.pl\/?post_type=product&#038;p=10979"},"modified":"2026-01-06T23:11:40","modified_gmt":"2026-01-06T22:11:40","slug":"quint-bicycle-alchemy-ii","status":"publish","type":"product","link":"https:\/\/gambler.m2web.pl\/?product=quint-bicycle-alchemy-ii","title":{"rendered":"QUINT BICYCLE ALCHEMY II"},"content":{"rendered":"","protected":false},"excerpt":{"rendered":"<p><strong>Karty Bicycle Alchemy 1977 England Standard Index<\/strong><\/p>\n<p>Pi\u0119kne karty do gry marki Bicycle z oryginalnymi ilustracjami Alchemy Studios.<\/p>\n<p><strong>Na ka\u017cdej z kart oryginalna, unikatowa grafika (53 ilustracje w talii) w stylu fantasy, Steampunk oraz z motywami czaszek i tatua\u017cy.<\/strong><\/p>\n<p>Karty bardzo wytrzyma\u0142e, wykonane z kartonu pokrytego warstw\u0105 plastiku, wytrzymuj\u0105 znacznie d\u0142u\u017cej od standardowych kart.<\/p>\n<p><strong>Standardowe indeksy.<\/strong><\/p>\n<p>Karty w rozmiarze pokerowym (63 x 89 mm).<\/p>\n<p>Talia 52 karty + 2 Jokery.<\/p>\n<p><strong>Zaprojektowane w Wielkiej Brytanii, wyprodukowane w USA.<\/strong><\/p>\n<p><em>Marka Bicycle istnieje od 1885 roku i szczyci si\u0119 wieloletni\u0105 tradycj\u0105 w produkcji kart.<\/em><\/p>\n<p><em>Jej znakiem rozpoznawczym jest motyw roweru.<\/em><\/p>\n<p><em>W\u0142a\u015bcicielem marki Bicycle jest United States Playing Card Company, posiadaj\u0105ca w swoim portfolio tak\u017ce takie marki jak: Aviator, Bee, Fournier, Hoyle, KEM czy\u00a0Tally-Ho.<\/em><\/p>\n<p><em>Udzia\u0142 tych marek w \u015bwiatowej produkcji kart przekracza 35%.<\/em><\/p>\n<p><em>Karty Bicycle s\u0105 u\u017cywane przez graczy na ca\u0142ym \u015bwiecie oraz popularne w\u015br\u00f3d magik\u00f3w, iluzjonist\u00f3w oraz wszystkich innych entuzjast\u00f3w kart.<\/em><\/p>\n","protected":false},"featured_media":11026,"comment_status":"open","ping_status":"closed","template":"","meta":[],"product_brand":[],"product_cat":[145,132],"product_tag":[],"class_list":{"0":"post-10979","1":"product","2":"type-product","3":"status-publish","4":"has-post-thumbnail","6":"product_cat-bicycle","7":"product_cat-karty","9":"first","10":"outofstock","11":"shipping-taxable","12":"purchasable","13":"product-type-simple"},"_links":{"self":[{"href":"https:\/\/gambler.m2web.pl\/index.php?rest_route=\/wp\/v2\/product\/10979","targetHints":{"allow":["GET"]}}],"collection":[{"href":"https:\/\/gambler.m2web.pl\/index.php?rest_route=\/wp\/v2\/product"}],"about":[{"href":"https:\/\/gambler.m2web.pl\/index.php?rest_route=\/wp\/v2\/types\/product"}],"replies":[{"embeddable":true,"href":"https:\/\/gambler.m2web.pl\/index.php?rest_route=%2Fwp%2Fv2%2Fcomments&post=10979"}],"version-history":[{"count":1,"href":"https:\/\/gambler.m2web.pl\/index.php?rest_route=\/wp\/v2\/product\/10979\/revisions"}],"predecessor-version":[{"id":11027,"href":"https:\/\/gambler.m2web.pl\/index.php?rest_route=\/wp\/v2\/product\/10979\/revisions\/11027"}],"wp:featuredmedia":[{"embeddable":true,"href":"https:\/\/gambler.m2web.pl\/index.php?rest_route=\/wp\/v2\/media\/11026"}],"wp:attachment":[{"href":"https:\/\/gambler.m2web.pl\/index.php?rest_route=%2Fwp%2Fv2%2Fmedia&parent=10979"}],"wp:term":[{"taxonomy":"product_brand","embeddable":true,"href":"https:\/\/gambler.m2web.pl\/index.php?rest_route=%2Fwp%2Fv2%2Fproduct_brand&post=10979"},{"taxonomy":"product_cat","embeddable":true,"href":"https:\/\/gambler.m2web.pl\/index.php?rest_route=%2Fwp%2Fv2%2Fproduct_cat&post=10979"},{"taxonomy":"product_tag","embeddable":true,"href":"https:\/\/gambler.m2web.pl\/index.php?rest_route=%2Fwp%2Fv2%2Fproduct_tag&post=10979"}],"curies":[{"name":"wp","href":"https:\/\/api.w.org\/{rel}","templated":true}]}}