{"id":10980,"date":"2026-01-06T23:11:37","date_gmt":"2026-01-06T22:11:37","guid":{"rendered":"https:\/\/gambler.m2web.pl\/?post_type=product&#038;p=10980"},"modified":"2026-01-06T23:11:42","modified_gmt":"2026-01-06T22:11:42","slug":"quint-bicycle-chainless-red-blue","status":"publish","type":"product","link":"https:\/\/gambler.m2web.pl\/?product=quint-bicycle-chainless-red-blue","title":{"rendered":"QUINT BICYCLE CHAINLESS RED\/BLUE"},"content":{"rendered":"<p><span style=\"font-family: tahoma,arial,helvetica,sans-serif;font-size: medium\"><strong>Karty Bicycle Chainless Standard Index kolor\u00a0<\/strong><\/span><\/p>\n<p><strong><span style=\"font-family: tahoma,arial,helvetica,sans-serif;font-size: medium\">Pi\u0119kna talia kart marki Bicycle z wyr\u00f3\u017cniaj\u0105ca si\u0119 klasycznym i eleganckim wzornictwem.<br \/>\n<\/span><\/strong><\/p>\n<p><strong><span style=\"font-family: tahoma,arial,helvetica,sans-serif;font-size: medium\">Na rewersie grafika z nap\u0119dem bez\u0142a\u0144cuchowym (chainless) upami\u0119tniaj\u0105ca pionierski okres rozwoju transportu rowerowego.<\/span><\/strong><\/p>\n<p><span style=\"font-family: tahoma,arial,helvetica,sans-serif;font-size: medium\">Karty bardzo wytrzyma\u0142e, wykonane z kartonu pokrytego warstw\u0105 plastiku, wytrzymuj\u0105 znacznie d\u0142u\u017cej od standardowych kart.<br \/>\n<\/span><\/p>\n<p><span style=\"font-family: tahoma,arial,helvetica,sans-serif;font-size: medium\"><strong>Wyprodukowane w technologii Air-Cushion Finish \u2013 m<\/strong><\/span><span style=\"font-family: tahoma,arial,helvetica,sans-serif;font-size: medium\"><strong>aj\u0105 charakterystyczn\u0105, chropowat\u0105 powierzchni\u0119, dzi\u0119ki kt\u00f3rej mi\u0119dzy kartami powstaje poduszka powietrzna, co skutkuje popraw\u0105 szybko\u015bci tasowania i<\/strong><\/span>\u00a0<span style=\"font-family: tahoma,arial,helvetica,sans-serif;font-size: medium\"><strong>znacznym wyd\u0142u\u017ceniem\u00a0\u017cywotno\u015bci kart.<\/strong><\/span><\/p>\n<p><span style=\"font-family: tahoma,arial,helvetica,sans-serif;font-size: medium\">Standardowe indeksy.<\/span><\/p>\n<p><span style=\"font-family: tahoma,arial,helvetica,sans-serif;font-size: medium\"><strong>Karty w rozmiarze pokerowym (63 x 89 mm).<\/strong><\/span><\/p>\n<p><span style=\"font-family: tahoma,arial,helvetica,sans-serif;font-size: medium\">Talia 52 karty + 2 Jokery.<\/span><\/p>\n<p><strong><span style=\"font-size: medium\"><span style=\"font-family: tahoma,arial,helvetica,sans-serif\">Wyprodukowane w USA.<\/span><\/span><\/strong><\/p>\n<p><em><span style=\"font-family: tahoma,arial,helvetica,sans-serif;font-size: medium\">Marka Bicycle istnieje od 1885 roku i szczyci si\u0119 wieloletni\u0105 tradycj\u0105 w produkcji kart.<br \/>\n<\/span><\/em><\/p>\n<p><em><span style=\"font-family: tahoma,arial,helvetica,sans-serif;font-size: medium\">Jej znakiem rozpoznawczym jest motyw roweru.<\/span><\/em><\/p>\n<p><em><span style=\"font-family: tahoma,arial,helvetica,sans-serif;font-size: medium\">W\u0142a\u015bcicielem marki Bicycle jest United States Playing Card Company, posiadaj\u0105ca w swoim portfolio tak\u017ce takie marki jak: Aviator, Bee, Fournier, Hoyle, KEM czy\u00a0<span id=\"Tally-Ho\" class=\"mw-headline\">Tally-Ho<\/span>.<br \/>\n<\/span><\/em><\/p>\n<p><em><span style=\"font-family: tahoma,arial,helvetica,sans-serif;font-size: medium\">Udzia\u0142 tych marek w \u015bwiatowej produkcji kart przekracza 35%.<\/span><\/em><\/p>\n<p><em><span style=\"font-family: tahoma,arial,helvetica,sans-serif;font-size: medium\">Karty Bicycle s\u0105 u\u017cywane przez graczy na ca\u0142ym \u015bwiecie oraz popularne w\u015br\u00f3d magik\u00f3w, iluzjonist\u00f3w oraz wszystkich innych entuzjast\u00f3w kart.<\/span><\/em><\/p>\n<p><strong>PRODUCENT<\/strong><br \/>\nThe United States Playing Card Company<\/p>\n<p><strong>Adres<\/strong><br \/>\n300 Gap Way, KY 41018\u00a0Erlanger, Stany Zjednoczone<\/p>\n<p><strong>Kontakt<\/strong><\/p>\n<blockquote class=\"wp-embedded-content\" data-secret=\"0ooK4UGeEJ\"><p><a href=\"https:\/\/usplayingcard.com\/contact-us\/\">Contact Us<\/a><\/p><\/blockquote>\n<p>&nbsp;<\/p>\n<p><strong>OSOBA ODPOWIEDZIALNA<\/strong><br \/>\nQUINT Piotr Maliszewski<\/p>\n<p><strong>Adres<\/strong><br \/>\nIrysowa 16, 87-100\u00a0Toru\u0144, Polska<\/p>\n<p><strong>Kontakt<\/strong><br \/>\ninfo@poker-sklep.pl<\/p>\n","protected":false},"excerpt":{"rendered":"<p>Karty Bicycle Chainless Standard Index kolor\u00a0 Pi\u0119kna talia kart marki Bicycle z wyr\u00f3\u017cniaj\u0105ca si\u0119 klasycznym i eleganckim wzornictwem. Na rewersie<\/p>\n","protected":false},"featured_media":11033,"comment_status":"closed","ping_status":"closed","template":"","meta":[],"product_brand":[],"product_cat":[145,132],"product_tag":[],"class_list":{"0":"post-10980","1":"product","2":"type-product","3":"status-publish","4":"has-post-thumbnail","6":"product_cat-bicycle","7":"product_cat-karty","9":"first","10":"outofstock","11":"shipping-taxable","12":"purchasable","13":"product-type-simple"},"_links":{"self":[{"href":"https:\/\/gambler.m2web.pl\/index.php?rest_route=\/wp\/v2\/product\/10980","targetHints":{"allow":["GET"]}}],"collection":[{"href":"https:\/\/gambler.m2web.pl\/index.php?rest_route=\/wp\/v2\/product"}],"about":[{"href":"https:\/\/gambler.m2web.pl\/index.php?rest_route=\/wp\/v2\/types\/product"}],"replies":[{"embeddable":true,"href":"https:\/\/gambler.m2web.pl\/index.php?rest_route=%2Fwp%2Fv2%2Fcomments&post=10980"}],"version-history":[{"count":1,"href":"https:\/\/gambler.m2web.pl\/index.php?rest_route=\/wp\/v2\/product\/10980\/revisions"}],"predecessor-version":[{"id":11034,"href":"https:\/\/gambler.m2web.pl\/index.php?rest_route=\/wp\/v2\/product\/10980\/revisions\/11034"}],"wp:featuredmedia":[{"embeddable":true,"href":"https:\/\/gambler.m2web.pl\/index.php?rest_route=\/wp\/v2\/media\/11033"}],"wp:attachment":[{"href":"https:\/\/gambler.m2web.pl\/index.php?rest_route=%2Fwp%2Fv2%2Fmedia&parent=10980"}],"wp:term":[{"taxonomy":"product_brand","embeddable":true,"href":"https:\/\/gambler.m2web.pl\/index.php?rest_route=%2Fwp%2Fv2%2Fproduct_brand&post=10980"},{"taxonomy":"product_cat","embeddable":true,"href":"https:\/\/gambler.m2web.pl\/index.php?rest_route=%2Fwp%2Fv2%2Fproduct_cat&post=10980"},{"taxonomy":"product_tag","embeddable":true,"href":"https:\/\/gambler.m2web.pl\/index.php?rest_route=%2Fwp%2Fv2%2Fproduct_tag&post=10980"}],"curies":[{"name":"wp","href":"https:\/\/api.w.org\/{rel}","templated":true}]}}