{"id":10990,"date":"2026-01-06T23:11:38","date_gmt":"2026-01-06T22:11:38","guid":{"rendered":"https:\/\/gambler.m2web.pl\/?post_type=product&#038;p=10990"},"modified":"2026-01-06T23:11:46","modified_gmt":"2026-01-06T22:11:46","slug":"fournier-kosci-do-gry-z-kubkiem","status":"publish","type":"product","link":"https:\/\/gambler.m2web.pl\/?product=fournier-kosci-do-gry-z-kubkiem","title":{"rendered":"Fournier Ko\u015bci do gry z kubkiem"},"content":{"rendered":"","protected":false},"excerpt":{"rendered":"<p><strong>FOURNIER Ko\u015bci do gry z kubkiem<\/strong><br \/>\n<strong>Zestaw pi\u0119ciu ko\u015bci do gry z kubkiem marki Fournier.<\/strong><br \/>\nKubek z tworzywa sztucznego o fakturze imituj\u0105cej sk\u00f3r\u0119, wy\u015bcie\u0142any mi\u0119kkim, zielonym suknem.<br \/>\nKo\u015bci o wymiarach 15 x 15 x 15 mm w kolorze bia\u0142ym.<br \/>\nWiek: 3+.<br \/>\n<em>Firma NH Fournier zosta\u0142a za\u0142o\u017cona w 1868 roku w Hiszpanii.<\/em><br \/>\n<em>W latach 90-tych po\u0142\u0105czy\u0142a si\u0119 z firm\u0105 United States Playing Card Company, w\u0142a\u015bcicielem m.in. takich marek jak: Bee, Bicycle, Kem, Aviator i Hoyle.<\/em><br \/>\n<em>Udzia\u0142 tych marek w \u015bwiatowej produkcji kart przekracza 35%.<\/em><\/p>\n<p><strong>PRODUCENT<\/strong><br \/>\nThe United States Playing Card Company<\/p>\n<p><strong>Adres<\/strong><br \/>\n300 Gap Way, KY 41018\u00a0Erlanger, Stany Zjednoczone<\/p>\n<p><strong>Kontakt<\/strong><br \/>\nhttps:\/\/usplayingcard.com\/contact-us\/<\/p>\n<p>&nbsp;<\/p>\n<p><strong>OSOBA ODPOWIEDZIALNA<\/strong><br \/>\nQUINT Piotr Maliszewski<\/p>\n<p><strong>Adres<\/strong><br \/>\nIrysowa 16, 87-100\u00a0Toru\u0144, Polska<\/p>\n<p><strong>Kontakt<\/strong><br \/>\ninfo@poker-sklep.pl<\/p>\n<p><em>Fournier jest tak\u017ce \u015bwiatowym liderem w produkcji kart dla profesjonalnych kasyn.<\/em><br \/>\n<em>Karty tej marki s\u0105 u\u017cywane w kasynach Vegas, Macau i Monte Carlo.<\/em><\/p>\n","protected":false},"featured_media":11096,"comment_status":"closed","ping_status":"closed","template":"","meta":[],"product_brand":[],"product_cat":[127,161],"product_tag":[],"class_list":{"0":"post-10990","1":"product","2":"type-product","3":"status-publish","4":"has-post-thumbnail","6":"product_cat-akcesoria","7":"product_cat-pozostale","9":"first","10":"instock","11":"shipping-taxable","12":"purchasable","13":"product-type-simple"},"_links":{"self":[{"href":"https:\/\/gambler.m2web.pl\/index.php?rest_route=\/wp\/v2\/product\/10990","targetHints":{"allow":["GET"]}}],"collection":[{"href":"https:\/\/gambler.m2web.pl\/index.php?rest_route=\/wp\/v2\/product"}],"about":[{"href":"https:\/\/gambler.m2web.pl\/index.php?rest_route=\/wp\/v2\/types\/product"}],"replies":[{"embeddable":true,"href":"https:\/\/gambler.m2web.pl\/index.php?rest_route=%2Fwp%2Fv2%2Fcomments&post=10990"}],"version-history":[{"count":1,"href":"https:\/\/gambler.m2web.pl\/index.php?rest_route=\/wp\/v2\/product\/10990\/revisions"}],"predecessor-version":[{"id":11097,"href":"https:\/\/gambler.m2web.pl\/index.php?rest_route=\/wp\/v2\/product\/10990\/revisions\/11097"}],"wp:featuredmedia":[{"embeddable":true,"href":"https:\/\/gambler.m2web.pl\/index.php?rest_route=\/wp\/v2\/media\/11096"}],"wp:attachment":[{"href":"https:\/\/gambler.m2web.pl\/index.php?rest_route=%2Fwp%2Fv2%2Fmedia&parent=10990"}],"wp:term":[{"taxonomy":"product_brand","embeddable":true,"href":"https:\/\/gambler.m2web.pl\/index.php?rest_route=%2Fwp%2Fv2%2Fproduct_brand&post=10990"},{"taxonomy":"product_cat","embeddable":true,"href":"https:\/\/gambler.m2web.pl\/index.php?rest_route=%2Fwp%2Fv2%2Fproduct_cat&post=10990"},{"taxonomy":"product_tag","embeddable":true,"href":"https:\/\/gambler.m2web.pl\/index.php?rest_route=%2Fwp%2Fv2%2Fproduct_tag&post=10990"}],"curies":[{"name":"wp","href":"https:\/\/api.w.org\/{rel}","templated":true}]}}