{"id":10992,"date":"2026-01-06T23:11:38","date_gmt":"2026-01-06T22:11:38","guid":{"rendered":"https:\/\/gambler.m2web.pl\/?post_type=product&#038;p=10992"},"modified":"2026-01-06T23:11:47","modified_gmt":"2026-01-06T22:11:47","slug":"zestaw-do-pokera-500-zetonow-lucky-dragon-ceramika","status":"publish","type":"product","link":"https:\/\/gambler.m2web.pl\/?product=zestaw-do-pokera-500-zetonow-lucky-dragon-ceramika","title":{"rendered":"ZESTAW DO POKERA 500 \u017bETON\u00d3W LUCKY DRAGON CERAMIKA"},"content":{"rendered":"","protected":false},"excerpt":{"rendered":"<p><strong>Zestaw do pokera 500 \u017ceton\u00f3w Lucky Dragon CERAMIKA<\/strong><\/p>\n<p>Profesjonalny\u00a0zestaw \u017ceton\u00f3w w aluminiowej walizce do gry w pokera.<\/p>\n<p>Wysokiej klasy \u017cetony ceramiczne z serii Lucky Dragon z wzorem chi\u0144skiego smoka \u2013 symbolem m\u0105dro\u015bci i d\u0142ugowieczno\u015bci.<\/p>\n<p>\u017betony posiadaj\u0105 delikatnie szorstk\u0105 powierzchni\u0119, dzi\u0119ki kt\u00f3rej \u015bwietnie le\u017c\u0105 w d\u0142oni oraz nadaj\u0105 si\u0119 do wykonywania skomplikowanych trik\u00f3w.<\/p>\n<p>Nomina\u0142y powt\u00f3rzone tak\u017ce na rantach \u017ceton\u00f3w.<\/p>\n<p>Wymiary \u017cetonu:<\/p>\n<p>\u015arednica 39,5 mm<\/p>\n<p>Grubo\u015b\u0107 3,3 mm<\/p>\n<p>Waga 10,5 g<\/p>\n<p><strong>Zawarto\u015b\u0107 zestawu:<\/strong><\/p>\n<p>500 \u017ceton\u00f3w ceramicznych Lucky Dragon<\/p>\n<p>&#8211; 50 o nominale 1<\/p>\n<p>&#8211; 50 o nominale 2<\/p>\n<p>&#8211; 75 o nominale 5<\/p>\n<p>&#8211; 75 o nominale 25<\/p>\n<p>&#8211; 75 o nominale 100<\/p>\n<p>&#8211; 75 o nominale 500<\/p>\n<p>&#8211; 50 o nominale 1.000<\/p>\n<p>&#8211; 25 o nominale 5.000<\/p>\n<p>&#8211; 25 o nominale 25.000<\/p>\n<p>Walizka aluminiowa wy\u015bcie\u0142ana mi\u0119kkim materia\u0142em<\/p>\n<p>Dwie\u00a0talie plastikowych kart do pokera Poker Club (czerwone i niebieskie)<\/p>\n<p>Pi\u0119\u0107 akrylowych ko\u015bci do gry<\/p>\n<p>Ceramiczny Dealer Button\u00a0Lucky Dragon<\/p>\n<p>Waga zestawu: 6,2 kg<\/p>\n","protected":false},"featured_media":11104,"comment_status":"open","ping_status":"closed","template":"","meta":[],"product_brand":[],"product_cat":[137],"product_tag":[],"class_list":{"0":"post-10992","1":"product","2":"type-product","3":"status-publish","4":"has-post-thumbnail","6":"product_cat-zestawy-do-pokera","8":"first","9":"outofstock","10":"shipping-taxable","11":"purchasable","12":"product-type-simple"},"_links":{"self":[{"href":"https:\/\/gambler.m2web.pl\/index.php?rest_route=\/wp\/v2\/product\/10992","targetHints":{"allow":["GET"]}}],"collection":[{"href":"https:\/\/gambler.m2web.pl\/index.php?rest_route=\/wp\/v2\/product"}],"about":[{"href":"https:\/\/gambler.m2web.pl\/index.php?rest_route=\/wp\/v2\/types\/product"}],"replies":[{"embeddable":true,"href":"https:\/\/gambler.m2web.pl\/index.php?rest_route=%2Fwp%2Fv2%2Fcomments&post=10992"}],"version-history":[{"count":1,"href":"https:\/\/gambler.m2web.pl\/index.php?rest_route=\/wp\/v2\/product\/10992\/revisions"}],"predecessor-version":[{"id":11105,"href":"https:\/\/gambler.m2web.pl\/index.php?rest_route=\/wp\/v2\/product\/10992\/revisions\/11105"}],"wp:featuredmedia":[{"embeddable":true,"href":"https:\/\/gambler.m2web.pl\/index.php?rest_route=\/wp\/v2\/media\/11104"}],"wp:attachment":[{"href":"https:\/\/gambler.m2web.pl\/index.php?rest_route=%2Fwp%2Fv2%2Fmedia&parent=10992"}],"wp:term":[{"taxonomy":"product_brand","embeddable":true,"href":"https:\/\/gambler.m2web.pl\/index.php?rest_route=%2Fwp%2Fv2%2Fproduct_brand&post=10992"},{"taxonomy":"product_cat","embeddable":true,"href":"https:\/\/gambler.m2web.pl\/index.php?rest_route=%2Fwp%2Fv2%2Fproduct_cat&post=10992"},{"taxonomy":"product_tag","embeddable":true,"href":"https:\/\/gambler.m2web.pl\/index.php?rest_route=%2Fwp%2Fv2%2Fproduct_tag&post=10992"}],"curies":[{"name":"wp","href":"https:\/\/api.w.org\/{rel}","templated":true}]}}