{"id":11133,"date":"2026-01-06T23:11:50","date_gmt":"2026-01-06T22:11:50","guid":{"rendered":"https:\/\/gambler.m2web.pl\/?post_type=product&#038;p=11133"},"modified":"2026-01-06T23:11:51","modified_gmt":"2026-01-06T22:11:51","slug":"animazing-button-rebuy-ceramika","status":"publish","type":"product","link":"https:\/\/gambler.m2web.pl\/?product=animazing-button-rebuy-ceramika","title":{"rendered":"ANIMAZING BUTTON REBUY CERAMIKA"},"content":{"rendered":"","protected":false},"excerpt":{"rendered":"<p><strong>Button Rebuy Ceramika<\/strong><\/p>\n<p>Button Rebuy\u00a0wykonany w 100% z ceramiki.<\/p>\n<p>Obustronnie nadrukowana 4-kolorowa grafika.<\/p>\n<p>\u015arednica: 47 mm<\/p>\n<p>Grubo\u015b\u0107: 3 mm<\/p>\n<p><strong>O\u015bwiadczam, \u017ce produkt wprowadzono do obrotu w Unii Europejskiej przed 13 grudnia 2024 r. i jest zgodny z \u00f3wczesnymi przepisami bezpiecze\u0144stwa<\/strong><\/p>\n","protected":false},"featured_media":11174,"comment_status":"closed","ping_status":"closed","template":"","meta":[],"product_brand":[],"product_cat":[127,144],"product_tag":[],"class_list":{"0":"post-11133","1":"product","2":"type-product","3":"status-publish","4":"has-post-thumbnail","6":"product_cat-akcesoria","7":"product_cat-buttons","9":"first","10":"instock","11":"shipping-taxable","12":"purchasable","13":"product-type-simple"},"_links":{"self":[{"href":"https:\/\/gambler.m2web.pl\/index.php?rest_route=\/wp\/v2\/product\/11133","targetHints":{"allow":["GET"]}}],"collection":[{"href":"https:\/\/gambler.m2web.pl\/index.php?rest_route=\/wp\/v2\/product"}],"about":[{"href":"https:\/\/gambler.m2web.pl\/index.php?rest_route=\/wp\/v2\/types\/product"}],"replies":[{"embeddable":true,"href":"https:\/\/gambler.m2web.pl\/index.php?rest_route=%2Fwp%2Fv2%2Fcomments&post=11133"}],"version-history":[{"count":1,"href":"https:\/\/gambler.m2web.pl\/index.php?rest_route=\/wp\/v2\/product\/11133\/revisions"}],"predecessor-version":[{"id":11175,"href":"https:\/\/gambler.m2web.pl\/index.php?rest_route=\/wp\/v2\/product\/11133\/revisions\/11175"}],"wp:featuredmedia":[{"embeddable":true,"href":"https:\/\/gambler.m2web.pl\/index.php?rest_route=\/wp\/v2\/media\/11174"}],"wp:attachment":[{"href":"https:\/\/gambler.m2web.pl\/index.php?rest_route=%2Fwp%2Fv2%2Fmedia&parent=11133"}],"wp:term":[{"taxonomy":"product_brand","embeddable":true,"href":"https:\/\/gambler.m2web.pl\/index.php?rest_route=%2Fwp%2Fv2%2Fproduct_brand&post=11133"},{"taxonomy":"product_cat","embeddable":true,"href":"https:\/\/gambler.m2web.pl\/index.php?rest_route=%2Fwp%2Fv2%2Fproduct_cat&post=11133"},{"taxonomy":"product_tag","embeddable":true,"href":"https:\/\/gambler.m2web.pl\/index.php?rest_route=%2Fwp%2Fv2%2Fproduct_tag&post=11133"}],"curies":[{"name":"wp","href":"https:\/\/api.w.org\/{rel}","templated":true}]}}