{"id":11136,"date":"2026-01-06T23:11:50","date_gmt":"2026-01-06T22:11:50","guid":{"rendered":"https:\/\/gambler.m2web.pl\/?post_type=product&#038;p=11136"},"modified":"2026-01-06T23:11:52","modified_gmt":"2026-01-06T22:11:52","slug":"sun-fly-zeton-dealer-button-lucky-dragon-ceramika","status":"publish","type":"product","link":"https:\/\/gambler.m2web.pl\/?product=sun-fly-zeton-dealer-button-lucky-dragon-ceramika","title":{"rendered":"SUN-FLY \u017bETON DEALER BUTTON LUCKY DRAGON CERAMIKA"},"content":{"rendered":"","protected":false},"excerpt":{"rendered":"<p><strong>\u017beton Dealer Button Lucky Dragon Poker Ceramika<\/strong><\/p>\n<p><strong>Seria wysokiej jako\u015bci wielokolorowych \u017ceton\u00f3w i plakiet ceramicznych Lucky Dragon z motywem chi\u0144skiego smoka \u2013 symbolem m\u0105dro\u015bci i d\u0142ugowieczno\u015bci.<\/strong><\/p>\n<p><strong>Wykonane z wypalanej glinki ceramicznej \u2013 najlepszego materia\u0142u wykorzystywanego do produkcji \u017ceton\u00f3w.<\/strong><\/p>\n<p><strong>Charakteryzuj\u0105 si\u0119 idealnym wywa\u017ceniem i du\u017c\u0105 wytrzyma\u0142o\u015bci\u0105.<\/strong><\/p>\n<p>\u017beton z delikatnie szorstk\u0105 powierzchni\u0105, dzi\u0119ki kt\u00f3rej \u015bwietnie le\u017cy w d\u0142oni oraz nadaje si\u0119 do wykonywania skomplikowanych trik\u00f3w.<\/p>\n<p><strong>Nomina\u0142y dost\u0119pne w serii: 1 \/ 2 \/ 5 \/ 25 \/ 100 \/ 500 \/ 1.000 \/ 5.000 \/ 25.000 \/ 100.000 \/ Dealer Button<\/strong><\/p>\n<p>\u015arednica: 50 mm.<\/p>\n<p>Grubo\u015b\u0107: 6 mm.<\/p>\n<p>Waga: 26 g.<\/p>\n","protected":false},"featured_media":11188,"comment_status":"open","ping_status":"closed","template":"","meta":[],"product_brand":[],"product_cat":[127,144,166,136],"product_tag":[],"class_list":{"0":"post-11136","1":"product","2":"type-product","3":"status-publish","4":"has-post-thumbnail","6":"product_cat-akcesoria","7":"product_cat-buttons","8":"product_cat-lucky-dragon","9":"product_cat-zetony-ceramiczne","11":"first","12":"outofstock","13":"shipping-taxable","14":"purchasable","15":"product-type-simple"},"_links":{"self":[{"href":"https:\/\/gambler.m2web.pl\/index.php?rest_route=\/wp\/v2\/product\/11136","targetHints":{"allow":["GET"]}}],"collection":[{"href":"https:\/\/gambler.m2web.pl\/index.php?rest_route=\/wp\/v2\/product"}],"about":[{"href":"https:\/\/gambler.m2web.pl\/index.php?rest_route=\/wp\/v2\/types\/product"}],"replies":[{"embeddable":true,"href":"https:\/\/gambler.m2web.pl\/index.php?rest_route=%2Fwp%2Fv2%2Fcomments&post=11136"}],"version-history":[{"count":1,"href":"https:\/\/gambler.m2web.pl\/index.php?rest_route=\/wp\/v2\/product\/11136\/revisions"}],"predecessor-version":[{"id":11189,"href":"https:\/\/gambler.m2web.pl\/index.php?rest_route=\/wp\/v2\/product\/11136\/revisions\/11189"}],"wp:featuredmedia":[{"embeddable":true,"href":"https:\/\/gambler.m2web.pl\/index.php?rest_route=\/wp\/v2\/media\/11188"}],"wp:attachment":[{"href":"https:\/\/gambler.m2web.pl\/index.php?rest_route=%2Fwp%2Fv2%2Fmedia&parent=11136"}],"wp:term":[{"taxonomy":"product_brand","embeddable":true,"href":"https:\/\/gambler.m2web.pl\/index.php?rest_route=%2Fwp%2Fv2%2Fproduct_brand&post=11136"},{"taxonomy":"product_cat","embeddable":true,"href":"https:\/\/gambler.m2web.pl\/index.php?rest_route=%2Fwp%2Fv2%2Fproduct_cat&post=11136"},{"taxonomy":"product_tag","embeddable":true,"href":"https:\/\/gambler.m2web.pl\/index.php?rest_route=%2Fwp%2Fv2%2Fproduct_tag&post=11136"}],"curies":[{"name":"wp","href":"https:\/\/api.w.org\/{rel}","templated":true}]}}