{"id":11309,"date":"2026-01-06T23:12:00","date_gmt":"2026-01-06T22:12:00","guid":{"rendered":"https:\/\/gambler.m2web.pl\/?post_type=product&#038;p=11309"},"modified":"2026-01-06T23:12:06","modified_gmt":"2026-01-06T22:12:06","slug":"goddess-karty-24-carat-gold-regular-index-kolor-zloty","status":"publish","type":"product","link":"https:\/\/gambler.m2web.pl\/?product=goddess-karty-24-carat-gold-regular-index-kolor-zloty","title":{"rendered":"GODDESS KARTY 24 CARAT GOLD REGULAR INDEX KOLOR Z\u0141OTY"},"content":{"rendered":"","protected":false},"excerpt":{"rendered":"<p><strong>Karty 24 Carat GOLD Regular Index kolor z\u0142oty<\/strong><\/p>\n<p><strong>Jedyne w swoim rodzaju, ol\u015bniewaj\u0105ce karty do gry.<\/strong><\/p>\n<p>Awers i rewers w z\u0142otym kolorze.<\/p>\n<p>Wyt\u0142aczana, lekko chropowata powierzchnia u\u0142atwiaj\u0105ca tasowanie i trzymanie ich w d\u0142oni.<\/p>\n<p>Karty zmywalne, odporne na wyginanie i bardzo wytrzyma\u0142e.<\/p>\n<p><strong>Wykonane z tworzywa i pokryte z\u0142ot\u0105 foli\u0105 (stop 24-karatowy \u2013\u00a099,9% czystego z\u0142ota).<\/strong><\/p>\n<p>Standardowe indeksy.<\/p>\n<p>Talia 52 kart + 2 jokery.<\/p>\n<p>Wymiary kart: 57 x 88 mm.<\/p>\n<p>Waga kart: 121 g.<\/p>\n","protected":false},"featured_media":11391,"comment_status":"open","ping_status":"closed","template":"","meta":[],"product_brand":[],"product_cat":[138,132],"product_tag":[],"class_list":{"0":"post-11309","1":"product","2":"type-product","3":"status-publish","4":"has-post-thumbnail","6":"product_cat-inne","7":"product_cat-karty","9":"first","10":"outofstock","11":"shipping-taxable","12":"purchasable","13":"product-type-simple"},"_links":{"self":[{"href":"https:\/\/gambler.m2web.pl\/index.php?rest_route=\/wp\/v2\/product\/11309","targetHints":{"allow":["GET"]}}],"collection":[{"href":"https:\/\/gambler.m2web.pl\/index.php?rest_route=\/wp\/v2\/product"}],"about":[{"href":"https:\/\/gambler.m2web.pl\/index.php?rest_route=\/wp\/v2\/types\/product"}],"replies":[{"embeddable":true,"href":"https:\/\/gambler.m2web.pl\/index.php?rest_route=%2Fwp%2Fv2%2Fcomments&post=11309"}],"version-history":[{"count":1,"href":"https:\/\/gambler.m2web.pl\/index.php?rest_route=\/wp\/v2\/product\/11309\/revisions"}],"predecessor-version":[{"id":11392,"href":"https:\/\/gambler.m2web.pl\/index.php?rest_route=\/wp\/v2\/product\/11309\/revisions\/11392"}],"wp:featuredmedia":[{"embeddable":true,"href":"https:\/\/gambler.m2web.pl\/index.php?rest_route=\/wp\/v2\/media\/11391"}],"wp:attachment":[{"href":"https:\/\/gambler.m2web.pl\/index.php?rest_route=%2Fwp%2Fv2%2Fmedia&parent=11309"}],"wp:term":[{"taxonomy":"product_brand","embeddable":true,"href":"https:\/\/gambler.m2web.pl\/index.php?rest_route=%2Fwp%2Fv2%2Fproduct_brand&post=11309"},{"taxonomy":"product_cat","embeddable":true,"href":"https:\/\/gambler.m2web.pl\/index.php?rest_route=%2Fwp%2Fv2%2Fproduct_cat&post=11309"},{"taxonomy":"product_tag","embeddable":true,"href":"https:\/\/gambler.m2web.pl\/index.php?rest_route=%2Fwp%2Fv2%2Fproduct_tag&post=11309"}],"curies":[{"name":"wp","href":"https:\/\/api.w.org\/{rel}","templated":true}]}}