{"id":11584,"date":"2026-01-06T23:12:20","date_gmt":"2026-01-06T22:12:20","guid":{"rendered":"https:\/\/gambler.m2web.pl\/?post_type=product&#038;p=11584"},"modified":"2026-01-06T23:12:24","modified_gmt":"2026-01-06T22:12:24","slug":"sun-fly-zeton-bold-class-ceramika-nominal-100-dolarow","status":"publish","type":"product","link":"https:\/\/gambler.m2web.pl\/?product=sun-fly-zeton-bold-class-ceramika-nominal-100-dolarow","title":{"rendered":"SUN-FLY \u017bETON BOLD CLASS CERAMIKA NOMINA\u0141 100 DOLAR\u00d3W"},"content":{"rendered":"","protected":false},"excerpt":{"rendered":"<p><strong>\u017beton Bold Class Ceramika Nomina\u0142 100 Dolar\u00f3w<\/strong><\/p>\n<p><strong>Seria wysokiej jako\u015bci wielokolorowych \u017ceton\u00f3w i plakiet ceramicznych Bold Class z motywem promieni s\u0142onecznych\u00a0\u2013\u00a0symbolem Apolla \u2013 boga pi\u0119kna, \u015bwiat\u0142a i \u017cycia.<\/strong><\/p>\n<p><strong>Wykonane z wypalanej glinki ceramicznej \u2013 najlepszego materia\u0142u wykorzystywanego do produkcji \u017ceton\u00f3w.<\/strong><\/p>\n<p><strong>Charakteryzuj\u0105 si\u0119 idealnym wywa\u017ceniem i du\u017c\u0105 wytrzyma\u0142o\u015bci\u0105.<\/strong><\/p>\n<p>\u017betony z delikatnie szorstk\u0105 powierzchni\u0105, dzi\u0119ki kt\u00f3rej \u015bwietnie le\u017c\u0105 w d\u0142oni oraz nadaj\u0105 si\u0119 do wykonywania skomplikowanych trik\u00f3w.<\/p>\n<p><strong>Du\u017ce obustronne nomina\u0142y.<\/strong><\/p>\n<p>Nomina\u0142y dost\u0119pne w serii: 1 \/ 5 \/ 25 \/ 100 \/ 500 \/ 1.000 \/ 5.000 \/ 25.000 \/ Dealer Button<\/p>\n<p><strong>Cena za sztuk\u0119.<\/strong><\/p>\n<p>\u015arednica: 39,5 mm.<\/p>\n<p>Grubo\u015b\u0107: 3,3 mm.<\/p>\n<p>Waga: 9,5 g.<\/p>\n<p><strong>PRODUCENT<\/strong><br \/>\nSUN-FLY CASINO EQUIPMENT<br \/>\n<strong>ADRES<\/strong><br \/>\nUnit 03, 17th Floor, South Tower, International Commerce Place,1166 Xingang East Road,GuangZhou, China<br \/>\n<strong>KONTAKT<\/strong><br \/>\n<a href=\"mailto:info@sunflycasinochips.com\">info@sun-fly.com<\/a><\/p>\n<p><strong>OSOBA ODPOWIEDZIALNA<\/strong><br \/>\nFirma Handlowa PULIO Krzysztof Gebel<br \/>\n<strong>ADRES<\/strong><br \/>\nKolejowa 3, 55-040 Bielany Wroc\u0142awskie<br \/>\n<strong>KONTAKT<\/strong><br \/>\ntel. +48 71 352 07 80<br \/>\nbiuro@pulio.pl<\/p>\n","protected":false},"featured_media":11659,"comment_status":"closed","ping_status":"closed","template":"","meta":[],"product_brand":[],"product_cat":[165,135,136],"product_tag":[],"class_list":{"0":"post-11584","1":"product","2":"type-product","3":"status-publish","4":"has-post-thumbnail","6":"product_cat-bold-class","7":"product_cat-zetony","8":"product_cat-zetony-ceramiczne","10":"first","11":"instock","12":"shipping-taxable","13":"purchasable","14":"product-type-simple"},"_links":{"self":[{"href":"https:\/\/gambler.m2web.pl\/index.php?rest_route=\/wp\/v2\/product\/11584","targetHints":{"allow":["GET"]}}],"collection":[{"href":"https:\/\/gambler.m2web.pl\/index.php?rest_route=\/wp\/v2\/product"}],"about":[{"href":"https:\/\/gambler.m2web.pl\/index.php?rest_route=\/wp\/v2\/types\/product"}],"replies":[{"embeddable":true,"href":"https:\/\/gambler.m2web.pl\/index.php?rest_route=%2Fwp%2Fv2%2Fcomments&post=11584"}],"version-history":[{"count":1,"href":"https:\/\/gambler.m2web.pl\/index.php?rest_route=\/wp\/v2\/product\/11584\/revisions"}],"predecessor-version":[{"id":11660,"href":"https:\/\/gambler.m2web.pl\/index.php?rest_route=\/wp\/v2\/product\/11584\/revisions\/11660"}],"wp:featuredmedia":[{"embeddable":true,"href":"https:\/\/gambler.m2web.pl\/index.php?rest_route=\/wp\/v2\/media\/11659"}],"wp:attachment":[{"href":"https:\/\/gambler.m2web.pl\/index.php?rest_route=%2Fwp%2Fv2%2Fmedia&parent=11584"}],"wp:term":[{"taxonomy":"product_brand","embeddable":true,"href":"https:\/\/gambler.m2web.pl\/index.php?rest_route=%2Fwp%2Fv2%2Fproduct_brand&post=11584"},{"taxonomy":"product_cat","embeddable":true,"href":"https:\/\/gambler.m2web.pl\/index.php?rest_route=%2Fwp%2Fv2%2Fproduct_cat&post=11584"},{"taxonomy":"product_tag","embeddable":true,"href":"https:\/\/gambler.m2web.pl\/index.php?rest_route=%2Fwp%2Fv2%2Fproduct_tag&post=11584"}],"curies":[{"name":"wp","href":"https:\/\/api.w.org\/{rel}","templated":true}]}}