{"id":11590,"date":"2026-01-06T23:12:20","date_gmt":"2026-01-06T22:12:20","guid":{"rendered":"https:\/\/gambler.m2web.pl\/?post_type=product&#038;p=11590"},"modified":"2026-01-06T23:12:26","modified_gmt":"2026-01-06T22:12:26","slug":"animazing-zeton-liberty-ceramika-nominal-050","status":"publish","type":"product","link":"https:\/\/gambler.m2web.pl\/?product=animazing-zeton-liberty-ceramika-nominal-050","title":{"rendered":"ANIMAZING \u017bETON LIBERTY CERAMIKA NOMINA\u0141 0,50$"},"content":{"rendered":"","protected":false},"excerpt":{"rendered":"<p><strong>\u017beton Liberty Ceramika nomina\u0142 0,50$<\/strong><\/p>\n<p>Najwy\u017cszej jako\u015bci seria \u017ceton\u00f3w ceramicznych wzorowana na dolarach ameryka\u0144skich.<\/p>\n<p>Dla u\u0142atwienia gry nomina\u0142 \u017cetonu jest powt\u00f3rzony tak\u017ce na jego boku.<\/p>\n<p>Delikatnie szorstka powierzchnia \u017ceton\u00f3w pozwala na ustawianie ich w wysokie kominy oraz sprawia, \u017ce \u015bwietnie le\u017c\u0105 w d\u0142oni.<\/p>\n<p>Seria zawiera 14 warto\u015bci, dzi\u0119ki czemu nadaje si\u0119 zar\u00f3wno do turniej\u00f3w, jak i do klasycznej Cash Game.<\/p>\n<p>Dost\u0119pne nomina\u0142y: 0,10 \/ 0,25 \/ 0,50 \/ 1 \/ 5 \/ 25 \/ 50 \/ 100 \/ 500 \/ 1.000 \/ 5.000 \/ 25.000 \/ 100.000 \/ 1.000.000<\/p>\n<p>Wymiary:<\/p>\n<p>\u015arednica 40 mm<\/p>\n<p>Grubo\u015b\u0107 3,3 mm<\/p>\n<p>Waga 10,5 g.<\/p>\n","protected":false},"featured_media":11674,"comment_status":"open","ping_status":"closed","template":"","meta":[],"product_brand":[],"product_cat":[170,135,136],"product_tag":[],"class_list":{"0":"post-11590","1":"product","2":"type-product","3":"status-publish","4":"has-post-thumbnail","6":"product_cat-liberty","7":"product_cat-zetony","8":"product_cat-zetony-ceramiczne","10":"first","11":"outofstock","12":"shipping-taxable","13":"purchasable","14":"product-type-simple"},"_links":{"self":[{"href":"https:\/\/gambler.m2web.pl\/index.php?rest_route=\/wp\/v2\/product\/11590","targetHints":{"allow":["GET"]}}],"collection":[{"href":"https:\/\/gambler.m2web.pl\/index.php?rest_route=\/wp\/v2\/product"}],"about":[{"href":"https:\/\/gambler.m2web.pl\/index.php?rest_route=\/wp\/v2\/types\/product"}],"replies":[{"embeddable":true,"href":"https:\/\/gambler.m2web.pl\/index.php?rest_route=%2Fwp%2Fv2%2Fcomments&post=11590"}],"version-history":[{"count":1,"href":"https:\/\/gambler.m2web.pl\/index.php?rest_route=\/wp\/v2\/product\/11590\/revisions"}],"predecessor-version":[{"id":11675,"href":"https:\/\/gambler.m2web.pl\/index.php?rest_route=\/wp\/v2\/product\/11590\/revisions\/11675"}],"wp:featuredmedia":[{"embeddable":true,"href":"https:\/\/gambler.m2web.pl\/index.php?rest_route=\/wp\/v2\/media\/11674"}],"wp:attachment":[{"href":"https:\/\/gambler.m2web.pl\/index.php?rest_route=%2Fwp%2Fv2%2Fmedia&parent=11590"}],"wp:term":[{"taxonomy":"product_brand","embeddable":true,"href":"https:\/\/gambler.m2web.pl\/index.php?rest_route=%2Fwp%2Fv2%2Fproduct_brand&post=11590"},{"taxonomy":"product_cat","embeddable":true,"href":"https:\/\/gambler.m2web.pl\/index.php?rest_route=%2Fwp%2Fv2%2Fproduct_cat&post=11590"},{"taxonomy":"product_tag","embeddable":true,"href":"https:\/\/gambler.m2web.pl\/index.php?rest_route=%2Fwp%2Fv2%2Fproduct_tag&post=11590"}],"curies":[{"name":"wp","href":"https:\/\/api.w.org\/{rel}","templated":true}]}}