{"id":11699,"date":"2026-01-06T23:12:27","date_gmt":"2026-01-06T22:12:27","guid":{"rendered":"https:\/\/gambler.m2web.pl\/?post_type=product&#038;p=11699"},"modified":"2026-01-06T23:12:29","modified_gmt":"2026-01-06T22:12:29","slug":"sun-fly-plakieta-lucky-dragon-ceramika-nominal-25-000","status":"publish","type":"product","link":"https:\/\/gambler.m2web.pl\/?product=sun-fly-plakieta-lucky-dragon-ceramika-nominal-25-000","title":{"rendered":"Sun Fly Plakieta Lucky Dragon ceramika nomina\u0142 25.000"},"content":{"rendered":"","protected":false},"excerpt":{"rendered":"<p><strong>Plakieta Lucky Dragon Poker Ceramika Nomina\u0142 25.000<\/strong><br \/>\n<strong>Seria wysokiej jako\u015bci wielokolorowych \u017ceton\u00f3w i plakiet ceramicznych Lucky Dragon z motywem chi\u0144skiego smoka \u2013 symbolem m\u0105dro\u015bci i d\u0142ugowieczno\u015bci.<\/strong><br \/>\n<strong>Wykonane z wypalanej glinki ceramicznej \u2013 najlepszego materia\u0142u wykorzystywanego do produkcji \u017ceton\u00f3w.<\/strong><br \/>\n<strong>Charakteryzuj\u0105 si\u0119 idealnym wywa\u017ceniem i du\u017c\u0105 wytrzyma\u0142o\u015bci\u0105.<\/strong><br \/>\nPlakieta z delikatnie szorstk\u0105 powierzchni\u0105, dzi\u0119ki kt\u00f3rej \u015bwietnie le\u017cy w d\u0142oni oraz nadaje si\u0119 do wykonywania skomplikowanych trik\u00f3w.<br \/>\n<strong>Du\u017ce obustronne nomina\u0142y.<\/strong><br \/>\n<strong>Nomina\u0142y dost\u0119pne w serii: 1 \/ 2 \/ 5 \/ 25 \/ 100 \/ 500 \/ 1.000 \/ 5.000 \/ 25.000 \/ 100.000 \/ Dealer Button<\/strong><br \/>\nWymiary: 84 x 53 mm.<br \/>\nGrubo\u015b\u0107: 3 mm.<br \/>\nWaga: 33 g.<\/p>\n<p><strong>PRODUCENT<\/strong><br \/>\nSUN-FLY CASINO EQUIPMENT<br \/>\n<strong>ADRES<\/strong><br \/>\nUnit 03, 17th Floor, South Tower, International Commerce Place,1166 Xingang East Road,GuangZhou, China<br \/>\n<strong>KONTAKT<\/strong><br \/>\n<a href=\"mailto:info@sunflycasinochips.com\">info@sun-fly.com<\/a><\/p>\n<p><strong>OSOBA ODPOWIEDZIALNA<\/strong><br \/>\nFirma Handlowa PULIO Krzysztof Gebel<br \/>\n<strong>ADRES<\/strong><br \/>\nKolejowa 3, 55-040 Bielany Wroc\u0142awskie<br \/>\n<strong>KONTAKT<\/strong><br \/>\ntel. +48 71 352 07 80<br \/>\nbiuro@pulio.pl<\/p>\n","protected":false},"featured_media":11744,"comment_status":"closed","ping_status":"closed","template":"","meta":[],"product_brand":[],"product_cat":[166,135,136],"product_tag":[],"class_list":{"0":"post-11699","1":"product","2":"type-product","3":"status-publish","4":"has-post-thumbnail","6":"product_cat-lucky-dragon","7":"product_cat-zetony","8":"product_cat-zetony-ceramiczne","10":"first","11":"outofstock","12":"shipping-taxable","13":"purchasable","14":"product-type-simple"},"_links":{"self":[{"href":"https:\/\/gambler.m2web.pl\/index.php?rest_route=\/wp\/v2\/product\/11699","targetHints":{"allow":["GET"]}}],"collection":[{"href":"https:\/\/gambler.m2web.pl\/index.php?rest_route=\/wp\/v2\/product"}],"about":[{"href":"https:\/\/gambler.m2web.pl\/index.php?rest_route=\/wp\/v2\/types\/product"}],"replies":[{"embeddable":true,"href":"https:\/\/gambler.m2web.pl\/index.php?rest_route=%2Fwp%2Fv2%2Fcomments&post=11699"}],"version-history":[{"count":1,"href":"https:\/\/gambler.m2web.pl\/index.php?rest_route=\/wp\/v2\/product\/11699\/revisions"}],"predecessor-version":[{"id":11745,"href":"https:\/\/gambler.m2web.pl\/index.php?rest_route=\/wp\/v2\/product\/11699\/revisions\/11745"}],"wp:featuredmedia":[{"embeddable":true,"href":"https:\/\/gambler.m2web.pl\/index.php?rest_route=\/wp\/v2\/media\/11744"}],"wp:attachment":[{"href":"https:\/\/gambler.m2web.pl\/index.php?rest_route=%2Fwp%2Fv2%2Fmedia&parent=11699"}],"wp:term":[{"taxonomy":"product_brand","embeddable":true,"href":"https:\/\/gambler.m2web.pl\/index.php?rest_route=%2Fwp%2Fv2%2Fproduct_brand&post=11699"},{"taxonomy":"product_cat","embeddable":true,"href":"https:\/\/gambler.m2web.pl\/index.php?rest_route=%2Fwp%2Fv2%2Fproduct_cat&post=11699"},{"taxonomy":"product_tag","embeddable":true,"href":"https:\/\/gambler.m2web.pl\/index.php?rest_route=%2Fwp%2Fv2%2Fproduct_tag&post=11699"}],"curies":[{"name":"wp","href":"https:\/\/api.w.org\/{rel}","templated":true}]}}