{"id":11711,"date":"2026-01-06T23:12:27","date_gmt":"2026-01-06T22:12:27","guid":{"rendered":"https:\/\/gambler.m2web.pl\/?post_type=product&#038;p=11711"},"modified":"2026-01-06T23:12:31","modified_gmt":"2026-01-06T22:12:31","slug":"sun-fly-zeton-spaydz-ceramika-nominal-1-000","status":"publish","type":"product","link":"https:\/\/gambler.m2web.pl\/?product=sun-fly-zeton-spaydz-ceramika-nominal-1-000","title":{"rendered":"Sun Fly \u017beton Spaydz ceramika nomina\u0142 1.000$"},"content":{"rendered":"","protected":false},"excerpt":{"rendered":"<p><strong>SUN-FLY \u017beton Spaydz Ceramika Nomina\u0142 1.000$<\/strong><\/p>\n<p><strong>Wyj\u0105tkowej urody \u017cetony ceramiczne serii Spaydz z klasycznym wzorem, stylizowane na \u017cetony wykorzystywane w profesjonalnych kasynach.<\/strong><\/p>\n<p><strong>Wykonane z wypalanej glinki ceramicznej \u2013 najlepszego materia\u0142u wykorzystywanego do produkcji \u017ceton\u00f3w.<\/strong><\/p>\n<p><strong>Charakteryzuj\u0105 si\u0119 idealnym wywa\u017ceniem i du\u017c\u0105 wytrzyma\u0142o\u015bci\u0105.<\/strong><\/p>\n<p>\u017betony posiadaj\u0105 delikatnie szorstk\u0105 powierzchni\u0119, dzi\u0119ki kt\u00f3rej \u015bwietnie le\u017c\u0105 w d\u0142oni, \u0142atwo uk\u0142adaj\u0105 si\u0119 w s\u0142upki oraz nadaj\u0105 si\u0119 do wykonywania skomplikowanych trik\u00f3w.<\/p>\n<p><strong>\u017betony z dolarowym nomina\u0142em na awersie i kolorow\u0105 grafik\u0105 na rewersie.<\/strong><\/p>\n<p>Nomina\u0142y dost\u0119pne w serii: 1 \/ 5 \/ 25 \/ 100 \/ 500 \/ 1.000 \/ 5.000 \/ 25.000 \/ 100.000 \/ Dealer Button<\/p>\n<p>Wymiary:<\/p>\n<p>\u015arednica: 39,5 mm.<\/p>\n<p>Grubo\u015b\u0107: 3,3 mm.<\/p>\n<p>Waga: 9,5 g.<\/p>\n<p>&nbsp;<\/p>\n<p><strong>PRODUCENT<\/strong><br \/>\nSUN-FLY CASINO EQUIPMENT<br \/>\n<strong>ADRES<\/strong><br \/>\nUnit 03, 17th Floor, South Tower, International Commerce Place,1166 Xingang East Road,GuangZhou, China<br \/>\n<strong>KONTAKT<\/strong><br \/>\n<a href=\"mailto:info@sunflycasinochips.com\">info@sun-fly.com<\/a><\/p>\n<p><strong>OSOBA ODPOWIEDZIALNA<\/strong><br \/>\nFirma Handlowa PULIO Krzysztof Gebel<br \/>\n<strong>ADRES<\/strong><br \/>\nKolejowa 3, 55-040 Bielany Wroc\u0142awskie<br \/>\n<strong>KONTAKT<\/strong><br \/>\ntel. +48 71 352 07 80<br \/>\nbiuro@pulio.pl<\/p>\n","protected":false},"featured_media":11779,"comment_status":"closed","ping_status":"closed","template":"","meta":[],"product_brand":[],"product_cat":[164,135,136],"product_tag":[],"class_list":{"0":"post-11711","1":"product","2":"type-product","3":"status-publish","4":"has-post-thumbnail","6":"product_cat-spaydz","7":"product_cat-zetony","8":"product_cat-zetony-ceramiczne","10":"first","11":"instock","12":"shipping-taxable","13":"purchasable","14":"product-type-simple"},"_links":{"self":[{"href":"https:\/\/gambler.m2web.pl\/index.php?rest_route=\/wp\/v2\/product\/11711","targetHints":{"allow":["GET"]}}],"collection":[{"href":"https:\/\/gambler.m2web.pl\/index.php?rest_route=\/wp\/v2\/product"}],"about":[{"href":"https:\/\/gambler.m2web.pl\/index.php?rest_route=\/wp\/v2\/types\/product"}],"replies":[{"embeddable":true,"href":"https:\/\/gambler.m2web.pl\/index.php?rest_route=%2Fwp%2Fv2%2Fcomments&post=11711"}],"version-history":[{"count":1,"href":"https:\/\/gambler.m2web.pl\/index.php?rest_route=\/wp\/v2\/product\/11711\/revisions"}],"predecessor-version":[{"id":11780,"href":"https:\/\/gambler.m2web.pl\/index.php?rest_route=\/wp\/v2\/product\/11711\/revisions\/11780"}],"wp:featuredmedia":[{"embeddable":true,"href":"https:\/\/gambler.m2web.pl\/index.php?rest_route=\/wp\/v2\/media\/11779"}],"wp:attachment":[{"href":"https:\/\/gambler.m2web.pl\/index.php?rest_route=%2Fwp%2Fv2%2Fmedia&parent=11711"}],"wp:term":[{"taxonomy":"product_brand","embeddable":true,"href":"https:\/\/gambler.m2web.pl\/index.php?rest_route=%2Fwp%2Fv2%2Fproduct_brand&post=11711"},{"taxonomy":"product_cat","embeddable":true,"href":"https:\/\/gambler.m2web.pl\/index.php?rest_route=%2Fwp%2Fv2%2Fproduct_cat&post=11711"},{"taxonomy":"product_tag","embeddable":true,"href":"https:\/\/gambler.m2web.pl\/index.php?rest_route=%2Fwp%2Fv2%2Fproduct_tag&post=11711"}],"curies":[{"name":"wp","href":"https:\/\/api.w.org\/{rel}","templated":true}]}}