{"id":11713,"date":"2026-01-06T23:12:27","date_gmt":"2026-01-06T22:12:27","guid":{"rendered":"https:\/\/gambler.m2web.pl\/?post_type=product&#038;p=11713"},"modified":"2026-01-06T23:12:31","modified_gmt":"2026-01-06T22:12:31","slug":"sun-fly-plakieta-spaydz-ceramika-nominal-25-000","status":"publish","type":"product","link":"https:\/\/gambler.m2web.pl\/?product=sun-fly-plakieta-spaydz-ceramika-nominal-25-000","title":{"rendered":"Sun Fly Plakieta Spaydz ceramika nomina\u0142 25.000$"},"content":{"rendered":"","protected":false},"excerpt":{"rendered":"<p><strong>SUN-FLY Plakieta Spaydz Ceramika Nomina\u0142 25.000$<\/strong><\/p>\n<p><strong>Ceramiczna plakieta z obustronnym dolarowym nomina\u0142em serii Spaydz z pi\u0119knym, klasycznym wzorem.<\/strong><\/p>\n<p><strong>Wykonana z wypalanej glinki ceramicznej \u2013 najlepszego materia\u0142u wykorzystywanego do produkcji \u017ceton\u00f3w.<\/strong><\/p>\n<p><strong>Charakteryzuje si\u0119 idealnym wywa\u017ceniem i du\u017c\u0105 wytrzyma\u0142o\u015bci\u0105.<\/strong><\/p>\n<p>Ma delikatnie szorstk\u0105 powierzchni\u0119 i obustronny nomina\u0142.<\/p>\n<p>S\u0142u\u017cy do powi\u0119kszenia zestawu \u017ceton\u00f3w o wy\u017csz\u0105 warto\u015b\u0107.<\/p>\n<p><strong>Nomina\u0142y dost\u0119pne w serii: 1 \/ 5 \/ 25 \/ 100 \/ 500 \/ 1.000 \/ 5.000 \/ 25.000 \/ 100.000 \/ Dealer Button<\/strong><\/p>\n<p><strong>Wymiary:<\/strong> 84 x 53 mm.<\/p>\n<p>Grubo\u015b\u0107: 3 mm.<\/p>\n<p>Waga: 33 g.<\/p>\n","protected":false},"featured_media":11783,"comment_status":"open","ping_status":"closed","template":"","meta":[],"product_brand":[],"product_cat":[164,135,136],"product_tag":[],"class_list":{"0":"post-11713","1":"product","2":"type-product","3":"status-publish","4":"has-post-thumbnail","6":"product_cat-spaydz","7":"product_cat-zetony","8":"product_cat-zetony-ceramiczne","10":"first","11":"outofstock","12":"shipping-taxable","13":"purchasable","14":"product-type-simple"},"_links":{"self":[{"href":"https:\/\/gambler.m2web.pl\/index.php?rest_route=\/wp\/v2\/product\/11713","targetHints":{"allow":["GET"]}}],"collection":[{"href":"https:\/\/gambler.m2web.pl\/index.php?rest_route=\/wp\/v2\/product"}],"about":[{"href":"https:\/\/gambler.m2web.pl\/index.php?rest_route=\/wp\/v2\/types\/product"}],"replies":[{"embeddable":true,"href":"https:\/\/gambler.m2web.pl\/index.php?rest_route=%2Fwp%2Fv2%2Fcomments&post=11713"}],"version-history":[{"count":1,"href":"https:\/\/gambler.m2web.pl\/index.php?rest_route=\/wp\/v2\/product\/11713\/revisions"}],"predecessor-version":[{"id":11784,"href":"https:\/\/gambler.m2web.pl\/index.php?rest_route=\/wp\/v2\/product\/11713\/revisions\/11784"}],"wp:featuredmedia":[{"embeddable":true,"href":"https:\/\/gambler.m2web.pl\/index.php?rest_route=\/wp\/v2\/media\/11783"}],"wp:attachment":[{"href":"https:\/\/gambler.m2web.pl\/index.php?rest_route=%2Fwp%2Fv2%2Fmedia&parent=11713"}],"wp:term":[{"taxonomy":"product_brand","embeddable":true,"href":"https:\/\/gambler.m2web.pl\/index.php?rest_route=%2Fwp%2Fv2%2Fproduct_brand&post=11713"},{"taxonomy":"product_cat","embeddable":true,"href":"https:\/\/gambler.m2web.pl\/index.php?rest_route=%2Fwp%2Fv2%2Fproduct_cat&post=11713"},{"taxonomy":"product_tag","embeddable":true,"href":"https:\/\/gambler.m2web.pl\/index.php?rest_route=%2Fwp%2Fv2%2Fproduct_tag&post=11713"}],"curies":[{"name":"wp","href":"https:\/\/api.w.org\/{rel}","templated":true}]}}