{"id":11800,"date":"2026-01-06T23:12:32","date_gmt":"2026-01-06T22:12:32","guid":{"rendered":"https:\/\/gambler.m2web.pl\/?post_type=product&#038;p=11800"},"modified":"2026-01-06T23:12:34","modified_gmt":"2026-01-06T22:12:34","slug":"sun-fly-plakieta-valentino-ceramika-nominal-500-000","status":"publish","type":"product","link":"https:\/\/gambler.m2web.pl\/?product=sun-fly-plakieta-valentino-ceramika-nominal-500-000","title":{"rendered":"Sun Fly Plakieta Valentino ceramika nomina\u0142 500.000"},"content":{"rendered":"","protected":false},"excerpt":{"rendered":"<p><strong>SUN-FLY Plakieta Valentino Ceramika Nomina\u0142 500.000<\/strong><\/p>\n<p><strong>Ceramiczna plakieta o nominale 100.000 serii Valentino Poker Room o klasycznym wygl\u0105dzie.<\/strong><\/p>\n<p><strong>Wykonana z wypalanej glinki ceramicznej \u2013 najlepszego materia\u0142u wykorzystywanego do produkcji \u017ceton\u00f3w.<\/strong><\/p>\n<p><strong>Charakteryzuje si\u0119 idealnym wywa\u017ceniem i du\u017c\u0105 wytrzyma\u0142o\u015bci\u0105.<\/strong><\/p>\n<p>Ma delikatnie szorstk\u0105 powierzchni\u0119 i obustronny nomina\u0142.<\/p>\n<p>S\u0142u\u017cy do powi\u0119kszenia zestawu \u017ceton\u00f3w o wy\u017csz\u0105 warto\u015b\u0107.<\/p>\n<p>Dost\u0119pne nomina\u0142y: 1 \/ 2 \/ 5 \/ 20 \/ 25 \/ 100 \/ 500 \/ 1.000 \/ 5.000 \/ 10.000 \/ 25.000 \/ 100.000 \/ 500.000 \/ Dealer Button<\/p>\n<p>Wymiary: 84 x 53 mm.<\/p>\n<p>Grubo\u015b\u0107: 3 mm.<\/p>\n<p>Waga: 33 g.<\/p>\n","protected":false},"featured_media":11840,"comment_status":"open","ping_status":"closed","template":"","meta":[],"product_brand":[],"product_cat":[160,135,136],"product_tag":[],"class_list":{"0":"post-11800","1":"product","2":"type-product","3":"status-publish","4":"has-post-thumbnail","6":"product_cat-valentino-poker-room","7":"product_cat-zetony","8":"product_cat-zetony-ceramiczne","10":"first","11":"outofstock","12":"shipping-taxable","13":"purchasable","14":"product-type-simple"},"_links":{"self":[{"href":"https:\/\/gambler.m2web.pl\/index.php?rest_route=\/wp\/v2\/product\/11800","targetHints":{"allow":["GET"]}}],"collection":[{"href":"https:\/\/gambler.m2web.pl\/index.php?rest_route=\/wp\/v2\/product"}],"about":[{"href":"https:\/\/gambler.m2web.pl\/index.php?rest_route=\/wp\/v2\/types\/product"}],"replies":[{"embeddable":true,"href":"https:\/\/gambler.m2web.pl\/index.php?rest_route=%2Fwp%2Fv2%2Fcomments&post=11800"}],"version-history":[{"count":1,"href":"https:\/\/gambler.m2web.pl\/index.php?rest_route=\/wp\/v2\/product\/11800\/revisions"}],"predecessor-version":[{"id":11841,"href":"https:\/\/gambler.m2web.pl\/index.php?rest_route=\/wp\/v2\/product\/11800\/revisions\/11841"}],"wp:featuredmedia":[{"embeddable":true,"href":"https:\/\/gambler.m2web.pl\/index.php?rest_route=\/wp\/v2\/media\/11840"}],"wp:attachment":[{"href":"https:\/\/gambler.m2web.pl\/index.php?rest_route=%2Fwp%2Fv2%2Fmedia&parent=11800"}],"wp:term":[{"taxonomy":"product_brand","embeddable":true,"href":"https:\/\/gambler.m2web.pl\/index.php?rest_route=%2Fwp%2Fv2%2Fproduct_brand&post=11800"},{"taxonomy":"product_cat","embeddable":true,"href":"https:\/\/gambler.m2web.pl\/index.php?rest_route=%2Fwp%2Fv2%2Fproduct_cat&post=11800"},{"taxonomy":"product_tag","embeddable":true,"href":"https:\/\/gambler.m2web.pl\/index.php?rest_route=%2Fwp%2Fv2%2Fproduct_tag&post=11800"}],"curies":[{"name":"wp","href":"https:\/\/api.w.org\/{rel}","templated":true}]}}