{"id":11803,"date":"2026-01-06T23:12:33","date_gmt":"2026-01-06T22:12:33","guid":{"rendered":"https:\/\/gambler.m2web.pl\/?post_type=product&#038;p=11803"},"modified":"2026-01-06T23:12:35","modified_gmt":"2026-01-06T22:12:35","slug":"animazing-plakieta-wsop-ceramika-nominal-1-000-000","status":"publish","type":"product","link":"https:\/\/gambler.m2web.pl\/?product=animazing-plakieta-wsop-ceramika-nominal-1-000-000","title":{"rendered":"Animazing Plakieta WSOP ceramika nomina\u0142 1.000.000"},"content":{"rendered":"","protected":false},"excerpt":{"rendered":"<p><strong>Plakieta WSOP Ceramika Nomina\u0142 1.000.000<\/strong><\/p>\n<p><strong>Seria najwy\u017cszej klasy \u017ceton\u00f3w i plakiet ceramicznych.<\/strong><\/p>\n<p><strong>Wykonane przy u\u017cyciu najnowocze\u015bniejszych materia\u0142\u00f3w i najnowszych metod produkcji.<\/strong><\/p>\n<p><strong>Oficjalne repliki \u017ceton\u00f3w turniejowych autoryzowane przez\u00a0Caesar&#8217;s Entertainment\u00a0\u2013 organizatora i w\u0142a\u015bciciela praw do marki\u00a0World Series of Poker!<\/strong><\/p>\n<p>Du\u017ce obustronne nomina\u0142y.<\/p>\n<p>Charakteryzuj\u0105 si\u0119 delikatnie szorstk\u0105 powierzchni\u0105 oraz dodatkowo wyg\u0142adzonymi w procesie produkcyjnym kraw\u0119dziami.<\/p>\n<p>Nomina\u0142y w serii: 25 \/ 100 \/ 500 \/ 1.000 \/ 5.000 \/ 25.000 \/ 100.000 \/ 1.000.000 \/ 10.000.000<\/p>\n<p>Wymiary: 84 x 53 mm.<\/p>\n<p>Grubo\u015b\u0107: 3 mm.<\/p>\n<p>Waga: 33 g.<\/p>\n","protected":false},"featured_media":11850,"comment_status":"open","ping_status":"closed","template":"","meta":[],"product_brand":[],"product_cat":[171,135,136],"product_tag":[],"class_list":{"0":"post-11803","1":"product","2":"type-product","3":"status-publish","4":"has-post-thumbnail","6":"product_cat-wsop","7":"product_cat-zetony","8":"product_cat-zetony-ceramiczne","10":"first","11":"outofstock","12":"shipping-taxable","13":"purchasable","14":"product-type-simple"},"_links":{"self":[{"href":"https:\/\/gambler.m2web.pl\/index.php?rest_route=\/wp\/v2\/product\/11803","targetHints":{"allow":["GET"]}}],"collection":[{"href":"https:\/\/gambler.m2web.pl\/index.php?rest_route=\/wp\/v2\/product"}],"about":[{"href":"https:\/\/gambler.m2web.pl\/index.php?rest_route=\/wp\/v2\/types\/product"}],"replies":[{"embeddable":true,"href":"https:\/\/gambler.m2web.pl\/index.php?rest_route=%2Fwp%2Fv2%2Fcomments&post=11803"}],"version-history":[{"count":1,"href":"https:\/\/gambler.m2web.pl\/index.php?rest_route=\/wp\/v2\/product\/11803\/revisions"}],"predecessor-version":[{"id":11851,"href":"https:\/\/gambler.m2web.pl\/index.php?rest_route=\/wp\/v2\/product\/11803\/revisions\/11851"}],"wp:featuredmedia":[{"embeddable":true,"href":"https:\/\/gambler.m2web.pl\/index.php?rest_route=\/wp\/v2\/media\/11850"}],"wp:attachment":[{"href":"https:\/\/gambler.m2web.pl\/index.php?rest_route=%2Fwp%2Fv2%2Fmedia&parent=11803"}],"wp:term":[{"taxonomy":"product_brand","embeddable":true,"href":"https:\/\/gambler.m2web.pl\/index.php?rest_route=%2Fwp%2Fv2%2Fproduct_brand&post=11803"},{"taxonomy":"product_cat","embeddable":true,"href":"https:\/\/gambler.m2web.pl\/index.php?rest_route=%2Fwp%2Fv2%2Fproduct_cat&post=11803"},{"taxonomy":"product_tag","embeddable":true,"href":"https:\/\/gambler.m2web.pl\/index.php?rest_route=%2Fwp%2Fv2%2Fproduct_tag&post=11803"}],"curies":[{"name":"wp","href":"https:\/\/api.w.org\/{rel}","templated":true}]}}