{"id":11808,"date":"2026-01-06T23:12:33","date_gmt":"2026-01-06T22:12:33","guid":{"rendered":"https:\/\/gambler.m2web.pl\/?post_type=product&#038;p=11808"},"modified":"2026-01-06T23:12:36","modified_gmt":"2026-01-06T22:12:36","slug":"mona-zeton-casino-poker-chip-nominal-20-kolor-zielony","status":"publish","type":"product","link":"https:\/\/gambler.m2web.pl\/?product=mona-zeton-casino-poker-chip-nominal-20-kolor-zielony","title":{"rendered":"MONA \u017beton Casino Poker Chip nomina\u0142 20 kolor zielony"},"content":{"rendered":"<h1><strong>MONA \u017beton Casino Poker Chip nomina\u0142 20 kolor zielony<\/strong><\/h1>\n<p><strong>Seria wysokiej klasy \u017ceton\u00f3w do gry w pokera z symbolami gwiazdy i kr\u00f3lewskiej korony.<\/strong><br \/>\nWykonane z tworzywa sztucznego ze zwi\u0119kszaj\u0105c\u0105 wag\u0119 metalow\u0105 wk\u0142adk\u0105.<br \/>\n<strong>Obustronne nomina\u0142y.<\/strong><br \/>\nCharakteryzuj\u0105 si\u0119 wi\u0119kszym ci\u0119\u017carem i sprawdzaj\u0105 si\u0119 w grze lepiej od standardowych \u017ceton\u00f3w 11,5 g.<br \/>\n<strong>Nomina\u0142y dost\u0119pne w serii: 1 \/ 2 \/ 5 \/ 20 \/ 25 \/ 50 \/100 \/ 200 \/ 500 \/ 1.000 \/ 2.000 \/ 5.000 \/ 10.000.<\/strong><br \/>\n<strong>Wymiary:<\/strong><br \/>\n\u015arednica: 40 mm<br \/>\nGrubo\u015b\u0107: 3 mm<br \/>\nWaga: 13,5 g.<\/p>\n<p><strong>O\u015bwiadczam, \u017ce produkt wprowadzono do obrotu w Unii Europejskiej przed 13 grudnia 2024 r. i jest zgodny z \u00f3wczesnymi przepisami bezpiecze\u0144stwa<\/strong><\/p>\n","protected":false},"excerpt":{"rendered":"<p>MONA \u017beton Casino Poker Chip nomina\u0142 20 kolor zielony Seria wysokiej klasy \u017ceton\u00f3w do gry w pokera z symbolami gwiazdy<\/p>\n","protected":false},"featured_media":11860,"comment_status":"closed","ping_status":"closed","template":"","meta":[],"product_brand":[],"product_cat":[173,135,172],"product_tag":[],"class_list":{"0":"post-11808","1":"product","2":"type-product","3":"status-publish","4":"has-post-thumbnail","6":"product_cat-mona-casino-poker-chip","7":"product_cat-zetony","8":"product_cat-zetony-z-nominalem-135-g","10":"first","11":"instock","12":"shipping-taxable","13":"purchasable","14":"product-type-simple"},"_links":{"self":[{"href":"https:\/\/gambler.m2web.pl\/index.php?rest_route=\/wp\/v2\/product\/11808","targetHints":{"allow":["GET"]}}],"collection":[{"href":"https:\/\/gambler.m2web.pl\/index.php?rest_route=\/wp\/v2\/product"}],"about":[{"href":"https:\/\/gambler.m2web.pl\/index.php?rest_route=\/wp\/v2\/types\/product"}],"replies":[{"embeddable":true,"href":"https:\/\/gambler.m2web.pl\/index.php?rest_route=%2Fwp%2Fv2%2Fcomments&post=11808"}],"version-history":[{"count":1,"href":"https:\/\/gambler.m2web.pl\/index.php?rest_route=\/wp\/v2\/product\/11808\/revisions"}],"predecessor-version":[{"id":11861,"href":"https:\/\/gambler.m2web.pl\/index.php?rest_route=\/wp\/v2\/product\/11808\/revisions\/11861"}],"wp:featuredmedia":[{"embeddable":true,"href":"https:\/\/gambler.m2web.pl\/index.php?rest_route=\/wp\/v2\/media\/11860"}],"wp:attachment":[{"href":"https:\/\/gambler.m2web.pl\/index.php?rest_route=%2Fwp%2Fv2%2Fmedia&parent=11808"}],"wp:term":[{"taxonomy":"product_brand","embeddable":true,"href":"https:\/\/gambler.m2web.pl\/index.php?rest_route=%2Fwp%2Fv2%2Fproduct_brand&post=11808"},{"taxonomy":"product_cat","embeddable":true,"href":"https:\/\/gambler.m2web.pl\/index.php?rest_route=%2Fwp%2Fv2%2Fproduct_cat&post=11808"},{"taxonomy":"product_tag","embeddable":true,"href":"https:\/\/gambler.m2web.pl\/index.php?rest_route=%2Fwp%2Fv2%2Fproduct_tag&post=11808"}],"curies":[{"name":"wp","href":"https:\/\/api.w.org\/{rel}","templated":true}]}}