{"id":11900,"date":"2026-01-06T23:12:38","date_gmt":"2026-01-06T22:12:38","guid":{"rendered":"https:\/\/gambler.m2web.pl\/?post_type=product&#038;p=11900"},"modified":"2026-01-06T23:12:40","modified_gmt":"2026-01-06T22:12:40","slug":"animazing-zeton-the-nuts-poker-chip-nominal-5","status":"publish","type":"product","link":"https:\/\/gambler.m2web.pl\/?product=animazing-zeton-the-nuts-poker-chip-nominal-5","title":{"rendered":"Animazing \u017beton The Nuts Poker Chip nomina\u0142 5"},"content":{"rendered":"","protected":false},"excerpt":{"rendered":"<p><strong>\u017beton The Nuts Poker Chip nomina\u0142 5<\/strong><\/p>\n<p><strong>\u017betony z serii The Nuts wykonane z wysokiej jako\u015bci materia\u0142u (Clay Composite \u2013 kompozyt gliny i tworzywa sztucznego) ze zwi\u0119kszaj\u0105ca wag\u0119 metalow\u0105 wk\u0142adk\u0105.<\/strong><\/p>\n<p>Powierzchnia \u017cetonu lekko szorstka w dotyku.<\/p>\n<p><strong>Du\u017ce nomina\u0142y.<\/strong><\/p>\n<p>Mo\u017cna nimi uzupe\u0142ni\u0107 posiadany zestaw \u017ceton\u00f3w lub wprowadzi\u0107 now\u0105 warto\u015b\u0107.<\/p>\n<p>Seria zawiera 11 nomina\u0142\u00f3w, dzi\u0119ki czemu nadaje si\u0119 zar\u00f3wno do turniej\u00f3w pokerowych, jak i klasycznej Cash game.<\/p>\n<p>Nomina\u0142y dost\u0119pne w serii: 1\/ 5\/ 10\/ 25\/ 50\/ 100\/ 500\/ 1.000\/ 5.000\/ 10.000\/ All In<\/p>\n<p>Wymiary:<\/p>\n<p>\u015arednica: 40 mm<\/p>\n<p>Grubo\u015b\u0107: 3 mm<\/p>\n<p>Waga: 11,5 g.<\/p>\n<p>The Nuts Poker Chips \u00ae s\u0105 zarejestrowanym projektem AniMazing GmbH.<\/p>\n<p><strong>O\u015bwiadczam, \u017ce produkt wprowadzono do obrotu w Unii Europejskiej przed 13 grudnia 2024 r. i jest zgodny z \u00f3wczesnymi przepisami bezpiecze\u0144stwa<\/strong><\/p>\n","protected":false},"featured_media":11944,"comment_status":"closed","ping_status":"closed","template":"","meta":[],"product_brand":[],"product_cat":[177,135,176],"product_tag":[],"class_list":{"0":"post-11900","1":"product","2":"type-product","3":"status-publish","4":"has-post-thumbnail","6":"product_cat-animazing-the-nuts-poker-chip","7":"product_cat-zetony","8":"product_cat-zetony-z-nominalem-115-g","10":"first","11":"instock","12":"shipping-taxable","13":"purchasable","14":"product-type-simple"},"_links":{"self":[{"href":"https:\/\/gambler.m2web.pl\/index.php?rest_route=\/wp\/v2\/product\/11900","targetHints":{"allow":["GET"]}}],"collection":[{"href":"https:\/\/gambler.m2web.pl\/index.php?rest_route=\/wp\/v2\/product"}],"about":[{"href":"https:\/\/gambler.m2web.pl\/index.php?rest_route=\/wp\/v2\/types\/product"}],"replies":[{"embeddable":true,"href":"https:\/\/gambler.m2web.pl\/index.php?rest_route=%2Fwp%2Fv2%2Fcomments&post=11900"}],"version-history":[{"count":1,"href":"https:\/\/gambler.m2web.pl\/index.php?rest_route=\/wp\/v2\/product\/11900\/revisions"}],"predecessor-version":[{"id":11945,"href":"https:\/\/gambler.m2web.pl\/index.php?rest_route=\/wp\/v2\/product\/11900\/revisions\/11945"}],"wp:featuredmedia":[{"embeddable":true,"href":"https:\/\/gambler.m2web.pl\/index.php?rest_route=\/wp\/v2\/media\/11944"}],"wp:attachment":[{"href":"https:\/\/gambler.m2web.pl\/index.php?rest_route=%2Fwp%2Fv2%2Fmedia&parent=11900"}],"wp:term":[{"taxonomy":"product_brand","embeddable":true,"href":"https:\/\/gambler.m2web.pl\/index.php?rest_route=%2Fwp%2Fv2%2Fproduct_brand&post=11900"},{"taxonomy":"product_cat","embeddable":true,"href":"https:\/\/gambler.m2web.pl\/index.php?rest_route=%2Fwp%2Fv2%2Fproduct_cat&post=11900"},{"taxonomy":"product_tag","embeddable":true,"href":"https:\/\/gambler.m2web.pl\/index.php?rest_route=%2Fwp%2Fv2%2Fproduct_tag&post=11900"}],"curies":[{"name":"wp","href":"https:\/\/api.w.org\/{rel}","templated":true}]}}