{"id":11908,"date":"2026-01-06T23:12:38","date_gmt":"2026-01-06T22:12:38","guid":{"rendered":"https:\/\/gambler.m2web.pl\/?post_type=product&#038;p=11908"},"modified":"2026-01-06T23:12:41","modified_gmt":"2026-01-06T22:12:41","slug":"animazing-zeton-laserowy-nominal-100-kolor-zolty","status":"publish","type":"product","link":"https:\/\/gambler.m2web.pl\/?product=animazing-zeton-laserowy-nominal-100-kolor-zolty","title":{"rendered":"Animazing \u017beton laserowy nomina\u0142 100 kolor \u017c\u00f3\u0142ty"},"content":{"rendered":"","protected":false},"excerpt":{"rendered":"<p><strong>\u017beton laserowy Nomina\u0142 100 kolor \u017c\u00f3\u0142ty<\/strong><\/p>\n<p>Seria wielokolorowych \u017ceton\u00f3w z nomina\u0142em i wizerunkiem kart do gry.<\/p>\n<p><strong>Obustronna odblaskowa naklejka z efektem przypominaj\u0105cym pokaz laserowy.\u00a0<\/strong><\/p>\n<p><strong>\u017betony wykonane z wytrzyma\u0142ego i przyjemnego w dotyku materia\u0142u (Clay Composite \u2013 mieszanka gliny ceramicznej i tworzywa sztucznego) z metalow\u0105 wk\u0142adk\u0105.<\/strong><\/p>\n<p>Mo\u017cna nimi uzupe\u0142ni\u0107 posiadany zestaw \u017ceton\u00f3w lub wprowadzi\u0107 nowy kolor (warto\u015b\u0107).<\/p>\n<p>Dost\u0119pne nomina\u0142y: 5\/ 10\/ 25\/ 50\/ 100\/ 500\/ 1.000.<\/p>\n<p>Wymiary:<\/p>\n<p>\u015arednica: 40 mm<\/p>\n<p>Grubo\u015b\u0107: 3 mm<\/p>\n<p>Waga: 11,5 g.<\/p>\n","protected":false},"featured_media":11960,"comment_status":"open","ping_status":"closed","template":"","meta":[],"product_brand":[],"product_cat":[178,135,176],"product_tag":[],"class_list":{"0":"post-11908","1":"product","2":"type-product","3":"status-publish","4":"has-post-thumbnail","6":"product_cat-zeton-laserowy-z-nominalem","7":"product_cat-zetony","8":"product_cat-zetony-z-nominalem-115-g","10":"first","11":"outofstock","12":"shipping-taxable","13":"purchasable","14":"product-type-simple"},"_links":{"self":[{"href":"https:\/\/gambler.m2web.pl\/index.php?rest_route=\/wp\/v2\/product\/11908","targetHints":{"allow":["GET"]}}],"collection":[{"href":"https:\/\/gambler.m2web.pl\/index.php?rest_route=\/wp\/v2\/product"}],"about":[{"href":"https:\/\/gambler.m2web.pl\/index.php?rest_route=\/wp\/v2\/types\/product"}],"replies":[{"embeddable":true,"href":"https:\/\/gambler.m2web.pl\/index.php?rest_route=%2Fwp%2Fv2%2Fcomments&post=11908"}],"version-history":[{"count":1,"href":"https:\/\/gambler.m2web.pl\/index.php?rest_route=\/wp\/v2\/product\/11908\/revisions"}],"predecessor-version":[{"id":11961,"href":"https:\/\/gambler.m2web.pl\/index.php?rest_route=\/wp\/v2\/product\/11908\/revisions\/11961"}],"wp:featuredmedia":[{"embeddable":true,"href":"https:\/\/gambler.m2web.pl\/index.php?rest_route=\/wp\/v2\/media\/11960"}],"wp:attachment":[{"href":"https:\/\/gambler.m2web.pl\/index.php?rest_route=%2Fwp%2Fv2%2Fmedia&parent=11908"}],"wp:term":[{"taxonomy":"product_brand","embeddable":true,"href":"https:\/\/gambler.m2web.pl\/index.php?rest_route=%2Fwp%2Fv2%2Fproduct_brand&post=11908"},{"taxonomy":"product_cat","embeddable":true,"href":"https:\/\/gambler.m2web.pl\/index.php?rest_route=%2Fwp%2Fv2%2Fproduct_cat&post=11908"},{"taxonomy":"product_tag","embeddable":true,"href":"https:\/\/gambler.m2web.pl\/index.php?rest_route=%2Fwp%2Fv2%2Fproduct_tag&post=11908"}],"curies":[{"name":"wp","href":"https:\/\/api.w.org\/{rel}","templated":true}]}}