{"id":11912,"date":"2026-01-06T23:12:38","date_gmt":"2026-01-06T22:12:38","guid":{"rendered":"https:\/\/gambler.m2web.pl\/?post_type=product&#038;p=11912"},"modified":"2026-01-06T23:12:41","modified_gmt":"2026-01-06T22:12:41","slug":"mona-zeton-dice-nominal-5-kolor-czarny","status":"publish","type":"product","link":"https:\/\/gambler.m2web.pl\/?product=mona-zeton-dice-nominal-5-kolor-czarny","title":{"rendered":"Mona \u017beton Dice Nomina\u0142 5 Kolor czarny"},"content":{"rendered":"","protected":false},"excerpt":{"rendered":"<p><strong>WYPRZEDA\u017b<\/strong><\/p>\n<p><strong>\u017beton Dice nomina\u0142 5 kolor czarny<\/strong><br \/>\nSeria \u017ceton\u00f3w z nomina\u0142ami i symbolami ko\u015bci do gry na obrze\u017cach.<br \/>\n\u017betony wykonane z wytrzyma\u0142ego i przyjemnego w dotyku tworzywa sztucznego (ABS) ze zwi\u0119kszaj\u0105c\u0105 wag\u0119 metalow\u0105 wk\u0142adk\u0105.<br \/>\nMo\u017cna nimi uzupe\u0142ni\u0107 posiadany zestaw \u017ceton\u00f3w lub wprowadzi\u0107 nowy kolor (warto\u015b\u0107).<br \/>\n<strong>Obustronnie wyt\u0142oczone nomina\u0142y w z\u0142otym kolorze.<\/strong><br \/>\nNomina\u0142y w serii: 5\/ 10\/ 20\/ 50\/ 100\/ 200\/ 500\/ 1.000\/ 5.000\/ 10.000.<br \/>\n<strong>Wymiary:<\/strong><br \/>\n\u015arednica: 40 mm.<br \/>\nGrubo\u015b\u0107: 3 mm.<br \/>\n<strong>Waga:<\/strong> 11,5 g.<\/p>\n<p><strong>O\u015bwiadczam, \u017ce produkt wprowadzono do obrotu w Unii Europejskiej przed 13 grudnia 2024 r. i jest zgodny z \u00f3wczesnymi przepisami bezpiecze\u0144stwa<\/strong><\/p>\n","protected":false},"featured_media":11968,"comment_status":"closed","ping_status":"closed","template":"","meta":[],"product_brand":[],"product_cat":[135,176],"product_tag":[],"class_list":{"0":"post-11912","1":"product","2":"type-product","3":"status-publish","4":"has-post-thumbnail","6":"product_cat-zetony","7":"product_cat-zetony-z-nominalem-115-g","9":"first","10":"instock","11":"shipping-taxable","12":"purchasable","13":"product-type-simple"},"_links":{"self":[{"href":"https:\/\/gambler.m2web.pl\/index.php?rest_route=\/wp\/v2\/product\/11912","targetHints":{"allow":["GET"]}}],"collection":[{"href":"https:\/\/gambler.m2web.pl\/index.php?rest_route=\/wp\/v2\/product"}],"about":[{"href":"https:\/\/gambler.m2web.pl\/index.php?rest_route=\/wp\/v2\/types\/product"}],"replies":[{"embeddable":true,"href":"https:\/\/gambler.m2web.pl\/index.php?rest_route=%2Fwp%2Fv2%2Fcomments&post=11912"}],"version-history":[{"count":1,"href":"https:\/\/gambler.m2web.pl\/index.php?rest_route=\/wp\/v2\/product\/11912\/revisions"}],"predecessor-version":[{"id":11969,"href":"https:\/\/gambler.m2web.pl\/index.php?rest_route=\/wp\/v2\/product\/11912\/revisions\/11969"}],"wp:featuredmedia":[{"embeddable":true,"href":"https:\/\/gambler.m2web.pl\/index.php?rest_route=\/wp\/v2\/media\/11968"}],"wp:attachment":[{"href":"https:\/\/gambler.m2web.pl\/index.php?rest_route=%2Fwp%2Fv2%2Fmedia&parent=11912"}],"wp:term":[{"taxonomy":"product_brand","embeddable":true,"href":"https:\/\/gambler.m2web.pl\/index.php?rest_route=%2Fwp%2Fv2%2Fproduct_brand&post=11912"},{"taxonomy":"product_cat","embeddable":true,"href":"https:\/\/gambler.m2web.pl\/index.php?rest_route=%2Fwp%2Fv2%2Fproduct_cat&post=11912"},{"taxonomy":"product_tag","embeddable":true,"href":"https:\/\/gambler.m2web.pl\/index.php?rest_route=%2Fwp%2Fv2%2Fproduct_tag&post=11912"}],"curies":[{"name":"wp","href":"https:\/\/api.w.org\/{rel}","templated":true}]}}