{"id":11915,"date":"2026-01-06T23:12:38","date_gmt":"2026-01-06T22:12:38","guid":{"rendered":"https:\/\/gambler.m2web.pl\/?post_type=product&#038;p=11915"},"modified":"2026-01-06T23:12:42","modified_gmt":"2026-01-06T22:12:42","slug":"lion-games-zeton-poker-chip-nominal-50","status":"publish","type":"product","link":"https:\/\/gambler.m2web.pl\/?product=lion-games-zeton-poker-chip-nominal-50","title":{"rendered":"Lion Games \u017beton Poker Chip nomina\u0142 50"},"content":{"rendered":"","protected":false},"excerpt":{"rendered":"<p><strong>\u017beton Poker Chip nomina\u0142 50<\/strong><\/p>\n<p>Seria \u017ceton\u00f3w wykonanych z wytrzyma\u0142ego tworzywa sztucznego (ABS) ze zwi\u0119kszaj\u0105c\u0105 wag\u0119 metalow\u0105 wk\u0142adk\u0105.<\/p>\n<p>Powierzchnia \u017cetonu lekko szorstka w dotyku.<\/p>\n<p>Mo\u017cna nimi uzupe\u0142ni\u0107 posiadany zestaw \u017ceton\u00f3w lub wprowadzi\u0107 now\u0105 warto\u015b\u0107.<\/p>\n<p>Seria zawiera 10 nomina\u0142\u00f3w, dzi\u0119ki czemu nadaje si\u0119 zar\u00f3wno do turniej\u00f3w pokerowych, jak i klasycznej Cash game.<\/p>\n<p>Nomina\u0142y dost\u0119pne w serii: 1\/ 2\/ 5\/ 10\/ 25\/ 50\/ 100\/ 500\/ 1.000\/ 5.000<\/p>\n<p>Wymiary:<\/p>\n<p>\u015arednica 40 mm<\/p>\n<p>Grubo\u015b\u0107 3 mm<\/p>\n<p>Waga: 11,5 g<\/p>\n<p><strong>PRODUCENT<\/strong><br \/>\nLion Games &amp; Gifts Europe<br \/>\n<strong>ADRES<\/strong><br \/>\nLireweg 54-56, 2153 PH, Nieuw-Vennep, The Netherlands<br \/>\n<strong>KONTAKT<\/strong><br \/>\ninfo@liongames.net<\/p>\n<p><strong>OSOBA ODPOWIEDZIALNA<\/strong><br \/>\nFirma Handlowa PULIO Krzysztof Gebel<br \/>\n<strong>ADRES<\/strong><br \/>\nKolejowa 3, 55-040 Bielany Wroc\u0142awskie<br \/>\n<strong>KONTAKT<\/strong><br \/>\ntel. +48 71 352 07 80<br \/>\nbiuro@pulio.pl<\/p>\n","protected":false},"featured_media":11974,"comment_status":"closed","ping_status":"closed","template":"","meta":[],"product_brand":[],"product_cat":[135,176],"product_tag":[],"class_list":{"0":"post-11915","1":"product","2":"type-product","3":"status-publish","4":"has-post-thumbnail","6":"product_cat-zetony","7":"product_cat-zetony-z-nominalem-115-g","9":"first","10":"outofstock","11":"shipping-taxable","12":"purchasable","13":"product-type-simple"},"_links":{"self":[{"href":"https:\/\/gambler.m2web.pl\/index.php?rest_route=\/wp\/v2\/product\/11915","targetHints":{"allow":["GET"]}}],"collection":[{"href":"https:\/\/gambler.m2web.pl\/index.php?rest_route=\/wp\/v2\/product"}],"about":[{"href":"https:\/\/gambler.m2web.pl\/index.php?rest_route=\/wp\/v2\/types\/product"}],"replies":[{"embeddable":true,"href":"https:\/\/gambler.m2web.pl\/index.php?rest_route=%2Fwp%2Fv2%2Fcomments&post=11915"}],"version-history":[{"count":1,"href":"https:\/\/gambler.m2web.pl\/index.php?rest_route=\/wp\/v2\/product\/11915\/revisions"}],"predecessor-version":[{"id":11975,"href":"https:\/\/gambler.m2web.pl\/index.php?rest_route=\/wp\/v2\/product\/11915\/revisions\/11975"}],"wp:featuredmedia":[{"embeddable":true,"href":"https:\/\/gambler.m2web.pl\/index.php?rest_route=\/wp\/v2\/media\/11974"}],"wp:attachment":[{"href":"https:\/\/gambler.m2web.pl\/index.php?rest_route=%2Fwp%2Fv2%2Fmedia&parent=11915"}],"wp:term":[{"taxonomy":"product_brand","embeddable":true,"href":"https:\/\/gambler.m2web.pl\/index.php?rest_route=%2Fwp%2Fv2%2Fproduct_brand&post=11915"},{"taxonomy":"product_cat","embeddable":true,"href":"https:\/\/gambler.m2web.pl\/index.php?rest_route=%2Fwp%2Fv2%2Fproduct_cat&post=11915"},{"taxonomy":"product_tag","embeddable":true,"href":"https:\/\/gambler.m2web.pl\/index.php?rest_route=%2Fwp%2Fv2%2Fproduct_tag&post=11915"}],"curies":[{"name":"wp","href":"https:\/\/api.w.org\/{rel}","templated":true}]}}