{"id":11979,"date":"2026-01-06T23:12:43","date_gmt":"2026-01-06T22:12:43","guid":{"rendered":"https:\/\/gambler.m2web.pl\/?post_type=product&#038;p=11979"},"modified":"2026-01-06T23:12:44","modified_gmt":"2026-01-06T22:12:44","slug":"lion-games-zeton-texas-holdem-nominal-5","status":"publish","type":"product","link":"https:\/\/gambler.m2web.pl\/?product=lion-games-zeton-texas-holdem-nominal-5","title":{"rendered":"Lion Games \u017beton Texas Holdem nomina\u0142 5"},"content":{"rendered":"","protected":false},"excerpt":{"rendered":"<p><strong>Lion Games \u017beton Texas Holdem nomina\u0142 5<\/strong><\/p>\n<p><strong>Seria stylowych \u017ceton\u00f3w o wadze 11,5 g z motywem kart do gry.<\/strong><\/p>\n<p><strong>\u017betony wykonane z wytrzyma\u0142ego i przyjemnego w dotyku materia\u0142u (Clay Composite \u2013 mieszanka gliny ceramicznej i tworzywa sztucznego) z metalowa wk\u0142adk\u0105.<\/strong><\/p>\n<p>Seria zawiera 10 nomina\u0142\u00f3w, dzi\u0119ki czemu nadaje si\u0119 zar\u00f3wno do turniej\u00f3w, jak i do klasycznej Cash Game.<\/p>\n<p>Dost\u0119pne nomina\u0142y: 1\/ 2\/ 5\/ 10\/ 25\/ 50\/ 100\/ 500\/ 1.000\/ 5.000<\/p>\n<p>Wymiary:<\/p>\n<p>\u015arednica: 40 mm.<\/p>\n<p>Grubo\u015b\u0107: 3 mm.<\/p>\n<p>Waga: 11,5 g.<\/p>\n","protected":false},"featured_media":12012,"comment_status":"open","ping_status":"closed","template":"","meta":[],"product_brand":[],"product_cat":[135,176],"product_tag":[],"class_list":{"0":"post-11979","1":"product","2":"type-product","3":"status-publish","4":"has-post-thumbnail","6":"product_cat-zetony","7":"product_cat-zetony-z-nominalem-115-g","9":"first","10":"outofstock","11":"shipping-taxable","12":"purchasable","13":"product-type-simple"},"_links":{"self":[{"href":"https:\/\/gambler.m2web.pl\/index.php?rest_route=\/wp\/v2\/product\/11979","targetHints":{"allow":["GET"]}}],"collection":[{"href":"https:\/\/gambler.m2web.pl\/index.php?rest_route=\/wp\/v2\/product"}],"about":[{"href":"https:\/\/gambler.m2web.pl\/index.php?rest_route=\/wp\/v2\/types\/product"}],"replies":[{"embeddable":true,"href":"https:\/\/gambler.m2web.pl\/index.php?rest_route=%2Fwp%2Fv2%2Fcomments&post=11979"}],"version-history":[{"count":1,"href":"https:\/\/gambler.m2web.pl\/index.php?rest_route=\/wp\/v2\/product\/11979\/revisions"}],"predecessor-version":[{"id":12013,"href":"https:\/\/gambler.m2web.pl\/index.php?rest_route=\/wp\/v2\/product\/11979\/revisions\/12013"}],"wp:featuredmedia":[{"embeddable":true,"href":"https:\/\/gambler.m2web.pl\/index.php?rest_route=\/wp\/v2\/media\/12012"}],"wp:attachment":[{"href":"https:\/\/gambler.m2web.pl\/index.php?rest_route=%2Fwp%2Fv2%2Fmedia&parent=11979"}],"wp:term":[{"taxonomy":"product_brand","embeddable":true,"href":"https:\/\/gambler.m2web.pl\/index.php?rest_route=%2Fwp%2Fv2%2Fproduct_brand&post=11979"},{"taxonomy":"product_cat","embeddable":true,"href":"https:\/\/gambler.m2web.pl\/index.php?rest_route=%2Fwp%2Fv2%2Fproduct_cat&post=11979"},{"taxonomy":"product_tag","embeddable":true,"href":"https:\/\/gambler.m2web.pl\/index.php?rest_route=%2Fwp%2Fv2%2Fproduct_tag&post=11979"}],"curies":[{"name":"wp","href":"https:\/\/api.w.org\/{rel}","templated":true}]}}