{"id":11982,"date":"2026-01-06T23:12:43","date_gmt":"2026-01-06T22:12:43","guid":{"rendered":"https:\/\/gambler.m2web.pl\/?post_type=product&#038;p=11982"},"modified":"2026-01-06T23:12:44","modified_gmt":"2026-01-06T22:12:44","slug":"evergreen-zeton-dice-kolor-zolty","status":"publish","type":"product","link":"https:\/\/gambler.m2web.pl\/?product=evergreen-zeton-dice-kolor-zolty","title":{"rendered":"Evergreen \u017beton Dice Kolor \u017c\u00f3\u0142ty"},"content":{"rendered":"","protected":false},"excerpt":{"rendered":"<p><strong>EVERGREEN \u017beton Dice Kolor \u017c\u00f3\u0142ty<\/strong><br \/>\nSeria \u017ceton\u00f3w w 12 kolorach z symbolami ko\u015bci do gry na obrze\u017cach.<br \/>\n<strong>\u017betony wykonane z wytrzyma\u0142ego i przyjemnego w dotyku tworzywa sztucznego,\u00a0z zatopionym w \u015brodku, podnosz\u0105cym wag\u0119, metalowym kr\u0105\u017ckiem.<\/strong><br \/>\nMo\u017cna nimi uzupe\u0142ni\u0107 posiadany zestaw \u017ceton\u00f3w lub wprowadzi\u0107 nowy kolor (warto\u015b\u0107).<br \/>\n<strong>Wymiary<\/strong>:<br \/>\n\u015arednica: 40 mm.<br \/>\nGrubo\u015b\u0107: 3 mm.<br \/>\n<strong>Waga:<\/strong>\u00a011,5 g.<\/p>\n<p><strong>PRODUCENT<\/strong><br \/>\nNingbo Evergreen Enterprise Co.,Ltd.<br \/>\n<strong>ADRES<\/strong><br \/>\nChiny, #19 Jingang Road,Ningdong Industrial Zone,Liyang Town,Ninghai, Ningbo\u00a0315000<br \/>\n<strong>KONTAKT<\/strong><br \/>\nbettyhu@evergreenchina.com<\/p>\n<p><strong>OSOBA ODPOWIEDZIALNA <\/strong><br \/>\nFirma Handlowa PULIO Krzysztof Gebel<br \/>\n<strong>ADRES<\/strong><br \/>\nKolejowa 3, 55-040 Bielany Wroc\u0142awskie<br \/>\n<strong>KONTAKT<\/strong><br \/>\ntel. +48 71 352 07 80<br \/>\nbiuro@pulio.pl<\/p>\n","protected":false},"featured_media":12018,"comment_status":"closed","ping_status":"closed","template":"","meta":[],"product_brand":[],"product_cat":[135,157,158],"product_tag":[],"class_list":{"0":"post-11982","1":"product","2":"type-product","3":"status-publish","4":"has-post-thumbnail","6":"product_cat-zetony","7":"product_cat-zetony-bez-nominalu","8":"product_cat-zetony-dice","10":"first","11":"instock","12":"shipping-taxable","13":"purchasable","14":"product-type-simple"},"_links":{"self":[{"href":"https:\/\/gambler.m2web.pl\/index.php?rest_route=\/wp\/v2\/product\/11982","targetHints":{"allow":["GET"]}}],"collection":[{"href":"https:\/\/gambler.m2web.pl\/index.php?rest_route=\/wp\/v2\/product"}],"about":[{"href":"https:\/\/gambler.m2web.pl\/index.php?rest_route=\/wp\/v2\/types\/product"}],"replies":[{"embeddable":true,"href":"https:\/\/gambler.m2web.pl\/index.php?rest_route=%2Fwp%2Fv2%2Fcomments&post=11982"}],"version-history":[{"count":1,"href":"https:\/\/gambler.m2web.pl\/index.php?rest_route=\/wp\/v2\/product\/11982\/revisions"}],"predecessor-version":[{"id":12019,"href":"https:\/\/gambler.m2web.pl\/index.php?rest_route=\/wp\/v2\/product\/11982\/revisions\/12019"}],"wp:featuredmedia":[{"embeddable":true,"href":"https:\/\/gambler.m2web.pl\/index.php?rest_route=\/wp\/v2\/media\/12018"}],"wp:attachment":[{"href":"https:\/\/gambler.m2web.pl\/index.php?rest_route=%2Fwp%2Fv2%2Fmedia&parent=11982"}],"wp:term":[{"taxonomy":"product_brand","embeddable":true,"href":"https:\/\/gambler.m2web.pl\/index.php?rest_route=%2Fwp%2Fv2%2Fproduct_brand&post=11982"},{"taxonomy":"product_cat","embeddable":true,"href":"https:\/\/gambler.m2web.pl\/index.php?rest_route=%2Fwp%2Fv2%2Fproduct_cat&post=11982"},{"taxonomy":"product_tag","embeddable":true,"href":"https:\/\/gambler.m2web.pl\/index.php?rest_route=%2Fwp%2Fv2%2Fproduct_tag&post=11982"}],"curies":[{"name":"wp","href":"https:\/\/api.w.org\/{rel}","templated":true}]}}