{"id":11987,"date":"2026-01-06T23:12:43","date_gmt":"2026-01-06T22:12:43","guid":{"rendered":"https:\/\/gambler.m2web.pl\/?post_type=product&#038;p=11987"},"modified":"2026-01-06T23:12:45","modified_gmt":"2026-01-06T22:12:45","slug":"mona-sukno-do-pokera-kolor-zielony","status":"publish","type":"product","link":"https:\/\/gambler.m2web.pl\/?product=mona-sukno-do-pokera-kolor-zielony","title":{"rendered":"Mona Sukno do pokera kolor zielony"},"content":{"rendered":"","protected":false},"excerpt":{"rendered":"<p>MONA Sukno pokerowe kolor zielony Materia\u0142 na obicie blatu lub sto\u0142u z symbolami kart do gry (kolorami). Tkanina o w\u0142a\u015bciwo\u015bciach hydrofobowych (odpychaj\u0105ca cz\u0105steczki wody), odporny na zabrudzenia i \u0142atwy do utrzymania w czysto\u015bci. G\u0142adka powierzchnia i g\u0119sty splot u\u0142atwia przesuwanie kart. Sk\u0142ad: 100% w\u0142\u00f3kno poliestrowe. Szeroko\u015b\u0107: 1,50 m. D\u0142ugo\u015b\u0107: 1 m lub jego wielokrotno\u015b\u0107. Cena 79 z\u0142 za metr bie\u017c\u0105cy \u2013 1 x 1,5 m (dwa metry bie\u017c\u0105ce to 2 x 1,5 m itd.). Materia\u0142 wysy\u0142any zawsze w jednym kawa\u0142ku i nawini\u0119ty na rolk\u0119 w celu unikni\u0119cia zagniece\u0144. UWAGA: 1. Ze wzgl\u0119du na gabaryty paczki zam\u00f3wienie wysy\u0142amy wy\u0142\u0105cznie kurierem GLS \u2013 prosimy o wybranie takiej opcji dostawy. 2. Je\u015bli chc\u0105 Pa\u0144stwo zam\u00f3wi\u0107 tak\u017ce inne produkty prosimy o z\u0142o\u017cenie osobnego zam\u00f3wienia \u2013 nie ma mo\u017cliwo\u015bci dopakowania do paczki z suknem innych towar\u00f3w.<\/p>\n","protected":false},"featured_media":12032,"comment_status":"open","ping_status":"closed","template":"","meta":[],"product_brand":[],"product_cat":[129],"product_tag":[],"class_list":{"0":"post-11987","1":"product","2":"type-product","3":"status-publish","4":"has-post-thumbnail","6":"product_cat-blaty-i-maty","8":"first","9":"outofstock","10":"shipping-taxable","11":"purchasable","12":"product-type-simple"},"_links":{"self":[{"href":"https:\/\/gambler.m2web.pl\/index.php?rest_route=\/wp\/v2\/product\/11987","targetHints":{"allow":["GET"]}}],"collection":[{"href":"https:\/\/gambler.m2web.pl\/index.php?rest_route=\/wp\/v2\/product"}],"about":[{"href":"https:\/\/gambler.m2web.pl\/index.php?rest_route=\/wp\/v2\/types\/product"}],"replies":[{"embeddable":true,"href":"https:\/\/gambler.m2web.pl\/index.php?rest_route=%2Fwp%2Fv2%2Fcomments&post=11987"}],"version-history":[{"count":1,"href":"https:\/\/gambler.m2web.pl\/index.php?rest_route=\/wp\/v2\/product\/11987\/revisions"}],"predecessor-version":[{"id":12033,"href":"https:\/\/gambler.m2web.pl\/index.php?rest_route=\/wp\/v2\/product\/11987\/revisions\/12033"}],"wp:featuredmedia":[{"embeddable":true,"href":"https:\/\/gambler.m2web.pl\/index.php?rest_route=\/wp\/v2\/media\/12032"}],"wp:attachment":[{"href":"https:\/\/gambler.m2web.pl\/index.php?rest_route=%2Fwp%2Fv2%2Fmedia&parent=11987"}],"wp:term":[{"taxonomy":"product_brand","embeddable":true,"href":"https:\/\/gambler.m2web.pl\/index.php?rest_route=%2Fwp%2Fv2%2Fproduct_brand&post=11987"},{"taxonomy":"product_cat","embeddable":true,"href":"https:\/\/gambler.m2web.pl\/index.php?rest_route=%2Fwp%2Fv2%2Fproduct_cat&post=11987"},{"taxonomy":"product_tag","embeddable":true,"href":"https:\/\/gambler.m2web.pl\/index.php?rest_route=%2Fwp%2Fv2%2Fproduct_tag&post=11987"}],"curies":[{"name":"wp","href":"https:\/\/api.w.org\/{rel}","templated":true}]}}