{"id":11988,"date":"2026-01-06T23:12:43","date_gmt":"2026-01-06T22:12:43","guid":{"rendered":"https:\/\/gambler.m2web.pl\/?post_type=product&#038;p=11988"},"modified":"2026-01-06T23:12:48","modified_gmt":"2026-01-06T22:12:48","slug":"evergreen-zestaw-300-zetonow-dice-do-pokera-w-aluminiowej-walizce","status":"publish","type":"product","link":"https:\/\/gambler.m2web.pl\/?product=evergreen-zestaw-300-zetonow-dice-do-pokera-w-aluminiowej-walizce","title":{"rendered":"EVERGREEN Zestaw 300 \u017ceton\u00f3w\u00a0DICE do pokera\u00a0w aluminiowej walizce"},"content":{"rendered":"<div class=\"item item-6\">\n<section class=\"text-item\">\n<h1>EVERGREEN Zestaw 300 \u017ceton\u00f3w DICE do pokera w aluminiowej walizce<\/h1>\n<p>Nr kat.: 1128225<b><br \/>\n<\/b><strong>Wysokiej jako\u015bci zestaw 300 \u017ceton\u00f3w do gry w pokera marki Ningbo Evergreen Enterprise Co., Ltd.<\/strong><br \/>\n\u017betony z symbolami ko\u015bci do gry (Dice) o \u015brednicy 40 mm i wadze 11,5 g.<br \/>\n<strong>Zawarto\u015b\u0107 zestawu:<\/strong><br \/>\n<strong>300 \u017ceton\u00f3w Dice<\/strong><br \/>\n&#8211; 75 czerwonych<br \/>\n&#8211; 75 zielonych<br \/>\n&#8211; 75 czarnych<br \/>\n&#8211; 50 bia\u0142ych<br \/>\n&#8211; 25 niebieskich<br \/>\n<strong>Dealer Button<\/strong><br \/>\n<strong>Pi\u0119\u0107 czerwonych ko\u015bci do gry<\/strong><br \/>\n<strong>Dwie talie kart w rozmiarze pokerowym (czerwona i niebieska)<\/strong><br \/>\n<strong>Walizka z tworzywa i aluminium wraz z kluczykami<\/strong><br \/>\nWaga zestawu: 4,5 kg.<\/p>\n<\/section>\n<\/div>\n","protected":false},"excerpt":{"rendered":"<p>EVERGREEN Zestaw 300 \u017ceton\u00f3w DICE do pokera w aluminiowej walizce Nr kat.: 1128225 Wysokiej jako\u015bci zestaw 300 \u017ceton\u00f3w do gry<\/p>\n","protected":false},"featured_media":12034,"comment_status":"open","ping_status":"closed","template":"","meta":[],"product_brand":[],"product_cat":[137],"product_tag":[],"class_list":{"0":"post-11988","1":"product","2":"type-product","3":"status-publish","4":"has-post-thumbnail","6":"product_cat-zestawy-do-pokera","8":"first","9":"outofstock","10":"shipping-taxable","11":"purchasable","12":"product-type-simple"},"_links":{"self":[{"href":"https:\/\/gambler.m2web.pl\/index.php?rest_route=\/wp\/v2\/product\/11988","targetHints":{"allow":["GET"]}}],"collection":[{"href":"https:\/\/gambler.m2web.pl\/index.php?rest_route=\/wp\/v2\/product"}],"about":[{"href":"https:\/\/gambler.m2web.pl\/index.php?rest_route=\/wp\/v2\/types\/product"}],"replies":[{"embeddable":true,"href":"https:\/\/gambler.m2web.pl\/index.php?rest_route=%2Fwp%2Fv2%2Fcomments&post=11988"}],"version-history":[{"count":1,"href":"https:\/\/gambler.m2web.pl\/index.php?rest_route=\/wp\/v2\/product\/11988\/revisions"}],"predecessor-version":[{"id":12035,"href":"https:\/\/gambler.m2web.pl\/index.php?rest_route=\/wp\/v2\/product\/11988\/revisions\/12035"}],"wp:featuredmedia":[{"embeddable":true,"href":"https:\/\/gambler.m2web.pl\/index.php?rest_route=\/wp\/v2\/media\/12034"}],"wp:attachment":[{"href":"https:\/\/gambler.m2web.pl\/index.php?rest_route=%2Fwp%2Fv2%2Fmedia&parent=11988"}],"wp:term":[{"taxonomy":"product_brand","embeddable":true,"href":"https:\/\/gambler.m2web.pl\/index.php?rest_route=%2Fwp%2Fv2%2Fproduct_brand&post=11988"},{"taxonomy":"product_cat","embeddable":true,"href":"https:\/\/gambler.m2web.pl\/index.php?rest_route=%2Fwp%2Fv2%2Fproduct_cat&post=11988"},{"taxonomy":"product_tag","embeddable":true,"href":"https:\/\/gambler.m2web.pl\/index.php?rest_route=%2Fwp%2Fv2%2Fproduct_tag&post=11988"}],"curies":[{"name":"wp","href":"https:\/\/api.w.org\/{rel}","templated":true}]}}