{"id":11989,"date":"2026-01-06T23:12:43","date_gmt":"2026-01-06T22:12:43","guid":{"rendered":"https:\/\/gambler.m2web.pl\/?post_type=product&#038;p=11989"},"modified":"2026-01-06T23:12:48","modified_gmt":"2026-01-06T22:12:48","slug":"evergreen-zestaw-500-zetonow-dice-do-pokera-w-aluminiowej-walizce","status":"publish","type":"product","link":"https:\/\/gambler.m2web.pl\/?product=evergreen-zestaw-500-zetonow-dice-do-pokera-w-aluminiowej-walizce","title":{"rendered":"EVERGREEN Zestaw 500 \u017ceton\u00f3w DICE do pokera w aluminiowej walizce"},"content":{"rendered":"<div class=\"mp4t_16_s mryx_16_s mr3m_1 mli2_1 mh85_56 mh85_0_l\">\n<div class=\"mgn2_16 _0d3bd_am0a-\">\n<h1>EVERGREEN Zestaw 500 \u017ceton\u00f3w DICE do pokera w aluminiowej walizce<\/h1>\n<p>Nr kat.: 1128238<br \/>\n<b>Wysokiej jako\u015bci zestaw 500 \u017ceton\u00f3w do gry w pokera marki Ningbo Evergreen Enterprise Co., Ltd.<\/b><br \/>\n\u017betony z symbolami ko\u015bci do gry (Dice) o \u015brednicy 40 mm i wadze 11,5 g.<br \/>\n<b>Zawarto\u015b\u0107 zestawu:<\/b><br \/>\n<b>500 \u017ceton\u00f3w Dice<\/b><br \/>\n&#8211; 150 czerwonych<br \/>\n&#8211; 150 zielonych<br \/>\n&#8211; 100 czarnych<br \/>\n&#8211; 50 bia\u0142ych<br \/>\n&#8211; 50 niebieskich<br \/>\n<b>Dealer Button<\/b><br \/>\n<b>Pi\u0119\u0107 czerwonych ko\u015bci do gry<\/b><br \/>\n<b>Dwie talie kart w rozmiarze pokerowym (czerwona i niebieska)<\/b><br \/>\n<b>Walizka z tworzywa i aluminium wraz z kluczykami<\/b><br \/>\nWaga zestawu: 8,5 kg.<\/p>\n<p><strong>PRODUCENT<\/strong><br \/>\nNingbo Evergreen Enterprise Co.,Ltd.<br \/>\n<strong>ADRES<\/strong><br \/>\nChiny, #19 Jingang Road,Ningdong Industrial Zone,Liyang Town,Ninghai, Ningbo\u00a0315000<br \/>\n<strong>KONTAKT<\/strong><br \/>\nbettyhu@evergreenchina.com<\/p>\n<p><strong>OSOBA ODPOWIEDZIALNA <\/strong><br \/>\nFirma Handlowa PULIO Krzysztof Gebel<br \/>\n<strong>ADRES<\/strong><br \/>\nKolejowa 3, 55-040 Bielany Wroc\u0142awskie<br \/>\n<strong>KONTAKT<\/strong><br \/>\ntel. +48 71 352 07 80<br \/>\nbiuro@pulio.pl<\/p>\n<\/div>\n<\/div>\n","protected":false},"excerpt":{"rendered":"<p>EVERGREEN Zestaw 500 \u017ceton\u00f3w DICE do pokera w aluminiowej walizce Nr kat.: 1128238 Wysokiej jako\u015bci zestaw 500 \u017ceton\u00f3w do gry<\/p>\n","protected":false},"featured_media":12042,"comment_status":"closed","ping_status":"closed","template":"","meta":[],"product_brand":[],"product_cat":[137],"product_tag":[],"class_list":{"0":"post-11989","1":"product","2":"type-product","3":"status-publish","4":"has-post-thumbnail","6":"product_cat-zestawy-do-pokera","8":"first","9":"outofstock","10":"shipping-taxable","11":"purchasable","12":"product-type-simple"},"_links":{"self":[{"href":"https:\/\/gambler.m2web.pl\/index.php?rest_route=\/wp\/v2\/product\/11989","targetHints":{"allow":["GET"]}}],"collection":[{"href":"https:\/\/gambler.m2web.pl\/index.php?rest_route=\/wp\/v2\/product"}],"about":[{"href":"https:\/\/gambler.m2web.pl\/index.php?rest_route=\/wp\/v2\/types\/product"}],"replies":[{"embeddable":true,"href":"https:\/\/gambler.m2web.pl\/index.php?rest_route=%2Fwp%2Fv2%2Fcomments&post=11989"}],"version-history":[{"count":1,"href":"https:\/\/gambler.m2web.pl\/index.php?rest_route=\/wp\/v2\/product\/11989\/revisions"}],"predecessor-version":[{"id":12043,"href":"https:\/\/gambler.m2web.pl\/index.php?rest_route=\/wp\/v2\/product\/11989\/revisions\/12043"}],"wp:featuredmedia":[{"embeddable":true,"href":"https:\/\/gambler.m2web.pl\/index.php?rest_route=\/wp\/v2\/media\/12042"}],"wp:attachment":[{"href":"https:\/\/gambler.m2web.pl\/index.php?rest_route=%2Fwp%2Fv2%2Fmedia&parent=11989"}],"wp:term":[{"taxonomy":"product_brand","embeddable":true,"href":"https:\/\/gambler.m2web.pl\/index.php?rest_route=%2Fwp%2Fv2%2Fproduct_brand&post=11989"},{"taxonomy":"product_cat","embeddable":true,"href":"https:\/\/gambler.m2web.pl\/index.php?rest_route=%2Fwp%2Fv2%2Fproduct_cat&post=11989"},{"taxonomy":"product_tag","embeddable":true,"href":"https:\/\/gambler.m2web.pl\/index.php?rest_route=%2Fwp%2Fv2%2Fproduct_tag&post=11989"}],"curies":[{"name":"wp","href":"https:\/\/api.w.org\/{rel}","templated":true}]}}